{"id":44322,"date":"2024-02-02T05:04:44","date_gmt":"2024-02-02T05:04:44","guid":{"rendered":"https:\/\/e.kosmolat.eu\/product\/deba-roku-krems-natural-beauty-cocoa-75-ml\/"},"modified":"2026-04-22T11:20:51","modified_gmt":"2026-04-22T11:20:51","slug":"deba-roku-krems-natural-beauty-cocoa-75-ml","status":"publish","type":"product","link":"https:\/\/e.kosmolat.eu\/lt\/produktas\/deba-roku-krems-natural-beauty-cocoa-75-ml\/","title":{"rendered":"DeBa NATURAL BEAUTY Intensyviai maitinamas rank\u0173 ir nag\u0173 kremas su kakavos sviestu, taukmed\u017ei\u0173 svies"},"content":{"rendered":"<p>Ramina, dr\u0117kina ir maitina rank\u0173 od\u0105. Praturtintas kakavos sviestu, vitaminu E ir taukmed\u017ei\u0173 sviestu, kad pamaitint\u0173 saus\u0105 ir pleiskanojan\u010di\u0105 od\u0105. Kasdienis naudojimas prisideda prie odos komforto ir elastingumo. Apsaugo nuo neigiamo \u0161al\u010dio ir v\u0117jo poveikio.<\/p>\n<p><strong>Naudojimas: <\/strong>Tepkite krem\u0105 ant \u0161vari\u0173 ir saus\u0173 rank\u0173.&nbsp;&Scaron;velniai \u012ftrinkite \u012f rank\u0173 ir nag\u0173 od\u0105, kol visi\u0161kai \u012fsigers.<br \/>\n&nbsp;<\/p>\n","protected":false},"excerpt":{"rendered":"<p>Ramina, dr\u0117kina ir maitina rank\u0173 od\u0105. Praturtintas kakavos sviestu, vitaminu E ir taukmed\u017ei\u0173 sviestu, kad pamaitint\u0173 saus\u0105 ir pleiskanojan\u010di\u0105 od\u0105. Kasdienis naudojimas prisideda prie odos komforto ir elastingumo. Apsaugo nuo neigiamo \u0161al\u010dio ir v\u0117jo poveikio. Naudojimas: Tepkite krem\u0105 ant \u0161vari\u0173 ir saus\u0173 rank\u0173.&nbsp;&Scaron;velniai \u012ftrinkite \u012f rank\u0173 ir nag\u0173 od\u0105, kol visi\u0161kai \u012fsigers. &nbsp;<\/p>\n","protected":false},"featured_media":102210,"template":"","meta":[],"product_cat":[2181],"product_tag":[],"class_list":{"0":"post-44322","1":"product","2":"type-product","3":"status-publish","4":"has-post-thumbnail","6":"product_brand-rubella-bg-lt","7":"product_cat-bez-kategorijas-lt","9":"first","10":"instock","11":"taxable","12":"shipping-taxable","13":"product-type-simple"},"_links":{"self":[{"href":"https:\/\/e.kosmolat.eu\/lt\/wp-json\/wp\/v2\/product\/44322","targetHints":{"allow":["GET"]}}],"collection":[{"href":"https:\/\/e.kosmolat.eu\/lt\/wp-json\/wp\/v2\/product"}],"about":[{"href":"https:\/\/e.kosmolat.eu\/lt\/wp-json\/wp\/v2\/types\/product"}],"wp:featuredmedia":[{"embeddable":true,"href":"https:\/\/e.kosmolat.eu\/lt\/wp-json\/wp\/v2\/media\/102210"}],"wp:attachment":[{"href":"https:\/\/e.kosmolat.eu\/lt\/wp-json\/wp\/v2\/media?parent=44322"}],"wp:term":[{"taxonomy":"product_cat","embeddable":true,"href":"https:\/\/e.kosmolat.eu\/lt\/wp-json\/wp\/v2\/product_cat?post=44322"},{"taxonomy":"product_tag","embeddable":true,"href":"https:\/\/e.kosmolat.eu\/lt\/wp-json\/wp\/v2\/product_tag?post=44322"}],"curies":[{"name":"wp","href":"https:\/\/api.w.org\/{rel}","templated":true}]}}