{"id":44318,"date":"2024-02-02T05:04:27","date_gmt":"2024-02-02T05:04:27","guid":{"rendered":"https:\/\/e.kosmolat.eu\/product\/mr-hd-roku-krems-ar-5-urinv-75-ml\/"},"modified":"2026-04-23T07:43:42","modified_gmt":"2026-04-23T07:43:42","slug":"mr-hd-roku-krems-ar-5-urinv-75-ml","status":"publish","type":"product","link":"https:\/\/e.kosmolat.eu\/lt\/produktas\/mr-hd-roku-krems-ar-5-urinv-75-ml\/","title":{"rendered":"Mellor &#038; Russell Heavy Duty rank\u0173 kremas su 5% karbamidu Urea, 75 ml"},"content":{"rendered":"<p>Rank\u0173 kremas su 5% karbamidu, migdol\u0173 ir kanapi\u0173 aliejumi.&nbsp;Intensyvi formul\u0117, sukurta specialiai labai sausai ir suskeld\u0117jusiai rank\u0173 odai. Veiksmingas veikli\u0173j\u0173 med\u017eiag\u0173 derinys skatina greit\u0105 atsigavim\u0105 ir gili\u0105 mityb\u0105. Kremas greitai susigeria ir nepalieka riebi\u0173 \u017eymi\u0173. Oda pamaitinta, &scaron;velni ir lygi. Tinka sausai ir suskeld\u0117jusiai odai.<\/p>\n<p><strong>Aktyv\u016bs ingredientai:<\/strong><\/p>\n<ul>\n<li>5% karbamidas UREA &ndash; dr\u0117kina<\/li>\n<li>Migdol\u0173 aliejus &ndash; maitina<\/li>\n<li>Kanapi\u0173 s\u0117kl\u0173 aliejus &ndash; dr\u0117kina<\/li>\n<li>\u017dagreni\u0173 ekstraktas &ndash; atkuria<\/li>\n<\/ul>\n<p><strong>Naudojimas:<\/strong> tepkite lengvais masa\u017eo judesiais, kol visi&scaron;kai \u012fsigers. Patekus \u012f akis, kruop&scaron;\u010diai nuplaukite vandeniu.<br \/>\n&nbsp;<\/p>\n","protected":false},"excerpt":{"rendered":"<p>Rank\u0173 kremas su 5% karbamidu, migdol\u0173 ir kanapi\u0173 aliejumi.&nbsp;Intensyvi formul\u0117, sukurta specialiai labai sausai ir suskeld\u0117jusiai rank\u0173 odai. Veiksmingas veikli\u0173j\u0173 med\u017eiag\u0173 derinys skatina greit\u0105 atsigavim\u0105 ir gili\u0105 mityb\u0105. Kremas greitai susigeria ir nepalieka riebi\u0173 \u017eymi\u0173. Oda pamaitinta, &scaron;velni ir lygi. Tinka sausai ir suskeld\u0117jusiai odai. Aktyv\u016bs ingredientai: 5% karbamidas UREA &ndash; dr\u0117kina Migdol\u0173 aliejus &ndash; [&#8230;]\n","protected":false},"featured_media":89430,"template":"","meta":[],"product_cat":[1304],"product_tag":[],"class_list":{"0":"post-44318","1":"product","2":"type-product","3":"status-publish","4":"has-post-thumbnail","6":"product_brand-rubella-bg-lt","7":"product_cat-ranku-prieziuros-kosmetika","9":"first","10":"instock","11":"taxable","12":"shipping-taxable","13":"product-type-simple"},"_links":{"self":[{"href":"https:\/\/e.kosmolat.eu\/lt\/wp-json\/wp\/v2\/product\/44318","targetHints":{"allow":["GET"]}}],"collection":[{"href":"https:\/\/e.kosmolat.eu\/lt\/wp-json\/wp\/v2\/product"}],"about":[{"href":"https:\/\/e.kosmolat.eu\/lt\/wp-json\/wp\/v2\/types\/product"}],"wp:featuredmedia":[{"embeddable":true,"href":"https:\/\/e.kosmolat.eu\/lt\/wp-json\/wp\/v2\/media\/89430"}],"wp:attachment":[{"href":"https:\/\/e.kosmolat.eu\/lt\/wp-json\/wp\/v2\/media?parent=44318"}],"wp:term":[{"taxonomy":"product_cat","embeddable":true,"href":"https:\/\/e.kosmolat.eu\/lt\/wp-json\/wp\/v2\/product_cat?post=44318"},{"taxonomy":"product_tag","embeddable":true,"href":"https:\/\/e.kosmolat.eu\/lt\/wp-json\/wp\/v2\/product_tag?post=44318"}],"curies":[{"name":"wp","href":"https:\/\/api.w.org\/{rel}","templated":true}]}}