{"id":44310,"date":"2024-02-02T05:04:09","date_gmt":"2024-02-02T05:04:09","guid":{"rendered":"https:\/\/e.kosmolat.eu\/product\/inoph-pe-sejas-serums-ar-retinolu-30-ml\/"},"modified":"2026-04-20T10:10:55","modified_gmt":"2026-04-20T10:10:55","slug":"inoph-pe-sejas-serums-ar-retinolu-30-ml","status":"publish","type":"product","link":"https:\/\/e.kosmolat.eu\/lt\/produktas\/inoph-pe-sejas-serums-ar-retinolu-30-ml\/","title":{"rendered":"INOPHARM PURE ELEMENTS Veido serumas su retinoliu, 30 ml"},"content":{"rendered":"<p>Anti-sen\u0117jimo formul\u0117: stangrinantis serumas su 2% retinolio. Retinolis, dar \u017einomas kaip vitaminas A, laikomas vienu veiksmingiausi\u0173 ingredient\u0173 kovojant su rauk\u0161l\u0117mis ir l\u0117tina sen\u0117jimo procesus.<\/p>\n<p><strong>Naudojimas:<\/strong> U\u017ela\u0161inkite 4-5 la\u0161us nak\u010diai ant gerai nuvalytos ir sausos odos, vengdami aki\u0173 srities ir \u0161velniai masa\u017euokite. Prie\u0161 tepdami kit\u0105 produkt\u0105, leiskite odai visi\u0161kai i\u0161d\u017ei\u016bti.<br \/>\n&nbsp;<\/p>\n","protected":false},"excerpt":{"rendered":"<p>Anti-sen\u0117jimo formul\u0117: stangrinantis serumas su 2% retinolio. Retinolis, dar \u017einomas kaip vitaminas A, laikomas vienu veiksmingiausi\u0173 ingredient\u0173 kovojant su rauk\u0161l\u0117mis ir l\u0117tina sen\u0117jimo procesus. Naudojimas: U\u017ela\u0161inkite 4-5 la\u0161us nak\u010diai ant gerai nuvalytos ir sausos odos, vengdami aki\u0173 srities ir \u0161velniai masa\u017euokite. Prie\u0161 tepdami kit\u0105 produkt\u0105, leiskite odai visi\u0161kai i\u0161d\u017ei\u016bti. &nbsp;<\/p>\n","protected":false},"featured_media":105106,"template":"","meta":[],"product_cat":[1327],"product_tag":[],"class_list":{"0":"post-44310","1":"product","2":"type-product","3":"status-publish","4":"has-post-thumbnail","6":"product_brand-rubella-bg-lt","7":"product_cat-serumai","9":"first","10":"instock","11":"taxable","12":"shipping-taxable","13":"product-type-simple"},"_links":{"self":[{"href":"https:\/\/e.kosmolat.eu\/lt\/wp-json\/wp\/v2\/product\/44310","targetHints":{"allow":["GET"]}}],"collection":[{"href":"https:\/\/e.kosmolat.eu\/lt\/wp-json\/wp\/v2\/product"}],"about":[{"href":"https:\/\/e.kosmolat.eu\/lt\/wp-json\/wp\/v2\/types\/product"}],"wp:featuredmedia":[{"embeddable":true,"href":"https:\/\/e.kosmolat.eu\/lt\/wp-json\/wp\/v2\/media\/105106"}],"wp:attachment":[{"href":"https:\/\/e.kosmolat.eu\/lt\/wp-json\/wp\/v2\/media?parent=44310"}],"wp:term":[{"taxonomy":"product_cat","embeddable":true,"href":"https:\/\/e.kosmolat.eu\/lt\/wp-json\/wp\/v2\/product_cat?post=44310"},{"taxonomy":"product_tag","embeddable":true,"href":"https:\/\/e.kosmolat.eu\/lt\/wp-json\/wp\/v2\/product_tag?post=44310"}],"curies":[{"name":"wp","href":"https:\/\/api.w.org\/{rel}","templated":true}]}}