{"id":44302,"date":"2024-02-02T05:03:37","date_gmt":"2024-02-02T05:03:37","guid":{"rendered":"https:\/\/e.kosmolat.eu\/product\/inoph-pe-ella-sejai-un-kaklam-ar-naktssv-mezroz-bioel-un-evit-30-ml\/"},"modified":"2026-04-22T09:28:02","modified_gmt":"2026-04-22T09:28:02","slug":"inoph-pe-ella-sejai-un-kaklam-ar-naktssv-mezroz-bioel-un-evit-30-ml","status":"publish","type":"product","link":"https:\/\/e.kosmolat.eu\/lt\/produktas\/inoph-pe-ella-sejai-un-kaklam-ar-naktssv-mezroz-bioel-un-evit-30-ml\/","title":{"rendered":"INOPHARM PURE ELEMENTS Veido ir kaklo aliejus su nakvi\u0161\u0173, er\u0161k\u0117tuogi\u0173 ir vitamino E bioaliejais, 30"},"content":{"rendered":"<p>Turtinga formul\u0117: maitinantys nakvi\u0161\u0173 ir er\u0161k\u0117tuogi\u0173 bioaliejai. Er\u0161k\u0117tuogi\u0173 aliejus dr\u0117kina, l\u0117tina sen\u0117jimo procesus, skatina nat\u016bral\u0173 odos atsinaujinim\u0105 ir ilgiau i\u0161laiko j\u0105 \u0161vie\u017ei\u0105. Nakvi\u0161os gerina elastingum\u0105, sustiprina nat\u016brali\u0105 apsaugin\u0119 odos funkcij\u0105 ir padidina dr\u0117gm\u0117s lyg\u012f. Vitaminas E mink\u0161tina, suteikia elastingumo.<\/p>\n<p><strong>Naudojimas: <\/strong>tepkite veid\u0105 ir kakl\u0105, masa\u017euokite, kol visi\u0161kai \u012fsigers. Patekus \u012f akis, kruop\u0161\u010diai nuplaukite vandeniu.<br \/>\n&nbsp;<\/p>\n","protected":false},"excerpt":{"rendered":"<p>Turtinga formul\u0117: maitinantys nakvi\u0161\u0173 ir er\u0161k\u0117tuogi\u0173 bioaliejai. Er\u0161k\u0117tuogi\u0173 aliejus dr\u0117kina, l\u0117tina sen\u0117jimo procesus, skatina nat\u016bral\u0173 odos atsinaujinim\u0105 ir ilgiau i\u0161laiko j\u0105 \u0161vie\u017ei\u0105. Nakvi\u0161os gerina elastingum\u0105, sustiprina nat\u016brali\u0105 apsaugin\u0119 odos funkcij\u0105 ir padidina dr\u0117gm\u0117s lyg\u012f. Vitaminas E mink\u0161tina, suteikia elastingumo. Naudojimas: tepkite veid\u0105 ir kakl\u0105, masa\u017euokite, kol visi\u0161kai \u012fsigers. Patekus \u012f akis, kruop\u0161\u010diai nuplaukite vandeniu. &nbsp;<\/p>\n","protected":false},"featured_media":101550,"template":"","meta":[],"product_cat":[2181],"product_tag":[],"class_list":{"0":"post-44302","1":"product","2":"type-product","3":"status-publish","4":"has-post-thumbnail","6":"product_brand-rubella-bg-lt","7":"product_cat-bez-kategorijas-lt","9":"first","10":"instock","11":"taxable","12":"shipping-taxable","13":"product-type-simple"},"_links":{"self":[{"href":"https:\/\/e.kosmolat.eu\/lt\/wp-json\/wp\/v2\/product\/44302","targetHints":{"allow":["GET"]}}],"collection":[{"href":"https:\/\/e.kosmolat.eu\/lt\/wp-json\/wp\/v2\/product"}],"about":[{"href":"https:\/\/e.kosmolat.eu\/lt\/wp-json\/wp\/v2\/types\/product"}],"wp:featuredmedia":[{"embeddable":true,"href":"https:\/\/e.kosmolat.eu\/lt\/wp-json\/wp\/v2\/media\/101550"}],"wp:attachment":[{"href":"https:\/\/e.kosmolat.eu\/lt\/wp-json\/wp\/v2\/media?parent=44302"}],"wp:term":[{"taxonomy":"product_cat","embeddable":true,"href":"https:\/\/e.kosmolat.eu\/lt\/wp-json\/wp\/v2\/product_cat?post=44302"},{"taxonomy":"product_tag","embeddable":true,"href":"https:\/\/e.kosmolat.eu\/lt\/wp-json\/wp\/v2\/product_tag?post=44302"}],"curies":[{"name":"wp","href":"https:\/\/api.w.org\/{rel}","templated":true}]}}