{"id":44294,"date":"2024-02-02T05:03:18","date_gmt":"2024-02-02T05:03:18","guid":{"rendered":"https:\/\/e.kosmolat.eu\/product\/deba-nb-mitrin-matu-maska-ar-kokosr-un-organ-arganellu-500-ml\/"},"modified":"2026-04-22T08:11:07","modified_gmt":"2026-04-22T08:11:07","slug":"deba-nb-mitrin-matu-maska-ar-kokosr-un-organ-arganellu-500-ml","status":"publish","type":"product","link":"https:\/\/e.kosmolat.eu\/lt\/produktas\/deba-nb-mitrin-matu-maska-ar-kokosr-un-organ-arganellu-500-ml\/","title":{"rendered":"DeBa NATURAL BEAUTY Dr\u0117kinamoji plauk\u0173 kauk\u0117 su kokos\u0173 ir ekologi\u0161ku argano aliejumi, 500 ml"},"content":{"rendered":"<p>Kauk\u0117 ploniems ir silpniems plaukams su kokos\u0173 ir ekologi\u0161ku argan\u0173 aliejumi. Maitina plaukus, padaro juos \u0161velnius ir elastingus. 93% nat\u016brali\u0173 ingredient\u0173.<\/p>\n<p><strong>Naudojimas:<\/strong> tepkite ant i\u0161plaut\u0173 plauk\u0173, daugiausia d\u0117mesio skirdami sausiems galiukams. Palikite kelet\u0105 minu\u010di\u0173 ir nuplaukite.<br \/>\n&nbsp;<\/p>\n","protected":false},"excerpt":{"rendered":"<p>Kauk\u0117 ploniems ir silpniems plaukams su kokos\u0173 ir ekologi\u0161ku argan\u0173 aliejumi. Maitina plaukus, padaro juos \u0161velnius ir elastingus. 93% nat\u016brali\u0173 ingredient\u0173. Naudojimas: tepkite ant i\u0161plaut\u0173 plauk\u0173, daugiausia d\u0117mesio skirdami sausiems galiukams. Palikite kelet\u0105 minu\u010di\u0173 ir nuplaukite. &nbsp;<\/p>\n","protected":false},"featured_media":102243,"template":"","meta":[],"product_cat":[2181],"product_tag":[],"class_list":{"0":"post-44294","1":"product","2":"type-product","3":"status-publish","4":"has-post-thumbnail","6":"product_brand-rubella-bg-lt","7":"product_cat-bez-kategorijas-lt","9":"first","10":"instock","11":"taxable","12":"shipping-taxable","13":"product-type-simple"},"_links":{"self":[{"href":"https:\/\/e.kosmolat.eu\/lt\/wp-json\/wp\/v2\/product\/44294","targetHints":{"allow":["GET"]}}],"collection":[{"href":"https:\/\/e.kosmolat.eu\/lt\/wp-json\/wp\/v2\/product"}],"about":[{"href":"https:\/\/e.kosmolat.eu\/lt\/wp-json\/wp\/v2\/types\/product"}],"wp:featuredmedia":[{"embeddable":true,"href":"https:\/\/e.kosmolat.eu\/lt\/wp-json\/wp\/v2\/media\/102243"}],"wp:attachment":[{"href":"https:\/\/e.kosmolat.eu\/lt\/wp-json\/wp\/v2\/media?parent=44294"}],"wp:term":[{"taxonomy":"product_cat","embeddable":true,"href":"https:\/\/e.kosmolat.eu\/lt\/wp-json\/wp\/v2\/product_cat?post=44294"},{"taxonomy":"product_tag","embeddable":true,"href":"https:\/\/e.kosmolat.eu\/lt\/wp-json\/wp\/v2\/product_tag?post=44294"}],"curies":[{"name":"wp","href":"https:\/\/api.w.org\/{rel}","templated":true}]}}