{"id":44286,"date":"2024-02-02T05:03:04","date_gmt":"2024-02-02T05:03:04","guid":{"rendered":"https:\/\/e.kosmolat.eu\/product\/dental-tra-la-la-bernu-z-p-ar-m-zemenes-garsu-50-ml\/"},"modified":"2026-04-23T13:09:04","modified_gmt":"2026-04-23T13:09:04","slug":"dental-tra-la-la-bernu-z-p-ar-m-zemenes-garsu-50-ml","status":"publish","type":"product","link":"https:\/\/e.kosmolat.eu\/lt\/produktas\/dental-tra-la-la-bernu-z-p-ar-m-zemenes-garsu-50-ml\/","title":{"rendered":"DENTAL TRA-LA-LA vaiki\u0161ka gelin\u0117 dant\u0173 pasta  kramtomosios gumos skonio, 50 ml"},"content":{"rendered":"<p>U\u017etikrina veiksming\u0105 apsaug\u0105 nuo karieso ir jautri\u0173 vaik\u0173 dant\u0173 profilaktik\u0105. Kalcio laktatas maitina dantis kalciu ir stiprina dant\u0173 emal\u012f, o natrio monofluorofosfatas apsaugo nuo \u0117duonies. Malonus bra\u0161ki\u0173 skonis daro past\u0105 m\u0117gstamu bet kurio vaiko produktu.<\/p>\n<p><strong>Naudojimas ir atsargumo priemon\u0117s:<\/strong> jaunesniems nei 6 met\u0173 vaikams: naudokite \u017eirnio dyd\u017eio pastos ir i\u0161valykite dantis pri\u017ei\u016brint suaugusiajam, kad suma\u017eintum\u0117te galimyb\u0119 nuryti. Jei naudojate kitus produktus, kuri\u0173 sud\u0117tyje yra fluoro, pasitarkite su savo odontologu arba gydytoju. Sud\u0117tyje yra natrio monofluorofosfato. Natrio monofluorofosfato mas\u0117s dalis 0,065 % fluoro.<\/p>\n","protected":false},"excerpt":{"rendered":"<p>U\u017etikrina veiksming\u0105 apsaug\u0105 nuo karieso ir jautri\u0173 vaik\u0173 dant\u0173 profilaktik\u0105. Kalcio laktatas maitina dantis kalciu ir stiprina dant\u0173 emal\u012f, o natrio monofluorofosfatas apsaugo nuo \u0117duonies. Malonus bra\u0161ki\u0173 skonis daro past\u0105 m\u0117gstamu bet kurio vaiko produktu. Naudojimas ir atsargumo priemon\u0117s: jaunesniems nei 6 met\u0173 vaikams: naudokite \u017eirnio dyd\u017eio pastos ir i\u0161valykite dantis pri\u017ei\u016brint suaugusiajam, kad suma\u017eintum\u0117te [&#8230;]\n","protected":false},"featured_media":100820,"template":"","meta":[],"product_cat":[1337],"product_tag":[],"class_list":{"0":"post-44286","1":"product","2":"type-product","3":"status-publish","4":"has-post-thumbnail","6":"product_brand-rubella-bg-lt","7":"product_cat-burnos-higiena","9":"first","10":"instock","11":"taxable","12":"shipping-taxable","13":"product-type-simple"},"_links":{"self":[{"href":"https:\/\/e.kosmolat.eu\/lt\/wp-json\/wp\/v2\/product\/44286","targetHints":{"allow":["GET"]}}],"collection":[{"href":"https:\/\/e.kosmolat.eu\/lt\/wp-json\/wp\/v2\/product"}],"about":[{"href":"https:\/\/e.kosmolat.eu\/lt\/wp-json\/wp\/v2\/types\/product"}],"wp:featuredmedia":[{"embeddable":true,"href":"https:\/\/e.kosmolat.eu\/lt\/wp-json\/wp\/v2\/media\/100820"}],"wp:attachment":[{"href":"https:\/\/e.kosmolat.eu\/lt\/wp-json\/wp\/v2\/media?parent=44286"}],"wp:term":[{"taxonomy":"product_cat","embeddable":true,"href":"https:\/\/e.kosmolat.eu\/lt\/wp-json\/wp\/v2\/product_cat?post=44286"},{"taxonomy":"product_tag","embeddable":true,"href":"https:\/\/e.kosmolat.eu\/lt\/wp-json\/wp\/v2\/product_tag?post=44286"}],"curies":[{"name":"wp","href":"https:\/\/api.w.org\/{rel}","templated":true}]}}