{"id":44255,"date":"2024-02-01T14:29:01","date_gmt":"2024-02-01T14:29:01","guid":{"rendered":"https:\/\/e.kosmolat.eu\/product\/i_dk-maska-ekspress-atjaunosana-mirdzoss-izskats-pec-20-min\/"},"modified":"2025-09-19T16:35:04","modified_gmt":"2025-09-19T16:35:04","slug":"i_dk-maska-ekspress-atjaunosana-mirdzoss-izskats-pec-20-min","status":"publish","type":"product","link":"https:\/\/e.kosmolat.eu\/lt\/produktas\/i_dk-maska-ekspress-atjaunosana-mirdzoss-izskats-pec-20-min\/","title":{"rendered":"I_&#8221;DK&#8221; Veido kauk\u0117 ekspress-atstatymas 26g"},"content":{"rendered":"<p>Kauk\u0117 gali apsaugoti nuo matom\u0173 sen\u0117jimo po\u017eymi\u0173. Efektyviai pagerina odos pavir\u0161utini\u0173 sluoksni\u0173 geb\u0117jim\u0105 i\u0161laikyti dr\u0117gm\u0119. Atkuria apsaugin\u012f lipidin\u012f sluoksn\u012f, ma\u017eina odos jautrum\u0105, pa\u0161alina sausumo poj\u016bt\u012f ir pleiskanojim\u0105, suteikia elastingum\u0105. Intensyviai maitina ir dr\u0117kina od\u0105, atkuria ir pagerina odos spalv\u0105, tekst\u016br\u0105, suteikia jai \u017evilges\u012f, gaivum\u0105 ir stangrum\u0105. Tinka pavargusiai odai.<\/p>\n<p>Naudojimo b\u016bdas: u\u017ed\u0117kite kauk\u0119 ant \u0161varios veido odos. Nuimkite po 20-25 min. Skys\u010dio liku\u010dius \u0161velniai \u012ftrinkite \u012f od\u0105. U\u017etepkite veido krem\u0105. Vienkartiniam naudojimui.<\/p>\n<p>Laikymo s\u0105lygos: nuo +5\u00b0\u0421 iki +25\u00b0C.<\/p>\n","protected":false},"excerpt":{"rendered":"<p>Kauk\u0117 gali apsaugoti nuo matom\u0173 sen\u0117jimo po\u017eymi\u0173. Efektyviai pagerina odos pavir\u0161utini\u0173 sluoksni\u0173 geb\u0117jim\u0105 i\u0161laikyti dr\u0117gm\u0119. Atkuria apsaugin\u012f lipidin\u012f sluoksn\u012f, ma\u017eina odos jautrum\u0105, pa\u0161alina sausumo poj\u016bt\u012f ir pleiskanojim\u0105, suteikia elastingum\u0105. Intensyviai maitina ir dr\u0117kina od\u0105, atkuria ir pagerina odos spalv\u0105, tekst\u016br\u0105, suteikia jai \u017evilges\u012f, gaivum\u0105 ir stangrum\u0105. Tinka pavargusiai odai. Naudojimo b\u016bdas: u\u017ed\u0117kite kauk\u0119 ant \u0161varios [&#8230;]\n","protected":false},"featured_media":79778,"template":"","meta":[],"product_cat":[1369],"product_tag":[],"class_list":{"0":"post-44255","1":"product","2":"type-product","3":"status-publish","4":"has-post-thumbnail","6":"product_brand-malina-akcija-lt","7":"product_cat-veido-kaukes","9":"first","10":"outofstock","11":"taxable","12":"shipping-taxable","13":"product-type-simple"},"_links":{"self":[{"href":"https:\/\/e.kosmolat.eu\/lt\/wp-json\/wp\/v2\/product\/44255","targetHints":{"allow":["GET"]}}],"collection":[{"href":"https:\/\/e.kosmolat.eu\/lt\/wp-json\/wp\/v2\/product"}],"about":[{"href":"https:\/\/e.kosmolat.eu\/lt\/wp-json\/wp\/v2\/types\/product"}],"wp:featuredmedia":[{"embeddable":true,"href":"https:\/\/e.kosmolat.eu\/lt\/wp-json\/wp\/v2\/media\/79778"}],"wp:attachment":[{"href":"https:\/\/e.kosmolat.eu\/lt\/wp-json\/wp\/v2\/media?parent=44255"}],"wp:term":[{"taxonomy":"product_cat","embeddable":true,"href":"https:\/\/e.kosmolat.eu\/lt\/wp-json\/wp\/v2\/product_cat?post=44255"},{"taxonomy":"product_tag","embeddable":true,"href":"https:\/\/e.kosmolat.eu\/lt\/wp-json\/wp\/v2\/product_tag?post=44255"}],"curies":[{"name":"wp","href":"https:\/\/api.w.org\/{rel}","templated":true}]}}