{"id":44247,"date":"2024-02-01T14:28:38","date_gmt":"2024-02-01T14:28:38","guid":{"rendered":"https:\/\/e.kosmolat.eu\/product\/caramel-depilacijas-krems-jutigai-adai-pret-matinu-ieaugsanu-100-ml\/"},"modified":"2026-04-22T13:28:52","modified_gmt":"2026-04-22T13:28:52","slug":"lady-caramel-depilacijas-krems-jutigai-adai-pret-matinu-ieaugsanu-100-ml","status":"publish","type":"product","link":"https:\/\/e.kosmolat.eu\/lt\/produktas\/lady-caramel-depilacijas-krems-jutigai-adai-pret-matinu-ieaugsanu-100-ml\/","title":{"rendered":"LADY CARAMEL Depiliacinis kremas jautriai odai, 100 ml"},"content":{"rendered":"<p>Kakavos sviestas, avokadas ir papaja. Greitai ir neskausmingai pa&scaron;alina nenorimusp laukus. Efektyvus plaukams, augantiems skirtingomis kryptimis.<\/p>\n<p>Kremo savyb\u0117s, padaran\u010dios od\u0105 ideali\u0105:<\/p>\n<ul>\n<li>&scaron;velniai naikina plaukus -neleid\u017eia plaukeliams \u012faugti,<\/li>\n<li>dr\u0117kina ir mink&scaron;tina oda kakavos sviesto ir avokado aliejaus d\u0117ka,<\/li>\n<li>suteikia odai &scaron;velnumo.<\/li>\n<\/ul>\n<p>Po depiliacijos plaukai atauga su &scaron;velnesniais galiukais ir taip prailgina &scaron;velnios ir lygios odos poj\u016bt\u012f (be &scaron;ereli\u0173). Priemon\u0117 yra po nuolatine mikrobiologine ir labolatorine kontrole. Naudoti pagal instrukcij\u0105.<\/p>\n<p><strong>Naudojimo b\u016bdas:<\/strong>&nbsp;Su mentel\u0117s pagalba krem\u0105 tolygiai u\u017etepti ant norimo odos ploto. NE\u012eTRINTI! kREM\u0104 PALIKTI ANT ODOS 5-10 minu\u010di\u0173. NELEISTI I&Scaron;D\u017dI\u016aTI! Pa&scaron;alinti krem\u0105 mentel\u0117s pagalba, braukti i&scaron; apa\u010dios \u012f vir&scaron;\u0173. Po depiliacijos od\u0105 nuplauti v\u0117siu vandeniu be muilo ir nu&scaron;luostyti rank&scaron;luo&scaron;\u010diu.<\/p>\n<p><strong>Rekomenduojama:<\/strong> Prie&scaron; depiliacij\u0105 padaryti jautrios odos test\u0105: nedidel\u012f kremo kiek\u012f u\u017etepti ant vidin\u0117s rankos pus\u0117s, palikyti 10min., nuplauti v\u0117siu vandeniu. Jei per 24val. ant odos neatsirado sudirgimo-galima depiliuoti. Netepti priemon\u0117s ant pa\u017eeistos, sudirgusios arba stipriai \u012fdegusios odos. Nenaudoti gilios bikinio zonos depiliacijai. 24val. po depiliacjos negalima naudotis dezodorantais ir kvepalais. I&scaron;kart po depiliacijos negalima degintis saul\u0117je arba soliariume.<\/p>\n<p><strong>D\u0117mesio!<\/strong> Stipraus poveikio priemon\u0117! Saugoti nuo vaik\u0173! Nenaudoti vaido plauk\u0173 depiliacijai. Vengti priemon\u0117s patekimo \u012f aki sarba gleivin\u0119. Patekimo atveju praplauti dideliu kiekiu vandens ir esant b\u016btinybei kreiptis \u012f gydytoj\u0105.<\/p>\n<p><strong>Laikymo s\u0105lygos: <\/strong>nuo +5 &deg; C iki +25 &deg; C.<\/p>\n","protected":false},"excerpt":{"rendered":"<p>Kakavos sviestas, avokadas ir papaja. Greitai ir neskausmingai pa&scaron;alina nenorimusp laukus. Efektyvus plaukams, augantiems skirtingomis kryptimis. Kremo savyb\u0117s, padaran\u010dios od\u0105 ideali\u0105: &scaron;velniai naikina plaukus -neleid\u017eia plaukeliams \u012faugti, dr\u0117kina ir mink&scaron;tina oda kakavos sviesto ir avokado aliejaus d\u0117ka, suteikia odai &scaron;velnumo. Po depiliacijos plaukai atauga su &scaron;velnesniais galiukais ir taip prailgina &scaron;velnios ir lygios odos poj\u016bt\u012f [&#8230;]\n","protected":false},"featured_media":78994,"template":"","meta":[],"product_cat":[2181],"product_tag":[],"class_list":{"0":"post-44247","1":"product","2":"type-product","3":"status-publish","4":"has-post-thumbnail","6":"product_brand-elfa_ua-lt","7":"product_cat-bez-kategorijas-lt","9":"first","10":"instock","11":"taxable","12":"shipping-taxable","13":"product-type-simple"},"_links":{"self":[{"href":"https:\/\/e.kosmolat.eu\/lt\/wp-json\/wp\/v2\/product\/44247","targetHints":{"allow":["GET"]}}],"collection":[{"href":"https:\/\/e.kosmolat.eu\/lt\/wp-json\/wp\/v2\/product"}],"about":[{"href":"https:\/\/e.kosmolat.eu\/lt\/wp-json\/wp\/v2\/types\/product"}],"wp:featuredmedia":[{"embeddable":true,"href":"https:\/\/e.kosmolat.eu\/lt\/wp-json\/wp\/v2\/media\/78994"}],"wp:attachment":[{"href":"https:\/\/e.kosmolat.eu\/lt\/wp-json\/wp\/v2\/media?parent=44247"}],"wp:term":[{"taxonomy":"product_cat","embeddable":true,"href":"https:\/\/e.kosmolat.eu\/lt\/wp-json\/wp\/v2\/product_cat?post=44247"},{"taxonomy":"product_tag","embeddable":true,"href":"https:\/\/e.kosmolat.eu\/lt\/wp-json\/wp\/v2\/product_tag?post=44247"}],"curies":[{"name":"wp","href":"https:\/\/api.w.org\/{rel}","templated":true}]}}