{"id":44239,"date":"2024-02-01T14:28:09","date_gmt":"2024-02-01T14:28:09","guid":{"rendered":"https:\/\/e.kosmolat.eu\/product\/dr-sante-aloe-vera-viegla-kemmes-matu-sprejs-visiem-matu-tip-150-ml\/"},"modified":"2026-04-22T09:13:47","modified_gmt":"2026-04-22T09:13:47","slug":"dr-sante-aloe-vera-viegla-kemmes-matu-sprejs-visiem-matu-tip-150-ml","status":"publish","type":"product","link":"https:\/\/e.kosmolat.eu\/lt\/produktas\/dr-sante-aloe-vera-viegla-kemmes-matu-sprejs-visiem-matu-tip-150-ml\/","title":{"rendered":"DR. SANTE Aloe Vera Lengvai i\u0161\u0161ukuojamas pur\u0161kiklis vis\u0173 tip\u0173 plaukams, 150 ml"},"content":{"rendered":"<p>Vienas lengvas judesys ir pur&scaron;kiklis puikiai sudr\u0117kins, suteiks blizgesio ir apimties plaukams. Greitai pa&scaron;alina statin\u0119 \u012ftamp\u0105, palengvina &scaron;ukavim\u0105 ir formavim\u0105.<\/p>\n<ul>\n<li>Pur&scaron;kiklis pagamintas i&scaron; gryn\u0173 alavij\u0173 sul\u010di\u0173.<\/li>\n<li>Biologi&scaron;kai aktyvios alavijo med\u017eiagos (polisacharidai, vitaminai, aminor\u016bg&scaron;tys) maitina ir dr\u0117kina plauk\u0173 odel\u0119.<\/li>\n<li>Keratinas atkuria pa\u017eeist\u0105 plauk\u0173 strukt\u016br\u0105.<\/li>\n<li>Dilg\u0117li\u0173 ekstraktas suteikia plaukams \u017evilgesio ir &scaron;ilkingumo.<\/li>\n<\/ul>\n<p>Vienas lengvas judesys ir pur&scaron;kiklis puikiai sudr\u0117kins ir sustiprins &scaron;aknis, suteiks plaukams \u017evilgesio ir apimties. Greitai pa&scaron;alina statin\u0119 \u012ftamp\u0105, tod\u0117l lengviau &scaron;ukuoti ir formuoti.<\/p>\n<p><strong>Naudojimas:<\/strong> tolygiai paskirstykite ant saus\u0173 arba dr\u0117gn\u0173 plauk\u0173. Nenuplaukite. Galima naudoti kasdien.<\/p>\n<p><strong>Atsargumo priemon\u0117s:<\/strong> patekus \u012f akis, praplauti vandeniu.<\/p>\n<p>Laikyti nuo +5 &deg;C iki +25 &deg;C temperat\u016broje.<br \/>\n&nbsp;<\/p>\n","protected":false},"excerpt":{"rendered":"<p>Vienas lengvas judesys ir pur&scaron;kiklis puikiai sudr\u0117kins, suteiks blizgesio ir apimties plaukams. Greitai pa&scaron;alina statin\u0119 \u012ftamp\u0105, palengvina &scaron;ukavim\u0105 ir formavim\u0105. Pur&scaron;kiklis pagamintas i&scaron; gryn\u0173 alavij\u0173 sul\u010di\u0173. Biologi&scaron;kai aktyvios alavijo med\u017eiagos (polisacharidai, vitaminai, aminor\u016bg&scaron;tys) maitina ir dr\u0117kina plauk\u0173 odel\u0119. Keratinas atkuria pa\u017eeist\u0105 plauk\u0173 strukt\u016br\u0105. Dilg\u0117li\u0173 ekstraktas suteikia plaukams \u017evilgesio ir &scaron;ilkingumo. Vienas lengvas judesys ir pur&scaron;kiklis [&#8230;]\n","protected":false},"featured_media":83030,"template":"","meta":[],"product_cat":[2181],"product_tag":[],"class_list":{"0":"post-44239","1":"product","2":"type-product","3":"status-publish","4":"has-post-thumbnail","6":"product_brand-elfa_ua-lt","7":"product_cat-bez-kategorijas-lt","9":"first","10":"instock","11":"taxable","12":"shipping-taxable","13":"product-type-simple"},"_links":{"self":[{"href":"https:\/\/e.kosmolat.eu\/lt\/wp-json\/wp\/v2\/product\/44239","targetHints":{"allow":["GET"]}}],"collection":[{"href":"https:\/\/e.kosmolat.eu\/lt\/wp-json\/wp\/v2\/product"}],"about":[{"href":"https:\/\/e.kosmolat.eu\/lt\/wp-json\/wp\/v2\/types\/product"}],"wp:featuredmedia":[{"embeddable":true,"href":"https:\/\/e.kosmolat.eu\/lt\/wp-json\/wp\/v2\/media\/83030"}],"wp:attachment":[{"href":"https:\/\/e.kosmolat.eu\/lt\/wp-json\/wp\/v2\/media?parent=44239"}],"wp:term":[{"taxonomy":"product_cat","embeddable":true,"href":"https:\/\/e.kosmolat.eu\/lt\/wp-json\/wp\/v2\/product_cat?post=44239"},{"taxonomy":"product_tag","embeddable":true,"href":"https:\/\/e.kosmolat.eu\/lt\/wp-json\/wp\/v2\/product_tag?post=44239"}],"curies":[{"name":"wp","href":"https:\/\/api.w.org\/{rel}","templated":true}]}}