{"id":44235,"date":"2024-02-01T14:27:53","date_gmt":"2024-02-01T14:27:53","guid":{"rendered":"https:\/\/e.kosmolat.eu\/product\/dr-s-keratin-maska-1-l-rus\/"},"modified":"2026-04-14T10:33:47","modified_gmt":"2026-04-14T10:33:47","slug":"dr-s-keratin-maska-1-l","status":"publish","type":"product","link":"https:\/\/e.kosmolat.eu\/lt\/produktas\/dr-s-keratin-maska-1-l\/","title":{"rendered":"DR.SANTE Keratin Kauk\u0117 pa\u017eeistiems plaukams, 1 l"},"content":{"rendered":"<p>Atstato plauk\u0173 strukt\u016br\u0105. Serijos pagrind\u0105 sudaro specialus Pro-Keratin Complex i&scaron; keratino, arginino ir kolageno, kuris atstato plauk\u0173 strukt\u016br\u0105. Kauk\u0117 su protein\u0173 kompleksu apsaugo plaukus nuo kenksmingo aplinkos poveikio (v\u0117jo, &scaron;al\u010dio, saul\u0117s), suteikia termin\u0119 apsaug\u0105 (d\u017eiovintuvai, tiesintuvai), apsaugo nuo l\u016b\u017ein\u0117jimo, dr\u0117kina ir maitina, palengvina &scaron;ukavim\u0105.<\/p>\n<p><strong>Naudojimo b\u016bdas:<\/strong>&nbsp;u\u017etepkite kauk\u0117s ant dr\u0117gn\u0173 &scaron;vari\u0173 plauk\u0173 &scaron;akn\u0173 ir paskirstykite per vis\u0105 ilg\u012f. Po 2-3 minu\u010di\u0173 nuplaukite vandeniu. Naudokite 1-2 kartus per savait\u0119.<\/p>\n<p><strong>Atsargumo priemon\u0117s:<\/strong> jei pateko \u012f akis, praplaukite vandeniu.<\/p>\n<p>Laikyti nuo +5&deg;C iki +25&deg;C temperat\u016broje.<\/p>\n","protected":false},"excerpt":{"rendered":"<p>Atstato plauk\u0173 strukt\u016br\u0105. Serijos pagrind\u0105 sudaro specialus Pro-Keratin Complex i&scaron; keratino, arginino ir kolageno, kuris atstato plauk\u0173 strukt\u016br\u0105. Kauk\u0117 su protein\u0173 kompleksu apsaugo plaukus nuo kenksmingo aplinkos poveikio (v\u0117jo, &scaron;al\u010dio, saul\u0117s), suteikia termin\u0119 apsaug\u0105 (d\u017eiovintuvai, tiesintuvai), apsaugo nuo l\u016b\u017ein\u0117jimo, dr\u0117kina ir maitina, palengvina &scaron;ukavim\u0105. Naudojimo b\u016bdas:&nbsp;u\u017etepkite kauk\u0117s ant dr\u0117gn\u0173 &scaron;vari\u0173 plauk\u0173 &scaron;akn\u0173 ir paskirstykite per [&#8230;]\n","protected":false},"featured_media":80874,"template":"","meta":[],"product_cat":[1256],"product_tag":[],"class_list":{"0":"post-44235","1":"product","2":"type-product","3":"status-publish","4":"has-post-thumbnail","6":"product_brand-elfa_ua-lt","7":"product_cat-plauku-kaukes","9":"first","10":"instock","11":"taxable","12":"shipping-taxable","13":"product-type-simple"},"_links":{"self":[{"href":"https:\/\/e.kosmolat.eu\/lt\/wp-json\/wp\/v2\/product\/44235","targetHints":{"allow":["GET"]}}],"collection":[{"href":"https:\/\/e.kosmolat.eu\/lt\/wp-json\/wp\/v2\/product"}],"about":[{"href":"https:\/\/e.kosmolat.eu\/lt\/wp-json\/wp\/v2\/types\/product"}],"wp:featuredmedia":[{"embeddable":true,"href":"https:\/\/e.kosmolat.eu\/lt\/wp-json\/wp\/v2\/media\/80874"}],"wp:attachment":[{"href":"https:\/\/e.kosmolat.eu\/lt\/wp-json\/wp\/v2\/media?parent=44235"}],"wp:term":[{"taxonomy":"product_cat","embeddable":true,"href":"https:\/\/e.kosmolat.eu\/lt\/wp-json\/wp\/v2\/product_cat?post=44235"},{"taxonomy":"product_tag","embeddable":true,"href":"https:\/\/e.kosmolat.eu\/lt\/wp-json\/wp\/v2\/product_tag?post=44235"}],"curies":[{"name":"wp","href":"https:\/\/api.w.org\/{rel}","templated":true}]}}