{"id":44161,"date":"2024-01-31T13:50:43","date_gmt":"2024-01-31T13:50:43","guid":{"rendered":"https:\/\/e.kosmolat.eu\/?post_type=product&#038;p=44161"},"modified":"2026-04-01T07:43:23","modified_gmt":"2026-04-01T07:43:23","slug":"bd-matejos-salvetes-sejai-ar-hialuronskabi-80-gab","status":"publish","type":"product","link":"https:\/\/e.kosmolat.eu\/lt\/produktas\/bd-matejos-salvetes-sejai-ar-hialuronskabi-80-gab\/","title":{"rendered":"BEAUTYDERM  Matinan\u010dios veido servet\u0117l\u0117s su hialurono r\u016bg\u0161timi, 80 vnt."},"content":{"rendered":"<p>Padeda atsikratyti riebaus veido blizgesio nelie\u010diant jo rankomis, o tai suma\u017eina bakterij\u0173 plitimo ant odos pavir&scaron;i\u0173 tikimyb\u0119. Servet\u0117l\u0117s akimirksniu sugeria riebal\u0173 pertekli\u0173, suteikdamos odai gaivi\u0105 i&scaron;vaizd\u0105 ir matin\u012f efekt\u0105. Matin\u012f suteikian\u010di\u0173 servet\u0117li\u0173 naudojimas nepa\u017eeid\u017eia makia\u017eo ir yra geriausia kosmetin\u0117s pudros alternatyva.<\/p>\n<p><strong>Naudojimo instrukcijos:<\/strong> I&scaron;imkite servet\u0117l\u0119 &nbsp;ir &scaron;velniai prispauskite prie veido, ypating\u0105 d\u0117mes\u012f skirdami kaktai, smakrui ir aplink nos\u012f. Naudokite pagal poreik\u012f vis\u0105 dien\u0105.<\/p>\n<p><strong>D\u0116MESIO: <\/strong>NENAUDOKITE SERVET\u0116S DU KARTUS! Prie&scaron; naudodami, tur\u0117tum\u0117te i&scaron;bandyti servet\u0117les nedideliame odos plote. Jei pasirei&scaron;kia alergin\u0117 reakcija, nustokite vartoti. Tik i&scaron;oriniam naudojimui. Naudokite kaip nurodyta. Galimas individualus jautrumas servet\u0117li\u0173 sudedamosioms dalims.<\/p>\n<p>Laikyti nuo +5 iki +25&deg;C temperat\u016broje ir 55-70% santykin\u0117je oro dr\u0117gm\u0117je, apsaugotoje nuo tiesiogini\u0173 saul\u0117s spinduli\u0173, ne ma\u017eesniu kaip 1 m atstumu nuo auk&scaron;tos temperat\u016bros &scaron;altini\u0173.<\/p>\n<p><strong>Geriausias:<\/strong> 36 m\u0117nesiai nuo pagaminimo datos.<br \/>\n&nbsp;<\/p>\n","protected":false},"excerpt":{"rendered":"<p>Padeda atsikratyti riebaus veido blizgesio nelie\u010diant jo rankomis, o tai suma\u017eina bakterij\u0173 plitimo ant odos pavir&scaron;i\u0173 tikimyb\u0119. Servet\u0117l\u0117s akimirksniu sugeria riebal\u0173 pertekli\u0173, suteikdamos odai gaivi\u0105 i&scaron;vaizd\u0105 ir matin\u012f efekt\u0105. Matin\u012f suteikian\u010di\u0173 servet\u0117li\u0173 naudojimas nepa\u017eeid\u017eia makia\u017eo ir yra geriausia kosmetin\u0117s pudros alternatyva. Naudojimo instrukcijos: I&scaron;imkite servet\u0117l\u0119 &nbsp;ir &scaron;velniai prispauskite prie veido, ypating\u0105 d\u0117mes\u012f skirdami kaktai, smakrui [&#8230;]\n","protected":false},"featured_media":90674,"template":"","meta":[],"product_cat":[1341],"product_tag":[],"class_list":{"0":"post-44161","1":"product","2":"type-product","3":"status-publish","4":"has-post-thumbnail","6":"product_brand-naturpro_ua-lt","7":"product_cat-valomosios-kaukes","9":"first","10":"instock","11":"taxable","12":"shipping-taxable","13":"product-type-simple"},"_links":{"self":[{"href":"https:\/\/e.kosmolat.eu\/lt\/wp-json\/wp\/v2\/product\/44161","targetHints":{"allow":["GET"]}}],"collection":[{"href":"https:\/\/e.kosmolat.eu\/lt\/wp-json\/wp\/v2\/product"}],"about":[{"href":"https:\/\/e.kosmolat.eu\/lt\/wp-json\/wp\/v2\/types\/product"}],"wp:featuredmedia":[{"embeddable":true,"href":"https:\/\/e.kosmolat.eu\/lt\/wp-json\/wp\/v2\/media\/90674"}],"wp:attachment":[{"href":"https:\/\/e.kosmolat.eu\/lt\/wp-json\/wp\/v2\/media?parent=44161"}],"wp:term":[{"taxonomy":"product_cat","embeddable":true,"href":"https:\/\/e.kosmolat.eu\/lt\/wp-json\/wp\/v2\/product_cat?post=44161"},{"taxonomy":"product_tag","embeddable":true,"href":"https:\/\/e.kosmolat.eu\/lt\/wp-json\/wp\/v2\/product_tag?post=44161"}],"curies":[{"name":"wp","href":"https:\/\/api.w.org\/{rel}","templated":true}]}}