{"id":44155,"date":"2024-01-31T13:26:40","date_gmt":"2024-01-31T13:26:40","guid":{"rendered":"https:\/\/e.kosmolat.eu\/?post_type=product&#038;p=44155"},"modified":"2026-04-01T07:43:09","modified_gmt":"2026-04-01T07:43:09","slug":"bd-sejas-krio-maska-fresh-mojito-10-ml","status":"publish","type":"product","link":"https:\/\/e.kosmolat.eu\/lt\/produktas\/bd-sejas-krio-maska-fresh-mojito-10-ml\/","title":{"rendered":"BEAUTYDERM Krio veido kauk\u0117 Fresh Mojito, 10 ml"},"content":{"rendered":"<p>Tonizuoja ir gaivina od\u0105, suma\u017eindama paburkim\u0105, taip pat suteikia lengv\u0105 malonaus v\u0117sumo poj\u016bt\u012f. Kauk\u0117je esan\u010dio mentolio d\u0117ka vizualiai suma\u017e\u0117ja odos netobulum\u0173 atsiradimas, ji atrodo matin\u0117 ir turi tolyg\u0173 atspalv\u012f.<\/p>\n<p><strong>Naudojimas:<\/strong> atidarykite pakuot\u0119 ir u\u017etepkite kauk\u0119 ant nuvalyto veido, vengdami odos aplink akis ir l\u016bpas. Po 10-15 minu\u010di\u0173 nuimkite sausu skudur\u0117liu, tada nuplaukite &scaron;iltu vandeniu.<\/p>\n<p><strong>Atsargumo priemon\u0117s:<\/strong>&nbsp;prie&scaron; naudodami kauk\u0119 turite i&scaron;bandyti ant nedidelio odos ploto. Jei pasirei&scaron;kia alergin\u0117 reakcija, nustokite vartoti. Tik i&scaron;oriniam naudojimui. Kauk\u0119 rekomenduojama naudoti i&scaron;kart atidarius pakuot\u0119. Patekus \u012f akis, gerai nuplauti dideliu kiekiu tekan\u010diu vandeniu. Galimas individualus jautrumas kauk\u0117s komponentams.<\/p>\n<p>Laikyti nuo +5 iki +25&deg;C temperat\u016broje ir 55-70% santykin\u0117je dr\u0117gm\u0117je, apsaugotoje nuo tiesiogini\u0173 saul\u0117s spinduli\u0173, ne ma\u017eesniu kaip 1 m atstumu nuo auk&scaron;tos temperat\u016bros &scaron;altini\u0173.<\/p>\n<p><strong>Geriausias: <\/strong>36 m\u0117nesiai nuo pagaminimo datos.<br \/>\n&nbsp;<\/p>\n","protected":false},"excerpt":{"rendered":"<p>Tonizuoja ir gaivina od\u0105, suma\u017eindama paburkim\u0105, taip pat suteikia lengv\u0105 malonaus v\u0117sumo poj\u016bt\u012f. Kauk\u0117je esan\u010dio mentolio d\u0117ka vizualiai suma\u017e\u0117ja odos netobulum\u0173 atsiradimas, ji atrodo matin\u0117 ir turi tolyg\u0173 atspalv\u012f. Naudojimas: atidarykite pakuot\u0119 ir u\u017etepkite kauk\u0119 ant nuvalyto veido, vengdami odos aplink akis ir l\u016bpas. Po 10-15 minu\u010di\u0173 nuimkite sausu skudur\u0117liu, tada nuplaukite &scaron;iltu vandeniu. Atsargumo [&#8230;]\n","protected":false},"featured_media":90670,"template":"","meta":[],"product_cat":[1369],"product_tag":[],"class_list":{"0":"post-44155","1":"product","2":"type-product","3":"status-publish","4":"has-post-thumbnail","6":"product_brand-naturpro_ua-lt","7":"product_cat-veido-kaukes","9":"first","10":"instock","11":"taxable","12":"shipping-taxable","13":"product-type-simple"},"_links":{"self":[{"href":"https:\/\/e.kosmolat.eu\/lt\/wp-json\/wp\/v2\/product\/44155","targetHints":{"allow":["GET"]}}],"collection":[{"href":"https:\/\/e.kosmolat.eu\/lt\/wp-json\/wp\/v2\/product"}],"about":[{"href":"https:\/\/e.kosmolat.eu\/lt\/wp-json\/wp\/v2\/types\/product"}],"wp:featuredmedia":[{"embeddable":true,"href":"https:\/\/e.kosmolat.eu\/lt\/wp-json\/wp\/v2\/media\/90670"}],"wp:attachment":[{"href":"https:\/\/e.kosmolat.eu\/lt\/wp-json\/wp\/v2\/media?parent=44155"}],"wp:term":[{"taxonomy":"product_cat","embeddable":true,"href":"https:\/\/e.kosmolat.eu\/lt\/wp-json\/wp\/v2\/product_cat?post=44155"},{"taxonomy":"product_tag","embeddable":true,"href":"https:\/\/e.kosmolat.eu\/lt\/wp-json\/wp\/v2\/product_tag?post=44155"}],"curies":[{"name":"wp","href":"https:\/\/api.w.org\/{rel}","templated":true}]}}