{"id":44143,"date":"2024-01-31T13:24:33","date_gmt":"2024-01-31T13:24:33","guid":{"rendered":"https:\/\/e.kosmolat.eu\/product\/suprim-skidrais-traipu-nonemejs-500-ml\/"},"modified":"2025-09-20T02:42:41","modified_gmt":"2025-09-20T02:42:41","slug":"suprim-skidrais-traipu-nonemejs-500-ml","status":"publish","type":"product","link":"https:\/\/e.kosmolat.eu\/lt\/produktas\/suprim-skidrais-traipu-nonemejs-500-ml\/","title":{"rendered":"SUPRIM Skystas d\u0117mi\u0173 valiklis, 500 ml"},"content":{"rendered":"<p><strong>Sud\u0117tis:<\/strong> ma\u017eiau kaip 5 % &nbsp;polikarboksilat\u0173, ma\u017eiau kaip 5 % amfoterini\u0173 aktyvi\u0173j\u0173 pavir&scaron;inio med\u017eiagos. Fermentai. &nbsp;Kvapai. Konservantai: Methylchloroisothiazolinone\/ Methylisothiazolinone.<\/p>\n<p><strong>Naudojimas:<\/strong>&nbsp;u\u017etepkite 2-3 ml d\u0117mi\u0173 valiklio ir dangteliu \u012ftrinkite \u012f d\u0117m\u0119 ir palikite ant d\u0117m\u0117s ne ilgiau kaip 10 minu\u010di\u0173. Tada skalbkite ma&scaron;inoje kaip \u012fprasta, \u012f skalbimo ma&scaron;in\u0105 \u012fpildami 1 dangtel\u012f d\u0117mi\u0173 valiklio ant \u012fprasto skalbini\u0173 ploviklio.<\/p>\n<p><strong>Atsargumo priemon\u0117s:<\/strong> PATEKUS \u012e AKIS: Kelias minutes atsargiai plauti vandeniu. I&scaron;imti kontaktinius l\u0119&scaron;ius, jeigu jie yra ir jeigu lengvai galima tai padaryti. Toliau plauti akis. Jei aki\u0173 dirginimas nepraeina: kreiptis \u012f gydytoj\u0105. Jeigu sudirginama oda: kreiptis \u012f gydytoj\u0105. Po naudojimo kruop&scaron;\u010diai nuplaukite rankas. Laikyti vaikams neprieinamoje vietoje.<\/p>\n<p><strong>Laikymo s\u0105lygos<\/strong>: laikyti gamintojo pakuot\u0117je nuo +5&deg;C iki +25&deg;C temperat\u016broje, o santykin\u0117 oro dr\u0117gm\u0117 ne didesn\u0117 kaip 95%, nuo tiesiogini\u0173 saul\u0117s spinduli\u0173 apsaugotose patalpose.<\/p>\n<p><strong>Geriausias<\/strong> &#8211; 36 m\u0117nesiai nuo pagaminimo datos.&nbsp;<\/p>\n","protected":false},"excerpt":{"rendered":"<p>Sud\u0117tis: ma\u017eiau kaip 5 % &nbsp;polikarboksilat\u0173, ma\u017eiau kaip 5 % amfoterini\u0173 aktyvi\u0173j\u0173 pavir&scaron;inio med\u017eiagos. Fermentai. &nbsp;Kvapai. Konservantai: Methylchloroisothiazolinone\/ Methylisothiazolinone. Naudojimas:&nbsp;u\u017etepkite 2-3 ml d\u0117mi\u0173 valiklio ir dangteliu \u012ftrinkite \u012f d\u0117m\u0119 ir palikite ant d\u0117m\u0117s ne ilgiau kaip 10 minu\u010di\u0173. Tada skalbkite ma&scaron;inoje kaip \u012fprasta, \u012f skalbimo ma&scaron;in\u0105 \u012fpildami 1 dangtel\u012f d\u0117mi\u0173 valiklio ant \u012fprasto skalbini\u0173 ploviklio. [&#8230;]\n","protected":false},"featured_media":90222,"template":"","meta":[],"product_cat":[1483],"product_tag":[],"class_list":{"0":"post-44143","1":"product","2":"type-product","3":"status-publish","4":"has-post-thumbnail","6":"product_brand-sontsa-by-lt","7":"product_cat-plovikliai","9":"first","10":"outofstock","11":"taxable","12":"shipping-taxable","13":"product-type-simple"},"_links":{"self":[{"href":"https:\/\/e.kosmolat.eu\/lt\/wp-json\/wp\/v2\/product\/44143","targetHints":{"allow":["GET"]}}],"collection":[{"href":"https:\/\/e.kosmolat.eu\/lt\/wp-json\/wp\/v2\/product"}],"about":[{"href":"https:\/\/e.kosmolat.eu\/lt\/wp-json\/wp\/v2\/types\/product"}],"wp:featuredmedia":[{"embeddable":true,"href":"https:\/\/e.kosmolat.eu\/lt\/wp-json\/wp\/v2\/media\/90222"}],"wp:attachment":[{"href":"https:\/\/e.kosmolat.eu\/lt\/wp-json\/wp\/v2\/media?parent=44143"}],"wp:term":[{"taxonomy":"product_cat","embeddable":true,"href":"https:\/\/e.kosmolat.eu\/lt\/wp-json\/wp\/v2\/product_cat?post=44143"},{"taxonomy":"product_tag","embeddable":true,"href":"https:\/\/e.kosmolat.eu\/lt\/wp-json\/wp\/v2\/product_tag?post=44143"}],"curies":[{"name":"wp","href":"https:\/\/api.w.org\/{rel}","templated":true}]}}