{"id":44103,"date":"2024-01-31T13:22:44","date_gmt":"2024-01-31T13:22:44","guid":{"rendered":"https:\/\/e.kosmolat.eu\/product\/pulcino-kondicionieris-bernu-velai-1-l\/"},"modified":"2025-09-20T02:41:20","modified_gmt":"2025-09-20T02:41:20","slug":"pulcino-kondicionieris-bernu-velai-1-l","status":"publish","type":"product","link":"https:\/\/e.kosmolat.eu\/lt\/produktas\/pulcino-kondicionieris-bernu-velai-1-l\/","title":{"rendered":"PULCINO Audini\u0173 mink\u0161tiklis vaiki\u0161kiems drabu\u017eiams, 1 l"},"content":{"rendered":"<p>Sukurta tam, kad vis\u0173 r\u016b&scaron;i\u0173 audini\u0173 skalbiniams suteikt\u0173 malon\u0173 aromat\u0105, mink&scaron;tum\u0105, pa&scaron;alint\u0173 statin\u012f efekt\u0105 ir palengvint\u0173 lyginim\u0105.<\/p>\n<p><strong>Naudojimas:<\/strong> supilkite 90 ml (2 dangtelius) 5 kg skalbini\u0173 \u012f special\u0173 skalbimo ma&scaron;inos skyrel\u012f kondicionieriui. Paskutinio skalavimo metu \u012f vanden\u012f \u012fpilkite 45 ml (1 kam&scaron;tel\u012f).<\/p>\n<p><strong>Sud\u0117tis:<\/strong> ma\u017eiau kaip, 5 % &nbsp;katijonini\u0173 aktyvi\u0173j\u0173 pavir&scaron;inio med\u017eiagos. Kvapai. Konservantai: Methylchloroisothiazolinone\/ Methylisothiazolinone&nbsp;<\/p>\n<p><strong>Laikymo s\u0105lygos:<\/strong> laikyti gamintojo pakuot\u0117je nuo +5&deg;C iki +25&deg;C temperat\u016broje, o santykin\u0117 oro dr\u0117gm\u0117 ne didesn\u0117 kaip 95%, nuo tiesiogini\u0173 saul\u0117s spinduli\u0173 apsaugotose patalpose.<\/p>\n<p><strong>Atsargumo priemon\u0117s:<\/strong> laikyti vaikams neprieinamoje vietoje. PATEKUS \u012e AKIS: Kelias minutes atsargiai plauti vandeniu. I&scaron;imti kontaktinius l\u0119&scaron;ius, jeigu jie yra ir jeigu lengvai galima tai padaryti. Toliau plauti akis. Po naudojimo kruop&scaron;\u010diai nuplaukite rankas. Laikykite atskirai nuo maisto produkt\u0173. Jei turite padid\u0117jus\u012f jautrum\u0105 arba pa\u017eeist\u0105 od\u0105, venkite ilgalaikio s\u0105ly\u010dio su plovikliu.&nbsp;<\/p>\n<p><strong>Geriausias:<\/strong> 24 m\u0117nesiai nuo pagaminimo datos. Pasibaigus tinkamumo laikui ir, jei reikia, gaminius ir pakuotes i&scaron;meskite kaip buitines atliekas.<\/p>\n","protected":false},"excerpt":{"rendered":"<p>Sukurta tam, kad vis\u0173 r\u016b&scaron;i\u0173 audini\u0173 skalbiniams suteikt\u0173 malon\u0173 aromat\u0105, mink&scaron;tum\u0105, pa&scaron;alint\u0173 statin\u012f efekt\u0105 ir palengvint\u0173 lyginim\u0105. Naudojimas: supilkite 90 ml (2 dangtelius) 5 kg skalbini\u0173 \u012f special\u0173 skalbimo ma&scaron;inos skyrel\u012f kondicionieriui. Paskutinio skalavimo metu \u012f vanden\u012f \u012fpilkite 45 ml (1 kam&scaron;tel\u012f). Sud\u0117tis: ma\u017eiau kaip, 5 % &nbsp;katijonini\u0173 aktyvi\u0173j\u0173 pavir&scaron;inio med\u017eiagos. Kvapai. Konservantai: Methylchloroisothiazolinone\/ Methylisothiazolinone&nbsp; [&#8230;]\n","protected":false},"featured_media":90202,"template":"","meta":[],"product_cat":[1712],"product_tag":[],"class_list":{"0":"post-44103","1":"product","2":"type-product","3":"status-publish","4":"has-post-thumbnail","6":"product_brand-sontsa-by-lt","7":"product_cat-audiniu-minkstikliai","9":"first","10":"outofstock","11":"taxable","12":"shipping-taxable","13":"product-type-simple"},"_links":{"self":[{"href":"https:\/\/e.kosmolat.eu\/lt\/wp-json\/wp\/v2\/product\/44103","targetHints":{"allow":["GET"]}}],"collection":[{"href":"https:\/\/e.kosmolat.eu\/lt\/wp-json\/wp\/v2\/product"}],"about":[{"href":"https:\/\/e.kosmolat.eu\/lt\/wp-json\/wp\/v2\/types\/product"}],"wp:featuredmedia":[{"embeddable":true,"href":"https:\/\/e.kosmolat.eu\/lt\/wp-json\/wp\/v2\/media\/90202"}],"wp:attachment":[{"href":"https:\/\/e.kosmolat.eu\/lt\/wp-json\/wp\/v2\/media?parent=44103"}],"wp:term":[{"taxonomy":"product_cat","embeddable":true,"href":"https:\/\/e.kosmolat.eu\/lt\/wp-json\/wp\/v2\/product_cat?post=44103"},{"taxonomy":"product_tag","embeddable":true,"href":"https:\/\/e.kosmolat.eu\/lt\/wp-json\/wp\/v2\/product_tag?post=44103"}],"curies":[{"name":"wp","href":"https:\/\/api.w.org\/{rel}","templated":true}]}}