{"id":44055,"date":"2024-01-31T13:20:34","date_gmt":"2024-01-31T13:20:34","guid":{"rendered":"https:\/\/e.kosmolat.eu\/product\/modum-skidras-saimn-ziepes-ar-organisk-kumelites-ekstraktu-925-ml\/"},"modified":"2025-09-20T02:39:53","modified_gmt":"2025-09-20T02:39:53","slug":"modum-skidras-saimn-ziepes-ar-org-kumelites-ekstraktu-925-ml","status":"publish","type":"product","link":"https:\/\/e.kosmolat.eu\/lt\/produktas\/modum-skidras-saimn-ziepes-ar-org-kumelites-ekstraktu-925-ml\/","title":{"rendered":"MODUM Skystas skalbini\u0173 muilas su ekologi\u0161ku ramun\u0117li\u0173 ekstraktu, 925 ml"},"content":{"rendered":"<p><strong>Naudojimas: <\/strong><\/p>\n<p><strong>Ind\u0173 plovimui: <\/strong>ant dr\u0117gnos kempin\u0117s u\u017etepkite muil\u0105, suputokite, i&scaron;plaukite indus ir gerai nuplaukite vandeniu.<br \/>\n<strong>&Scaron;lapiam valymui (grind\u0173, sien\u0173, pavir&scaron;i\u0173 plovimui): <\/strong>nedidel\u012f produkto kiek\u012f i&scaron;tirpinkite vandenyje, nuvalykite ne&scaron;var\u0173 pavir&scaron;i\u0173, tada nuplaukite vandeniu arba nuvalykite dr\u0117gna &scaron;luoste. Saugus j\u016bs\u0173 rankoms.<\/p>\n<p><strong>Atsargumo priemon\u0117s:<\/strong>&nbsp;odos sudirginimo, pa\u017eeidimo ar alergini\u0173 reakcij\u0173 atveju m\u016bv\u0117kite pir&scaron;tines.<\/p>\n<p><strong>EUH208 Sud\u0117tyje yra<\/strong> Metilhlorizotiazolinonas ir metilizotiazolinonas. Gali sukelti alergin\u0119 reakcij\u0105. PATEKUS \u012e AKIS: Kelias minutes atsargiai plauti vandeniu. I&scaron;imti kontaktinius l\u0119&scaron;ius, jeigu jie yra ir jeigu lengvai galima tai padaryti. Toliau plauti akis. Laikyti vaikams neprieinamoje vietoje.<\/p>\n<p><strong>Sud\u0117tis: <\/strong>5 % arba daugiau, bet ma\u017eiau kaip 15 % anijonini\u0173 &nbsp;aktyvi\u0173j\u0173 pavir&scaron;inio med\u017eiagos, ma\u017eiau kaip 5 % &nbsp;nejonini\u0173 &nbsp;aktyvi\u0173j\u0173 pavir&scaron;inio med\u017eiagos. Kvapai. Konservavimo med\u017eiaga: Benzyl Alcohol\/ Methylchlorisothiazolinone\/ Methylisothiazolinone. Da\u017eai.<\/p>\n<p>Laikyti nuo +5 &deg;\u0421 iki +25 &deg;\u0421 temperat\u016broje sausoje vietoje, toliau nuo &scaron;ildymo prietais\u0173, saugoti nuo tiesiogini\u0173 saul\u0117s spinduli\u0173.<\/p>\n","protected":false},"excerpt":{"rendered":"<p>Naudojimas: Ind\u0173 plovimui: ant dr\u0117gnos kempin\u0117s u\u017etepkite muil\u0105, suputokite, i&scaron;plaukite indus ir gerai nuplaukite vandeniu. &Scaron;lapiam valymui (grind\u0173, sien\u0173, pavir&scaron;i\u0173 plovimui): nedidel\u012f produkto kiek\u012f i&scaron;tirpinkite vandenyje, nuvalykite ne&scaron;var\u0173 pavir&scaron;i\u0173, tada nuplaukite vandeniu arba nuvalykite dr\u0117gna &scaron;luoste. Saugus j\u016bs\u0173 rankoms. Atsargumo priemon\u0117s:&nbsp;odos sudirginimo, pa\u017eeidimo ar alergini\u0173 reakcij\u0173 atveju m\u016bv\u0117kite pir&scaron;tines. EUH208 Sud\u0117tyje yra Metilhlorizotiazolinonas ir metilizotiazolinonas. [&#8230;]\n","protected":false},"featured_media":90178,"template":"","meta":[],"product_cat":[1544],"product_tag":[],"class_list":{"0":"post-44055","1":"product","2":"type-product","3":"status-publish","4":"has-post-thumbnail","6":"product_brand-modum_by-lt","7":"product_cat-grindims","9":"first","10":"outofstock","11":"taxable","12":"shipping-taxable","13":"product-type-simple"},"_links":{"self":[{"href":"https:\/\/e.kosmolat.eu\/lt\/wp-json\/wp\/v2\/product\/44055","targetHints":{"allow":["GET"]}}],"collection":[{"href":"https:\/\/e.kosmolat.eu\/lt\/wp-json\/wp\/v2\/product"}],"about":[{"href":"https:\/\/e.kosmolat.eu\/lt\/wp-json\/wp\/v2\/types\/product"}],"wp:featuredmedia":[{"embeddable":true,"href":"https:\/\/e.kosmolat.eu\/lt\/wp-json\/wp\/v2\/media\/90178"}],"wp:attachment":[{"href":"https:\/\/e.kosmolat.eu\/lt\/wp-json\/wp\/v2\/media?parent=44055"}],"wp:term":[{"taxonomy":"product_cat","embeddable":true,"href":"https:\/\/e.kosmolat.eu\/lt\/wp-json\/wp\/v2\/product_cat?post=44055"},{"taxonomy":"product_tag","embeddable":true,"href":"https:\/\/e.kosmolat.eu\/lt\/wp-json\/wp\/v2\/product_tag?post=44055"}],"curies":[{"name":"wp","href":"https:\/\/api.w.org\/{rel}","templated":true}]}}