{"id":44039,"date":"2024-01-31T13:19:50","date_gmt":"2024-01-31T13:19:50","guid":{"rendered":"https:\/\/e.kosmolat.eu\/product\/pro-retinol-12-vitamins-normalizejoss-sejas-fluids-50-g\/"},"modified":"2025-09-20T02:39:04","modified_gmt":"2025-09-20T02:39:04","slug":"pro-retinol-12-vitamins-normalizejoss-sejas-fluids-50-g","status":"publish","type":"product","link":"https:\/\/e.kosmolat.eu\/lt\/produktas\/pro-retinol-12-vitamins-normalizejoss-sejas-fluids-50-g\/","title":{"rendered":"MODUM Pro Retinol + 12 Vitamins Normalizuojantis fluidas veidui, 50 g"},"content":{"rendered":"<p>Normalizuojantis skystis skirtas riebiai ir mi&scaron;riai odai. Ma\u017eina blizges\u012f ir skatina kolageno sintez\u0119. 94% nat\u016brali\u0173 ingredient\u0173. Be silikon\u0173, alkoholio ir mineralini\u0173 alyv\u0173.<\/p>\n<p><strong>Vitamin\u0173 kompleksas:<\/strong><\/p>\n<ul>\n<li><strong>Pro Retinol (A)<\/strong> i&scaron;lygina smulkias rauk&scaron;leles, didina odos elastingum\u0105, aktyvina atsinaujinimo procesus, taip pat turi od\u0105 mink&scaron;tinant\u012f poveik\u012f.<\/li>\n<li><strong>Niacinamidas (B3) <\/strong>skatina kolageno sintez\u0119, dr\u0117kina, sutraukia poras, didina odos elastingum\u0105.<\/li>\n<li><strong>Vitaminas C<\/strong> saugo od\u0105 nuo prie&scaron;laikinio sen\u0117jimo, i&scaron;lygina odos atspalv\u012f ir tekst\u016br\u0105.<\/li>\n<li><strong>Vitaminas F<\/strong> greitai pa&scaron;alina sausum\u0105, pleiskanojim\u0105, atkuria odos elastingum\u0105.<\/li>\n<li><strong>Vitaminas P<\/strong> yra stiprus antioksidantas ir turi stiprinam\u0105j\u012f poveik\u012f.<\/li>\n<li><strong>Vitaminas E<\/strong> atnaujina l\u0105steles, kovoja su laisvaisiais radikalais, gerina l\u0105steli\u0173 prisotinim\u0105 deguonimi.<\/li>\n<li><strong>Nat\u016bralus vitamin\u0173 D, B1, B2, B6, B7, B9 &scaron;altinis (miel\u0117s)<\/strong> kovoja su prie&scaron;laikiniu sen\u0117jimu ir spuogais, u\u017etikrina sveik\u0105 odos spalv\u0105.<\/li>\n<li><strong>Vitaminas B5<\/strong> dr\u0117kina, atkuria ir skatina odos atsinaujinim\u0105.<\/li>\n<\/ul>\n<p><strong>Aktyv\u016bs komponentai:<\/strong><\/p>\n<ul>\n<li><strong>Cinko PCA <\/strong>matizuoja, sutraukia poras, padeda susidoroti su spuogais ir \u017eym\u0117mis po spuog\u0173.<\/li>\n<li><strong>Salicilo r\u016bg&scaron;tis<\/strong> reguliuoja sebumo gamyb\u0105, &scaron;viesina ink&scaron;tirus, i&scaron;lygina odos atspalv\u012f ir skaistina.<\/li>\n<\/ul>\n<p>Sud\u0117tyje yra vitamino A. Prie&scaron; naudojant atsi\u017evelgti \u012f paros doze.<\/p>\n<p><strong>Naudojimas: <\/strong>lengvais masa\u017eo judesiais tepkite ant &nbsp;nuvalytos veido odos.<\/p>\n<p>Laikyti nuo +5 &deg;C iki +25 &deg;C temperat\u016broje.<br \/>\n&nbsp;<\/p>\n","protected":false},"excerpt":{"rendered":"<p>Normalizuojantis skystis skirtas riebiai ir mi&scaron;riai odai. Ma\u017eina blizges\u012f ir skatina kolageno sintez\u0119. 94% nat\u016brali\u0173 ingredient\u0173. Be silikon\u0173, alkoholio ir mineralini\u0173 alyv\u0173. Vitamin\u0173 kompleksas: Pro Retinol (A) i&scaron;lygina smulkias rauk&scaron;leles, didina odos elastingum\u0105, aktyvina atsinaujinimo procesus, taip pat turi od\u0105 mink&scaron;tinant\u012f poveik\u012f. Niacinamidas (B3) skatina kolageno sintez\u0119, dr\u0117kina, sutraukia poras, didina odos elastingum\u0105. Vitaminas C [&#8230;]\n","protected":false},"featured_media":90166,"template":"","meta":[],"product_cat":[1327],"product_tag":[],"class_list":{"0":"post-44039","1":"product","2":"type-product","3":"status-publish","4":"has-post-thumbnail","6":"product_brand-modum_by-lt","7":"product_cat-serumai","9":"first","10":"outofstock","11":"taxable","12":"shipping-taxable","13":"product-type-simple"},"_links":{"self":[{"href":"https:\/\/e.kosmolat.eu\/lt\/wp-json\/wp\/v2\/product\/44039","targetHints":{"allow":["GET"]}}],"collection":[{"href":"https:\/\/e.kosmolat.eu\/lt\/wp-json\/wp\/v2\/product"}],"about":[{"href":"https:\/\/e.kosmolat.eu\/lt\/wp-json\/wp\/v2\/types\/product"}],"wp:featuredmedia":[{"embeddable":true,"href":"https:\/\/e.kosmolat.eu\/lt\/wp-json\/wp\/v2\/media\/90166"}],"wp:attachment":[{"href":"https:\/\/e.kosmolat.eu\/lt\/wp-json\/wp\/v2\/media?parent=44039"}],"wp:term":[{"taxonomy":"product_cat","embeddable":true,"href":"https:\/\/e.kosmolat.eu\/lt\/wp-json\/wp\/v2\/product_cat?post=44039"},{"taxonomy":"product_tag","embeddable":true,"href":"https:\/\/e.kosmolat.eu\/lt\/wp-json\/wp\/v2\/product_tag?post=44039"}],"curies":[{"name":"wp","href":"https:\/\/api.w.org\/{rel}","templated":true}]}}