{"id":44007,"date":"2024-01-31T13:18:26","date_gmt":"2024-01-31T13:18:26","guid":{"rendered":"https:\/\/e.kosmolat.eu\/product\/dr-s-smooth-relax-banana-hair-nogludinoss-matu-sprejs-150-ml\/"},"modified":"2025-09-20T02:37:32","modified_gmt":"2025-09-20T02:37:32","slug":"i_dr-s-smooth-relax-banana-hair-nogludinoss-matu-sprejs-150-ml","status":"publish","type":"product","link":"https:\/\/e.kosmolat.eu\/lt\/produktas\/i_dr-s-smooth-relax-banana-hair-nogludinoss-matu-sprejs-150-ml\/","title":{"rendered":"I_DR. SANTE Smooth Relax Banana Hair Lyginantis pur\u0161kiklis plaukams, 150 ml"},"content":{"rendered":"<p>Intensyvus plauk\u0173 glotnumas.&nbsp;<\/p>\n<p><strong>Naudojimas:<\/strong> paskirstyti ant dr\u0117gn\u0173 arba saus\u0173 plauk\u0173 15-20 cm atstumu.Neskalauti.<\/p>\n<p><strong>Atsargumo priemon\u0117s:<\/strong> patekus \u012f akis, praplauti vandeniu.<\/p>\n<p>Laikyti nuo +5 &deg;C iki +25 &deg;C temperat\u016broje.<br \/>\n&nbsp;<\/p>\n","protected":false},"excerpt":{"rendered":"<p>Intensyvus plauk\u0173 glotnumas.&nbsp; Naudojimas: paskirstyti ant dr\u0117gn\u0173 arba saus\u0173 plauk\u0173 15-20 cm atstumu.Neskalauti. Atsargumo priemon\u0117s: patekus \u012f akis, praplauti vandeniu. Laikyti nuo +5 &deg;C iki +25 &deg;C temperat\u016broje. &nbsp;<\/p>\n","protected":false},"featured_media":90142,"template":"","meta":[],"product_cat":[1345],"product_tag":[],"class_list":{"0":"post-44007","1":"product","2":"type-product","3":"status-publish","4":"has-post-thumbnail","6":"product_brand-elfa_ua-lt","7":"product_cat-kitos-plauku-prieziuros-priemones","9":"first","10":"outofstock","11":"taxable","12":"shipping-taxable","13":"product-type-simple"},"_links":{"self":[{"href":"https:\/\/e.kosmolat.eu\/lt\/wp-json\/wp\/v2\/product\/44007","targetHints":{"allow":["GET"]}}],"collection":[{"href":"https:\/\/e.kosmolat.eu\/lt\/wp-json\/wp\/v2\/product"}],"about":[{"href":"https:\/\/e.kosmolat.eu\/lt\/wp-json\/wp\/v2\/types\/product"}],"wp:featuredmedia":[{"embeddable":true,"href":"https:\/\/e.kosmolat.eu\/lt\/wp-json\/wp\/v2\/media\/90142"}],"wp:attachment":[{"href":"https:\/\/e.kosmolat.eu\/lt\/wp-json\/wp\/v2\/media?parent=44007"}],"wp:term":[{"taxonomy":"product_cat","embeddable":true,"href":"https:\/\/e.kosmolat.eu\/lt\/wp-json\/wp\/v2\/product_cat?post=44007"},{"taxonomy":"product_tag","embeddable":true,"href":"https:\/\/e.kosmolat.eu\/lt\/wp-json\/wp\/v2\/product_tag?post=44007"}],"curies":[{"name":"wp","href":"https:\/\/api.w.org\/{rel}","templated":true}]}}