{"id":43999,"date":"2024-01-31T13:18:05","date_gmt":"2024-01-31T13:18:05","guid":{"rendered":"https:\/\/e.kosmolat.eu\/product\/fj-vannas-sals-banans-un-melone-500-g\/"},"modified":"2026-04-17T07:01:07","modified_gmt":"2026-04-17T07:01:07","slug":"fj-vannas-sals-banans-un-melone-500-g","status":"publish","type":"product","link":"https:\/\/e.kosmolat.eu\/lt\/produktas\/fj-vannas-sals-banans-un-melone-500-g\/","title":{"rendered":"FRESH JUICE Vonios druska Bananas ir melionas, 500 g"},"content":{"rendered":"<p>Su banan\u0173, melion\u0173 ir monoi aliejaus ekstraktais Vonios druska apgaubs neprilygstamu aromatu, maloniu j\u016bs\u0173 k\u016bnui, leis jums jaustis \u012fkv\u0117ptiems ir energingiems. Druskos sud\u0117tis praturtinta banan\u0173 ir melion\u0173 ekstraktais, sud\u0117tyje yra monoi aliejaus, kuris dr\u0117kina ir mink&scaron;tina od\u0105.<\/p>\n<p><strong>Naudojimas: <\/strong>prie&scaron; naudojim\u0105 suplakti. &Scaron;ilto vandens vonel\u0117je (+ 37&deg;C) i&scaron;tirpinkite 100-150 g druskos ir i&scaron;simaudykite 15-20 min.<\/p>\n<p><strong>Atsargumo priemon\u0117s: <\/strong>padid\u0117j\u0119s individualus jautrumas atskiriems komponentams.<\/p>\n<p><strong>Geriausias:<\/strong> 36 m\u0117nesiai nuo pagaminimo datos.<\/p>\n<p>Laikyti nuo +5 &deg;C iki +25 &deg;C temperat\u016broje.<br \/>\n&nbsp;<\/p>\n<p>\n&nbsp;<\/p>\n","protected":false},"excerpt":{"rendered":"<p>Su banan\u0173, melion\u0173 ir monoi aliejaus ekstraktais Vonios druska apgaubs neprilygstamu aromatu, maloniu j\u016bs\u0173 k\u016bnui, leis jums jaustis \u012fkv\u0117ptiems ir energingiems. Druskos sud\u0117tis praturtinta banan\u0173 ir melion\u0173 ekstraktais, sud\u0117tyje yra monoi aliejaus, kuris dr\u0117kina ir mink&scaron;tina od\u0105. Naudojimas: prie&scaron; naudojim\u0105 suplakti. &Scaron;ilto vandens vonel\u0117je (+ 37&deg;C) i&scaron;tirpinkite 100-150 g druskos ir i&scaron;simaudykite 15-20 min. Atsargumo [&#8230;]\n","protected":false},"featured_media":90102,"template":"","meta":[],"product_cat":[2181],"product_tag":[],"class_list":{"0":"post-43999","1":"product","2":"type-product","3":"status-publish","4":"has-post-thumbnail","6":"product_brand-elfa_ua-lt","7":"product_cat-bez-kategorijas-lt","9":"first","10":"instock","11":"taxable","12":"shipping-taxable","13":"product-type-simple"},"_links":{"self":[{"href":"https:\/\/e.kosmolat.eu\/lt\/wp-json\/wp\/v2\/product\/43999","targetHints":{"allow":["GET"]}}],"collection":[{"href":"https:\/\/e.kosmolat.eu\/lt\/wp-json\/wp\/v2\/product"}],"about":[{"href":"https:\/\/e.kosmolat.eu\/lt\/wp-json\/wp\/v2\/types\/product"}],"wp:featuredmedia":[{"embeddable":true,"href":"https:\/\/e.kosmolat.eu\/lt\/wp-json\/wp\/v2\/media\/90102"}],"wp:attachment":[{"href":"https:\/\/e.kosmolat.eu\/lt\/wp-json\/wp\/v2\/media?parent=43999"}],"wp:term":[{"taxonomy":"product_cat","embeddable":true,"href":"https:\/\/e.kosmolat.eu\/lt\/wp-json\/wp\/v2\/product_cat?post=43999"},{"taxonomy":"product_tag","embeddable":true,"href":"https:\/\/e.kosmolat.eu\/lt\/wp-json\/wp\/v2\/product_tag?post=43999"}],"curies":[{"name":"wp","href":"https:\/\/api.w.org\/{rel}","templated":true}]}}