{"id":43983,"date":"2024-01-31T13:17:22","date_gmt":"2024-01-31T13:17:22","guid":{"rendered":"https:\/\/e.kosmolat.eu\/product\/omega-369-intens-balzams-matiem-ar-vertigam-ellam-180-g\/"},"modified":"2025-09-20T02:33:37","modified_gmt":"2025-09-20T02:33:37","slug":"omega-369-intens-balzams-matiem-ar-vertigam-ellam-180-g","status":"publish","type":"product","link":"https:\/\/e.kosmolat.eu\/lt\/produktas\/omega-369-intens-balzams-matiem-ar-vertigam-ellam-180-g\/","title":{"rendered":"BELKOSMEX Omega 369 Intensyvus plauk\u0173 balzamas su tauriaisiais aliejais, 180 g"},"content":{"rendered":"<ul>\n<li>100% ekologi&scaron;kas Inca Omega Oil aliejus normalizuoja galvos odos lipid\u0173 barjer\u0105 ir veiksmingai pa&scaron;alina diskomfort\u0105, susijus\u012f su pernelyg dideliu sausumu. Prisotindamas l\u0105steles omega 3,6,9 riebiosiomis r\u016bg&scaron;timis, maksimaliai maitina plauk\u0173 folikulus, sudarydamas s\u0105lygas augti sveikiems ir stipriems plaukams.<\/li>\n<li>Omega Plus &ndash; verting\u0173 saul\u0117gr\u0105\u017e\u0173, kukur\u016bz\u0173, sezam\u0173, makadamij\u0173 ir alyvuogi\u0173 aliej\u0173 kompleksas &ndash; atkuria plauk\u0173 strukt\u016br\u0105, saugo nuo trapumo, i&scaron;saus\u0117jimo ir galiuk\u0173 skilin\u0117jimo, daro nusilpusius ir trapius plaukus elastingus ir \u017evilgan\u010dius.<\/li>\n<li>&Scaron;velnus kondicionuojantis priedas apsaugo plaukus nuo pa\u017eeidim\u0173, palengvina i&scaron;&scaron;ukavim\u0105 ir suteikia jiems puik\u0173 glotnum\u0105 bei akinant\u012f blizges\u012f. Tinka da\u017enam naudojimui.<\/li>\n<\/ul>\n<p><strong>Naudojimas:<\/strong> paskirstykite ant &scaron;vari\u0173, dr\u0117gn\u0173 plauk\u0173 per vis\u0105 ilg\u012f, po 3-5 minu\u010di\u0173 i&scaron;skalaukite.<\/p>\n<p><strong>Atsargumo priemon\u0117s:<\/strong>&nbsp;patekus \u012f akis, gerai nuplauti vandeniu.<\/p>\n<p>Laikyti nuo +5 &deg;\u0421 iki +25 &deg;\u0421 temperat\u016broje sausoje vietoje, toliau nuo &scaron;ildymo prietais\u0173, saugoti nuo tiesiogini\u0173 saul\u0117s spinduli\u0173.&nbsp;<\/p>\n<p><strong>Geriausias: <\/strong>36 m\u0117nesiai nuo pagaminimo datos.<br \/>\n&nbsp;<\/p>\n","protected":false},"excerpt":{"rendered":"<p>100% ekologi&scaron;kas Inca Omega Oil aliejus normalizuoja galvos odos lipid\u0173 barjer\u0105 ir veiksmingai pa&scaron;alina diskomfort\u0105, susijus\u012f su pernelyg dideliu sausumu. Prisotindamas l\u0105steles omega 3,6,9 riebiosiomis r\u016bg&scaron;timis, maksimaliai maitina plauk\u0173 folikulus, sudarydamas s\u0105lygas augti sveikiems ir stipriems plaukams. Omega Plus &ndash; verting\u0173 saul\u0117gr\u0105\u017e\u0173, kukur\u016bz\u0173, sezam\u0173, makadamij\u0173 ir alyvuogi\u0173 aliej\u0173 kompleksas &ndash; atkuria plauk\u0173 strukt\u016br\u0105, saugo nuo [&#8230;]\n","protected":false},"featured_media":90086,"template":"","meta":[],"product_cat":[1640],"product_tag":[],"class_list":{"0":"post-43983","1":"product","2":"type-product","3":"status-publish","4":"has-post-thumbnail","6":"product_brand-belkosmex_by-lt","7":"product_cat-balzamai","9":"first","10":"outofstock","11":"taxable","12":"shipping-taxable","13":"product-type-simple"},"_links":{"self":[{"href":"https:\/\/e.kosmolat.eu\/lt\/wp-json\/wp\/v2\/product\/43983","targetHints":{"allow":["GET"]}}],"collection":[{"href":"https:\/\/e.kosmolat.eu\/lt\/wp-json\/wp\/v2\/product"}],"about":[{"href":"https:\/\/e.kosmolat.eu\/lt\/wp-json\/wp\/v2\/types\/product"}],"wp:featuredmedia":[{"embeddable":true,"href":"https:\/\/e.kosmolat.eu\/lt\/wp-json\/wp\/v2\/media\/90086"}],"wp:attachment":[{"href":"https:\/\/e.kosmolat.eu\/lt\/wp-json\/wp\/v2\/media?parent=43983"}],"wp:term":[{"taxonomy":"product_cat","embeddable":true,"href":"https:\/\/e.kosmolat.eu\/lt\/wp-json\/wp\/v2\/product_cat?post=43983"},{"taxonomy":"product_tag","embeddable":true,"href":"https:\/\/e.kosmolat.eu\/lt\/wp-json\/wp\/v2\/product_tag?post=43983"}],"curies":[{"name":"wp","href":"https:\/\/api.w.org\/{rel}","templated":true}]}}