{"id":43943,"date":"2024-01-31T13:15:27","date_gmt":"2024-01-31T13:15:27","guid":{"rendered":"https:\/\/e.kosmolat.eu\/product\/ch-lecithin-matu-samp-atjaunos-un-gludums-500-g\/"},"modified":"2025-09-20T02:32:20","modified_gmt":"2025-09-20T02:32:20","slug":"ch-lecithin-matu-samp-atjaunos-un-gludums-500-g","status":"publish","type":"product","link":"https:\/\/e.kosmolat.eu\/lt\/produktas\/ch-lecithin-matu-samp-atjaunos-un-gludums-500-g\/","title":{"rendered":"BELKOSMEX Clean hair lecithin+ \u0161amp\u016bnas plauk\u0173 atstatymui ir glotnumui, 500 g"},"content":{"rendered":"<p>&Scaron;amp\u016bnas idealiai tinka &scaron;velniam plon\u0173 ir pa\u017eeist\u0173 plauk\u0173 valymui. Priemon\u0117s formul\u0117 skirta atkurti ir rekonstruoti plaukus j\u0173 neapsunkinant, kovoja su skilin\u0117jan\u010diais plauk\u0173 galiukais, palengvina &scaron;ukavim\u0105.<\/p>\n<p><strong>LECITINAS (Lecitinas)<\/strong> yra unikalus fosfolipid\u0173 kompleksas, turintis teigiam\u0105 poveik\u012f plauk\u0173 ir galvos odos b\u016bklei. Lecitinas mink&scaron;tina ir dr\u0117kina galvos od\u0105, i&scaron;lygina plauk\u0173 strukt\u016br\u0105 ir skatina plauk\u0173 atstatym\u0105. Suteikia plaukams blizgesio, &scaron;ilkinio glotnumo ir sveikos i&scaron;vaizdos.<\/p>\n<p><strong>KERATINAS (Hidrolizuotas keratinas)<\/strong> &ndash; veiksmingiausias plauko strukt\u016brai artimas baltymas, kuris, prasiskverb\u0119s \u012f j\u012f, u\u017epildo tu&scaron;tumus, dr\u0117kina, sugr\u0105\u017eina pa\u017eeistiems plaukams stiprum\u0105, tankum\u0105 ir \u017evilges\u012f.<\/p>\n<p><strong>HIALURONO R\u016aG&Scaron;TIS (natrio hialuronatas)<\/strong> yra super drkiklis, sukuriantis apsaugin\u0119 pl\u0117vel\u0119, kuri sulaiko dr\u0117gm\u0119 ir neleid\u017eia jai i&scaron;garuoti. Apsaugo nuo sausumo ir galvos odos tempimo jausmo, sulaiko dr\u0117gm\u0119 plauko &scaron;erdyje, suteikdama jiems lankstumo, tvirtumo ir \u017evilgesio.<\/p>\n<p><strong>Naudojimas:<\/strong> paskirstykite ant dr\u0117gn\u0173 plauk\u0173, &scaron;velniai masa\u017euokite, kol susidarys putos, kruop&scaron;\u010diai i&scaron;skalaukite. Tinka kasdieniam naudojimui.<\/p>\n<p><strong>Atsargumo priemon\u0117s:<\/strong>&nbsp;patekus \u012f akis, gerai nuplauti vandeniu.<\/p>\n<p>Laikyti nuo +5 &deg;\u0421 iki +25 &deg;\u0421 temperat\u016broje sausoje vietoje, toliau nuo &scaron;ildymo prietais\u0173, saugoti nuo tiesiogini\u0173 saul\u0117s spinduli\u0173.<\/p>\n<p><strong>Geriausias:<\/strong> 36 m\u0117nesiai nuo pagaminimo datos.<br \/>\n&nbsp;<\/p>\n","protected":false},"excerpt":{"rendered":"<p>&Scaron;amp\u016bnas idealiai tinka &scaron;velniam plon\u0173 ir pa\u017eeist\u0173 plauk\u0173 valymui. Priemon\u0117s formul\u0117 skirta atkurti ir rekonstruoti plaukus j\u0173 neapsunkinant, kovoja su skilin\u0117jan\u010diais plauk\u0173 galiukais, palengvina &scaron;ukavim\u0105. LECITINAS (Lecitinas) yra unikalus fosfolipid\u0173 kompleksas, turintis teigiam\u0105 poveik\u012f plauk\u0173 ir galvos odos b\u016bklei. Lecitinas mink&scaron;tina ir dr\u0117kina galvos od\u0105, i&scaron;lygina plauk\u0173 strukt\u016br\u0105 ir skatina plauk\u0173 atstatym\u0105. Suteikia plaukams blizgesio, [&#8230;]\n","protected":false},"featured_media":90066,"template":"","meta":[],"product_cat":[1251],"product_tag":[],"class_list":{"0":"post-43943","1":"product","2":"type-product","3":"status-publish","4":"has-post-thumbnail","6":"product_brand-belkosmex_by-lt","7":"product_cat-sampunai","9":"first","10":"outofstock","11":"taxable","12":"shipping-taxable","13":"product-type-simple"},"_links":{"self":[{"href":"https:\/\/e.kosmolat.eu\/lt\/wp-json\/wp\/v2\/product\/43943","targetHints":{"allow":["GET"]}}],"collection":[{"href":"https:\/\/e.kosmolat.eu\/lt\/wp-json\/wp\/v2\/product"}],"about":[{"href":"https:\/\/e.kosmolat.eu\/lt\/wp-json\/wp\/v2\/types\/product"}],"wp:featuredmedia":[{"embeddable":true,"href":"https:\/\/e.kosmolat.eu\/lt\/wp-json\/wp\/v2\/media\/90066"}],"wp:attachment":[{"href":"https:\/\/e.kosmolat.eu\/lt\/wp-json\/wp\/v2\/media?parent=43943"}],"wp:term":[{"taxonomy":"product_cat","embeddable":true,"href":"https:\/\/e.kosmolat.eu\/lt\/wp-json\/wp\/v2\/product_cat?post=43943"},{"taxonomy":"product_tag","embeddable":true,"href":"https:\/\/e.kosmolat.eu\/lt\/wp-json\/wp\/v2\/product_tag?post=43943"}],"curies":[{"name":"wp","href":"https:\/\/api.w.org\/{rel}","templated":true}]}}