{"id":43935,"date":"2024-01-31T13:15:06","date_gmt":"2024-01-31T13:15:06","guid":{"rendered":"https:\/\/e.kosmolat.eu\/product\/bn-kremveida-dusas-zeleja-kokosriekstu-pienins-473-ml\/"},"modified":"2026-04-24T05:28:23","modified_gmt":"2026-04-24T05:28:23","slug":"i_bn-kremveida-dusas-zeleja-kokosriekstu-pienins-473-ml","status":"publish","type":"product","link":"https:\/\/e.kosmolat.eu\/lt\/produktas\/i_bn-kremveida-dusas-zeleja-kokosriekstu-pienins-473-ml\/","title":{"rendered":"BIO NATURELL Kremin\u0117 du\u0161o \u017eel\u0117 Kokos\u0173 pienas, 473 ml"},"content":{"rendered":"<p>Du&scaron;o \u017eel\u0117 Bio Naturell efektyviai ir &scaron;velniai valo od\u0105. Lengvas aromatas tarsi apgaubia k\u016bn\u0105 ir suteikia tikr\u0105 malonum\u0105. Kokos\u0173 ir pieno ekstraktai r\u016bpinasi oda, tod\u0117l ji tampa &scaron;velnesn\u0117 ir aksomin\u0117.&nbsp;<\/p>\n<p><strong>Naudojimas:<\/strong> tepti ant dr\u0117gnos odos, suputoti, nuplauti vandeniu.<\/p>\n<p><strong>Atsargumo priemon\u0117s: <\/strong>galimas padid\u0117j\u0119s individualus jautrumas atskiriems komponentams.<\/p>\n<p>Laikyti nuo +5&deg;C iki +25&deg;C temperat\u016broje.<br \/>\n&nbsp;<\/p>\n","protected":false},"excerpt":{"rendered":"<p>Du&scaron;o \u017eel\u0117 Bio Naturell efektyviai ir &scaron;velniai valo od\u0105. Lengvas aromatas tarsi apgaubia k\u016bn\u0105 ir suteikia tikr\u0105 malonum\u0105. Kokos\u0173 ir pieno ekstraktai r\u016bpinasi oda, tod\u0117l ji tampa &scaron;velnesn\u0117 ir aksomin\u0117.&nbsp; Naudojimas: tepti ant dr\u0117gnos odos, suputoti, nuplauti vandeniu. Atsargumo priemon\u0117s: galimas padid\u0117j\u0119s individualus jautrumas atskiriems komponentams. Laikyti nuo +5&deg;C iki +25&deg;C temperat\u016broje. &nbsp;<\/p>\n","protected":false},"featured_media":90058,"template":"","meta":[],"product_cat":[1282],"product_tag":[],"class_list":{"0":"post-43935","1":"product","2":"type-product","3":"status-publish","4":"has-post-thumbnail","6":"product_brand-elfa_ua-lt","7":"product_cat-duso-geliai-ir-duso-aliejai","9":"first","10":"instock","11":"taxable","12":"shipping-taxable","13":"product-type-simple"},"_links":{"self":[{"href":"https:\/\/e.kosmolat.eu\/lt\/wp-json\/wp\/v2\/product\/43935","targetHints":{"allow":["GET"]}}],"collection":[{"href":"https:\/\/e.kosmolat.eu\/lt\/wp-json\/wp\/v2\/product"}],"about":[{"href":"https:\/\/e.kosmolat.eu\/lt\/wp-json\/wp\/v2\/types\/product"}],"wp:featuredmedia":[{"embeddable":true,"href":"https:\/\/e.kosmolat.eu\/lt\/wp-json\/wp\/v2\/media\/90058"}],"wp:attachment":[{"href":"https:\/\/e.kosmolat.eu\/lt\/wp-json\/wp\/v2\/media?parent=43935"}],"wp:term":[{"taxonomy":"product_cat","embeddable":true,"href":"https:\/\/e.kosmolat.eu\/lt\/wp-json\/wp\/v2\/product_cat?post=43935"},{"taxonomy":"product_tag","embeddable":true,"href":"https:\/\/e.kosmolat.eu\/lt\/wp-json\/wp\/v2\/product_tag?post=43935"}],"curies":[{"name":"wp","href":"https:\/\/api.w.org\/{rel}","templated":true}]}}