{"id":43927,"date":"2024-01-31T13:14:45","date_gmt":"2024-01-31T13:14:45","guid":{"rendered":"https:\/\/e.kosmolat.eu\/product\/%d0%bcaestro-delicate-balt-skidr-saimniec-ziepes-500-ml\/"},"modified":"2025-09-20T02:31:05","modified_gmt":"2025-09-20T02:31:05","slug":"i_%d0%bcaestro-delicate-balt-skidr-saimniec-ziepes-500-ml","status":"publish","type":"product","link":"https:\/\/e.kosmolat.eu\/lt\/produktas\/i_%d0%bcaestro-delicate-balt-skidr-saimniec-ziepes-500-ml\/","title":{"rendered":"I_MAESTRO Delicate Liquid baltas skalbini\u0173 muilas, 500 ml"},"content":{"rendered":"<p>Skalbimui rankomis. &Scaron;lapiam valymui. Ind\u0173 plovimui. Nuvalo visus labai ne&scaron;varius pavir&scaron;ius.<\/p>\n<p><strong>Naudojimas:&nbsp;<\/strong><\/p>\n<ul>\n<li>Vienam skalbimui rankomis: 50 ml produkto (skalbimui kietame vandenyje 100 ml) praskieskite 5 litrais &scaron;ilto vandens, pamirkykite skalbinius ir palikite 10-15 minu\u010di\u0173, po to galite prad\u0117ti skalbti.<\/li>\n<li>Skalbimui ma&scaron;ina: naudokite 50 ml ploviklio (skalbimui kietame vandenyje 100 ml).<\/li>\n<li>&Scaron;lapiam valymui: 50 ml praskieskite 10 litr\u0173 &scaron;ilto vandens.<\/li>\n<li>Ind\u0173 plovimui: u\u017etepkite ant kempin\u0117s, suputokite ir nuplaukite vandeniu.<\/li>\n<\/ul>\n<p>Vienas matavimo dangtelis = 30 ml.<\/p>\n<p>Laikyti nuo +5&deg;C iki +40&deg;C temperat\u016broje, o santykin\u0117 oro dr\u0117gm\u0117 ne didesn\u0117 kaip 75 %.<\/p>\n<p><strong>Geriausias:<\/strong> 24 m\u0117nesiai nuo pagaminimo datos.<\/p>\n<p><strong>Sud\u0117tis:<\/strong> ma\u017eiau kaip, 5 % anijonini\u0173 &nbsp;aktyvi\u0173j\u0173 pavir&scaron;inio med\u017eiagos, ma\u017eiau kaip 5 % &nbsp;nejonini\u0173 &nbsp;aktyvi\u0173j\u0173 pavir&scaron;inio med\u017eiagos, ma\u017eiau kaip 5 % amfoterini\u0173 aktyvi\u0173j\u0173 pavir&scaron;inio med\u017eiagos, ma\u017eiau kaip 5 % muilas, ma\u017eiau kaip 5 % &nbsp;EDTA ir jos drusk\u0173. Kvapai. Konservantas.<br \/>\n&nbsp;<\/p>\n<p><img decoding=\"async\" alt=\"\" src=\"https:\/\/www.scientificlabs.co.uk\/image\/display\/SC250-36\" style=\"height:40px; width:40px\" \/><strong>GHS07 Atsargiai<\/strong><br \/>\nH319 Sukelia smark\u0173 aki\u0173 dirginim\u0105.<br \/>\nP102 Laikyti vaikams neprieinamoje vietoje<br \/>\nP264 Po naudojimo kruop&scaron;\u010diai nuplaukite rankas<br \/>\nP280 M\u016bv\u0117ti apsaugines pir&scaron;tines\/ naudoti aki\u0173 (veido) apsaugos priemones.<br \/>\nP305+P351+P338 Patekus \u012f akis: Kelias minutes atsargiai plauti vandeniu. I&scaron;imti kontaktinius l\u0119&scaron;ius, jeigu jie yra ir jeigu lengvai galima tai padaryti. Toliau plauti akis.<br \/>\nP337+P313 Jei aki\u0173 dirginimas nepraeina: kreiptis \u012f gydytoj\u0105.<br \/>\n&nbsp;<\/p>\n","protected":false},"excerpt":{"rendered":"<p>Skalbimui rankomis. &Scaron;lapiam valymui. Ind\u0173 plovimui. Nuvalo visus labai ne&scaron;varius pavir&scaron;ius. Naudojimas:&nbsp; Vienam skalbimui rankomis: 50 ml produkto (skalbimui kietame vandenyje 100 ml) praskieskite 5 litrais &scaron;ilto vandens, pamirkykite skalbinius ir palikite 10-15 minu\u010di\u0173, po to galite prad\u0117ti skalbti. Skalbimui ma&scaron;ina: naudokite 50 ml ploviklio (skalbimui kietame vandenyje 100 ml). &Scaron;lapiam valymui: 50 ml praskieskite [&#8230;]\n","protected":false},"featured_media":90046,"template":"","meta":[],"product_cat":[1748],"product_tag":[],"class_list":{"0":"post-43927","1":"product","2":"type-product","3":"status-publish","4":"has-post-thumbnail","6":"product_brand-fmt-ua-lt","7":"product_cat-skystas-muilas","9":"first","10":"outofstock","11":"taxable","12":"shipping-taxable","13":"product-type-simple"},"_links":{"self":[{"href":"https:\/\/e.kosmolat.eu\/lt\/wp-json\/wp\/v2\/product\/43927","targetHints":{"allow":["GET"]}}],"collection":[{"href":"https:\/\/e.kosmolat.eu\/lt\/wp-json\/wp\/v2\/product"}],"about":[{"href":"https:\/\/e.kosmolat.eu\/lt\/wp-json\/wp\/v2\/types\/product"}],"wp:featuredmedia":[{"embeddable":true,"href":"https:\/\/e.kosmolat.eu\/lt\/wp-json\/wp\/v2\/media\/90046"}],"wp:attachment":[{"href":"https:\/\/e.kosmolat.eu\/lt\/wp-json\/wp\/v2\/media?parent=43927"}],"wp:term":[{"taxonomy":"product_cat","embeddable":true,"href":"https:\/\/e.kosmolat.eu\/lt\/wp-json\/wp\/v2\/product_cat?post=43927"},{"taxonomy":"product_tag","embeddable":true,"href":"https:\/\/e.kosmolat.eu\/lt\/wp-json\/wp\/v2\/product_tag?post=43927"}],"curies":[{"name":"wp","href":"https:\/\/api.w.org\/{rel}","templated":true}]}}