{"id":43911,"date":"2024-01-31T13:14:09","date_gmt":"2024-01-31T13:14:09","guid":{"rendered":"https:\/\/e.kosmolat.eu\/product\/dermomed-thermal-bio-argan-kerm-losjons-visiem-adas-tip-250-ml\/"},"modified":"2026-04-17T06:29:02","modified_gmt":"2026-04-17T06:29:02","slug":"dermomed-thermal-bio-argan-kerm-losjons-visiem-adas-tip-250-ml","status":"publish","type":"product","link":"https:\/\/e.kosmolat.eu\/lt\/produktas\/dermomed-thermal-bio-argan-kerm-losjons-visiem-adas-tip-250-ml\/","title":{"rendered":"DERMOMED Thermal Bio Argan k\u016bno losjonas vis\u0173 tip\u0173 odai, 250 ml"},"content":{"rendered":"<p>Grynas vanduo i&scaron; senovini\u0173 termini\u0173 &scaron;altini\u0173 daro &scaron;\u012f k\u016bno losjon\u0105 idealiu s\u0105jungininku kovojant su pirmaisiais sen\u0117jimo po\u017eymiais. Puikiai toleruojamas losjonas, kuris palieka od\u0105 lygesn\u0119 ir spindin\u010di\u0105. Sud\u0117tyje yra mineralizuojan\u010dio terminio vandens, provitamino B5 ir argan\u0173 aliejaus.<\/p>\n","protected":false},"excerpt":{"rendered":"<p>Grynas vanduo i&scaron; senovini\u0173 termini\u0173 &scaron;altini\u0173 daro &scaron;\u012f k\u016bno losjon\u0105 idealiu s\u0105jungininku kovojant su pirmaisiais sen\u0117jimo po\u017eymiais. Puikiai toleruojamas losjonas, kuris palieka od\u0105 lygesn\u0119 ir spindin\u010di\u0105. Sud\u0117tyje yra mineralizuojan\u010dio terminio vandens, provitamino B5 ir argan\u0173 aliejaus.<\/p>\n","protected":false},"featured_media":90434,"template":"","meta":[],"product_cat":[2181],"product_tag":[],"class_list":{"0":"post-43911","1":"product","2":"type-product","3":"status-publish","4":"has-post-thumbnail","6":"product_brand-italchimica-it-lt","7":"product_cat-bez-kategorijas-lt","9":"first","10":"outofstock","11":"taxable","12":"shipping-taxable","13":"product-type-simple"},"_links":{"self":[{"href":"https:\/\/e.kosmolat.eu\/lt\/wp-json\/wp\/v2\/product\/43911","targetHints":{"allow":["GET"]}}],"collection":[{"href":"https:\/\/e.kosmolat.eu\/lt\/wp-json\/wp\/v2\/product"}],"about":[{"href":"https:\/\/e.kosmolat.eu\/lt\/wp-json\/wp\/v2\/types\/product"}],"wp:featuredmedia":[{"embeddable":true,"href":"https:\/\/e.kosmolat.eu\/lt\/wp-json\/wp\/v2\/media\/90434"}],"wp:attachment":[{"href":"https:\/\/e.kosmolat.eu\/lt\/wp-json\/wp\/v2\/media?parent=43911"}],"wp:term":[{"taxonomy":"product_cat","embeddable":true,"href":"https:\/\/e.kosmolat.eu\/lt\/wp-json\/wp\/v2\/product_cat?post=43911"},{"taxonomy":"product_tag","embeddable":true,"href":"https:\/\/e.kosmolat.eu\/lt\/wp-json\/wp\/v2\/product_tag?post=43911"}],"curies":[{"name":"wp","href":"https:\/\/api.w.org\/{rel}","templated":true}]}}