{"id":43903,"date":"2024-01-31T13:13:51","date_gmt":"2024-01-31T13:13:51","guid":{"rendered":"https:\/\/e.kosmolat.eu\/product\/dermomed-thermal-barojoss-kerm-losjons-sausai-adai-250-ml\/"},"modified":"2026-04-14T15:59:48","modified_gmt":"2026-04-14T15:59:48","slug":"dermomed-thermal-barojoss-kerm-losjons-sausai-adai-250-ml","status":"publish","type":"product","link":"https:\/\/e.kosmolat.eu\/lt\/produktas\/dermomed-thermal-barojoss-kerm-losjons-sausai-adai-250-ml\/","title":{"rendered":"DERMOMED Thermal Maitinantis k\u016bno losjonas sausai odai, 250 ml"},"content":{"rendered":"<p>Grynas vanduo i&scaron; senov\u0117s termini\u0173 &scaron;altini\u0173 daro &scaron;\u012f k\u016bno losjon\u0105 idealiu s\u0105jung\u0105 kovojant su pirmaisiais sausos ir jautrios odos turis. Puikiai toleruojamas losjonas palieka od\u0105 aksomi&scaron;kesn\u0119. Sud\u0117tyje yra mineralizuojan\u010dio terminio vandens, vitamino E ir s\u0117dmen\u0173 aliejaus.<\/p>\n","protected":false},"excerpt":{"rendered":"<p>Grynas vanduo i&scaron; senov\u0117s termini\u0173 &scaron;altini\u0173 daro &scaron;\u012f k\u016bno losjon\u0105 idealiu s\u0105jung\u0105 kovojant su pirmaisiais sausos ir jautrios odos turis. Puikiai toleruojamas losjonas palieka od\u0105 aksomi&scaron;kesn\u0119. Sud\u0117tyje yra mineralizuojan\u010dio terminio vandens, vitamino E ir s\u0117dmen\u0173 aliejaus.<\/p>\n","protected":false},"featured_media":90430,"template":"","meta":[],"product_cat":[1390],"product_tag":[],"class_list":{"0":"post-43903","1":"product","2":"type-product","3":"status-publish","4":"has-post-thumbnail","6":"product_brand-italchimica-it-lt","7":"product_cat-kremai-aliejai-kuno-pienelis","9":"first","10":"instock","11":"taxable","12":"shipping-taxable","13":"product-type-simple"},"_links":{"self":[{"href":"https:\/\/e.kosmolat.eu\/lt\/wp-json\/wp\/v2\/product\/43903","targetHints":{"allow":["GET"]}}],"collection":[{"href":"https:\/\/e.kosmolat.eu\/lt\/wp-json\/wp\/v2\/product"}],"about":[{"href":"https:\/\/e.kosmolat.eu\/lt\/wp-json\/wp\/v2\/types\/product"}],"wp:featuredmedia":[{"embeddable":true,"href":"https:\/\/e.kosmolat.eu\/lt\/wp-json\/wp\/v2\/media\/90430"}],"wp:attachment":[{"href":"https:\/\/e.kosmolat.eu\/lt\/wp-json\/wp\/v2\/media?parent=43903"}],"wp:term":[{"taxonomy":"product_cat","embeddable":true,"href":"https:\/\/e.kosmolat.eu\/lt\/wp-json\/wp\/v2\/product_cat?post=43903"},{"taxonomy":"product_tag","embeddable":true,"href":"https:\/\/e.kosmolat.eu\/lt\/wp-json\/wp\/v2\/product_tag?post=43903"}],"curies":[{"name":"wp","href":"https:\/\/api.w.org\/{rel}","templated":true}]}}