{"id":43887,"date":"2024-01-31T13:13:12","date_gmt":"2024-01-31T13:13:12","guid":{"rendered":"https:\/\/e.kosmolat.eu\/product\/dermomed-zel-intim-hig-ar-rudzupuk-ekstr-un-provit-b5-250-ml\/"},"modified":"2026-04-01T11:25:10","modified_gmt":"2026-04-01T11:25:10","slug":"dermomed-zel-intim-hig-ar-rudzupuk-ekstr-un-provit-b5-250-ml","status":"publish","type":"product","link":"https:\/\/e.kosmolat.eu\/lt\/produktas\/dermomed-zel-intim-hig-ar-rudzupuk-ekstr-un-provit-b5-250-ml\/","title":{"rendered":"DERMOMED gelis intymiai higienai su rugiag\u0117li\u0173 ekstraktu ir provitaminu B5, 250 ml"},"content":{"rendered":"<p>Su gaivinan\u010diu rugiag\u0117li\u0173 ekstraktu. Mikrobiologi&scaron;kai ir dermatologi&scaron;kai patikrinta.<\/p>\n","protected":false},"excerpt":{"rendered":"<p>Su gaivinan\u010diu rugiag\u0117li\u0173 ekstraktu. Mikrobiologi&scaron;kai ir dermatologi&scaron;kai patikrinta.<\/p>\n","protected":false},"featured_media":90418,"template":"","meta":[],"product_cat":[2181],"product_tag":[],"class_list":{"0":"post-43887","1":"product","2":"type-product","3":"status-publish","4":"has-post-thumbnail","6":"product_brand-italchimica-it-lt","7":"product_cat-bez-kategorijas-lt","9":"first","10":"instock","11":"taxable","12":"shipping-taxable","13":"product-type-simple"},"_links":{"self":[{"href":"https:\/\/e.kosmolat.eu\/lt\/wp-json\/wp\/v2\/product\/43887","targetHints":{"allow":["GET"]}}],"collection":[{"href":"https:\/\/e.kosmolat.eu\/lt\/wp-json\/wp\/v2\/product"}],"about":[{"href":"https:\/\/e.kosmolat.eu\/lt\/wp-json\/wp\/v2\/types\/product"}],"wp:featuredmedia":[{"embeddable":true,"href":"https:\/\/e.kosmolat.eu\/lt\/wp-json\/wp\/v2\/media\/90418"}],"wp:attachment":[{"href":"https:\/\/e.kosmolat.eu\/lt\/wp-json\/wp\/v2\/media?parent=43887"}],"wp:term":[{"taxonomy":"product_cat","embeddable":true,"href":"https:\/\/e.kosmolat.eu\/lt\/wp-json\/wp\/v2\/product_cat?post=43887"},{"taxonomy":"product_tag","embeddable":true,"href":"https:\/\/e.kosmolat.eu\/lt\/wp-json\/wp\/v2\/product_tag?post=43887"}],"curies":[{"name":"wp","href":"https:\/\/api.w.org\/{rel}","templated":true}]}}