{"id":43871,"date":"2024-01-31T13:12:41","date_gmt":"2024-01-31T13:12:41","guid":{"rendered":"https:\/\/e.kosmolat.eu\/product\/dermomed-attiros-putas-rok-un-sej-auglu-un-ziedu-500-ml\/"},"modified":"2026-04-16T13:38:56","modified_gmt":"2026-04-16T13:38:56","slug":"dermomed-attiros-putas-rok-un-sej-auglu-un-ziedu-500-ml","status":"publish","type":"product","link":"https:\/\/e.kosmolat.eu\/lt\/produktas\/dermomed-attiros-putas-rok-un-sej-auglu-un-ziedu-500-ml\/","title":{"rendered":"DERMOMED Valan\u010dios putos rankoms ir veidui Vaisin\u0117s-g\u0117lin\u0117s, 500 ml"},"content":{"rendered":"<p>Su atkuriam\u0173j\u0173 savybi\u0173 turin\u010diais ekologi&scaron;kais vaisi\u0173 ekstraktais ir hialurono r\u016bg&scaron;timi. Dermatologi&scaron;kai patikrinta.<\/p>\n","protected":false},"excerpt":{"rendered":"<p>Su atkuriam\u0173j\u0173 savybi\u0173 turin\u010diais ekologi&scaron;kais vaisi\u0173 ekstraktais ir hialurono r\u016bg&scaron;timi. Dermatologi&scaron;kai patikrinta.<\/p>\n","protected":false},"featured_media":90410,"template":"","meta":[],"product_cat":[1748],"product_tag":[],"class_list":{"0":"post-43871","1":"product","2":"type-product","3":"status-publish","4":"has-post-thumbnail","6":"product_brand-italchimica-it-lt","7":"product_cat-skystas-muilas","9":"first","10":"instock","11":"taxable","12":"shipping-taxable","13":"product-type-simple"},"_links":{"self":[{"href":"https:\/\/e.kosmolat.eu\/lt\/wp-json\/wp\/v2\/product\/43871","targetHints":{"allow":["GET"]}}],"collection":[{"href":"https:\/\/e.kosmolat.eu\/lt\/wp-json\/wp\/v2\/product"}],"about":[{"href":"https:\/\/e.kosmolat.eu\/lt\/wp-json\/wp\/v2\/types\/product"}],"wp:featuredmedia":[{"embeddable":true,"href":"https:\/\/e.kosmolat.eu\/lt\/wp-json\/wp\/v2\/media\/90410"}],"wp:attachment":[{"href":"https:\/\/e.kosmolat.eu\/lt\/wp-json\/wp\/v2\/media?parent=43871"}],"wp:term":[{"taxonomy":"product_cat","embeddable":true,"href":"https:\/\/e.kosmolat.eu\/lt\/wp-json\/wp\/v2\/product_cat?post=43871"},{"taxonomy":"product_tag","embeddable":true,"href":"https:\/\/e.kosmolat.eu\/lt\/wp-json\/wp\/v2\/product_tag?post=43871"}],"curies":[{"name":"wp","href":"https:\/\/api.w.org\/{rel}","templated":true}]}}