{"id":43863,"date":"2024-01-31T13:12:22","date_gmt":"2024-01-31T13:12:22","guid":{"rendered":"https:\/\/e.kosmolat.eu\/product\/dermomed-attiros-putas-rok-un-sej-piens-un-vanila-500-ml\/"},"modified":"2026-04-20T07:59:11","modified_gmt":"2026-04-20T07:59:11","slug":"dermomed-attiros-putas-rok-un-sej-piens-un-vanila-500-ml","status":"publish","type":"product","link":"https:\/\/e.kosmolat.eu\/lt\/produktas\/dermomed-attiros-putas-rok-un-sej-piens-un-vanila-500-ml\/","title":{"rendered":"DERMOMED Valan\u010dios putos rankoms ir veidui Pienas ir vanil\u0117, 500 ml"},"content":{"rendered":"<p>Praturtinta provitaminu B5 ir glicerinu, turi dr\u0117kinan\u010di\u0173 savybi\u0173. Su hialurono r\u016bg&scaron;timi. Dermatologi&scaron;kai patikrinta.<\/p>\n","protected":false},"excerpt":{"rendered":"<p>Praturtinta provitaminu B5 ir glicerinu, turi dr\u0117kinan\u010di\u0173 savybi\u0173. Su hialurono r\u016bg&scaron;timi. Dermatologi&scaron;kai patikrinta.<\/p>\n","protected":false},"featured_media":90406,"template":"","meta":[],"product_cat":[1748],"product_tag":[],"class_list":{"0":"post-43863","1":"product","2":"type-product","3":"status-publish","4":"has-post-thumbnail","6":"product_brand-italchimica-it-lt","7":"product_cat-skystas-muilas","9":"first","10":"instock","11":"taxable","12":"shipping-taxable","13":"product-type-simple"},"_links":{"self":[{"href":"https:\/\/e.kosmolat.eu\/lt\/wp-json\/wp\/v2\/product\/43863","targetHints":{"allow":["GET"]}}],"collection":[{"href":"https:\/\/e.kosmolat.eu\/lt\/wp-json\/wp\/v2\/product"}],"about":[{"href":"https:\/\/e.kosmolat.eu\/lt\/wp-json\/wp\/v2\/types\/product"}],"wp:featuredmedia":[{"embeddable":true,"href":"https:\/\/e.kosmolat.eu\/lt\/wp-json\/wp\/v2\/media\/90406"}],"wp:attachment":[{"href":"https:\/\/e.kosmolat.eu\/lt\/wp-json\/wp\/v2\/media?parent=43863"}],"wp:term":[{"taxonomy":"product_cat","embeddable":true,"href":"https:\/\/e.kosmolat.eu\/lt\/wp-json\/wp\/v2\/product_cat?post=43863"},{"taxonomy":"product_tag","embeddable":true,"href":"https:\/\/e.kosmolat.eu\/lt\/wp-json\/wp\/v2\/product_tag?post=43863"}],"curies":[{"name":"wp","href":"https:\/\/api.w.org\/{rel}","templated":true}]}}