{"id":43847,"date":"2024-01-31T13:11:50","date_gmt":"2024-01-31T13:11:50","guid":{"rendered":"https:\/\/e.kosmolat.eu\/product\/dermomed-skdras-roku-kremziep-iriss-1000-ml\/"},"modified":"2026-04-17T12:43:08","modified_gmt":"2026-04-17T12:43:08","slug":"dermomed-skdras-roku-kremziep-iriss-1000-ml","status":"publish","type":"product","link":"https:\/\/e.kosmolat.eu\/lt\/produktas\/dermomed-skdras-roku-kremziep-iriss-1000-ml\/","title":{"rendered":"DERMOMED Skystas kreminis rank\u0173 muilas Iris, 1000 ml"},"content":{"rendered":"<p>Dermatologi&scaron;kai patikrintas. Suteikia odai malon\u0173 aromat\u0105. Su hialurono r\u016bg&scaron;timi, neutralus pH lygis. Sud \u0117tyje n\u0117ra mikroplastiko.<\/p>\n","protected":false},"excerpt":{"rendered":"<p>Dermatologi&scaron;kai patikrintas. Suteikia odai malon\u0173 aromat\u0105. Su hialurono r\u016bg&scaron;timi, neutralus pH lygis. Sud \u0117tyje n\u0117ra mikroplastiko.<\/p>\n","protected":false},"featured_media":90398,"template":"","meta":[],"product_cat":[1748],"product_tag":[],"class_list":{"0":"post-43847","1":"product","2":"type-product","3":"status-publish","4":"has-post-thumbnail","6":"product_brand-italchimica-it-lt","7":"product_cat-skystas-muilas","9":"first","10":"instock","11":"taxable","12":"shipping-taxable","13":"product-type-simple"},"_links":{"self":[{"href":"https:\/\/e.kosmolat.eu\/lt\/wp-json\/wp\/v2\/product\/43847","targetHints":{"allow":["GET"]}}],"collection":[{"href":"https:\/\/e.kosmolat.eu\/lt\/wp-json\/wp\/v2\/product"}],"about":[{"href":"https:\/\/e.kosmolat.eu\/lt\/wp-json\/wp\/v2\/types\/product"}],"wp:featuredmedia":[{"embeddable":true,"href":"https:\/\/e.kosmolat.eu\/lt\/wp-json\/wp\/v2\/media\/90398"}],"wp:attachment":[{"href":"https:\/\/e.kosmolat.eu\/lt\/wp-json\/wp\/v2\/media?parent=43847"}],"wp:term":[{"taxonomy":"product_cat","embeddable":true,"href":"https:\/\/e.kosmolat.eu\/lt\/wp-json\/wp\/v2\/product_cat?post=43847"},{"taxonomy":"product_tag","embeddable":true,"href":"https:\/\/e.kosmolat.eu\/lt\/wp-json\/wp\/v2\/product_tag?post=43847"}],"curies":[{"name":"wp","href":"https:\/\/api.w.org\/{rel}","templated":true}]}}