{"id":43831,"date":"2024-01-31T13:11:09","date_gmt":"2024-01-31T13:11:09","guid":{"rendered":"https:\/\/e.kosmolat.eu\/product\/cl-sampuns-visai-gimenei-berzu-240-ml\/"},"modified":"2025-09-20T02:52:58","modified_gmt":"2025-09-20T02:52:58","slug":"cl-sampuns-visai-gimenei-berzu-240-ml","status":"publish","type":"product","link":"https:\/\/e.kosmolat.eu\/lt\/produktas\/cl-sampuns-visai-gimenei-berzu-240-ml\/","title":{"rendered":"\u010cISTAJA LINIJA \u0160amp\u016bnas Ber\u017e\u0173, visai \u0161eimai, 240 ml"},"content":{"rendered":"<p>&Scaron;velnuss, valantis pagrindas. Ber\u017eo nuoviras plaukams dr\u0117kinti. Kondicionierius lengvam i&scaron;&scaron;ukavimui.<\/p>\n<p><strong>Naudojimas: <\/strong>paskirstykite ant dr\u0117gn\u0173 plauk\u0173, masa\u017euokite galvos od\u0105 1 minut\u0119, gerai i&scaron;skalaukite. Patekus \u012f akis, kruop&scaron;\u010diai nuplaukite vandeniu. Rekomenduojama vaikams nuo 4 met\u0173.<\/p>\n<p>Tai n\u0117ra vaistinis preparatas.<\/p>\n<p>Laikyti nuo +5&deg;C iki +25&deg;C temperat\u016broje.<br \/>\n&nbsp;<\/p>\n","protected":false},"excerpt":{"rendered":"<p>&Scaron;velnuss, valantis pagrindas. Ber\u017eo nuoviras plaukams dr\u0117kinti. Kondicionierius lengvam i&scaron;&scaron;ukavimui. Naudojimas: paskirstykite ant dr\u0117gn\u0173 plauk\u0173, masa\u017euokite galvos od\u0105 1 minut\u0119, gerai i&scaron;skalaukite. Patekus \u012f akis, kruop&scaron;\u010diai nuplaukite vandeniu. Rekomenduojama vaikams nuo 4 met\u0173. Tai n\u0117ra vaistinis preparatas. Laikyti nuo +5&deg;C iki +25&deg;C temperat\u016broje. &nbsp;<\/p>\n","protected":false},"featured_media":90382,"template":"","meta":[],"product_cat":[1251],"product_tag":[],"class_list":{"0":"post-43831","1":"product","2":"type-product","3":"status-publish","4":"has-post-thumbnail","6":"product_brand-unilever-ua-lt","7":"product_cat-sampunai","9":"first","10":"outofstock","11":"taxable","12":"shipping-taxable","13":"product-type-simple"},"_links":{"self":[{"href":"https:\/\/e.kosmolat.eu\/lt\/wp-json\/wp\/v2\/product\/43831","targetHints":{"allow":["GET"]}}],"collection":[{"href":"https:\/\/e.kosmolat.eu\/lt\/wp-json\/wp\/v2\/product"}],"about":[{"href":"https:\/\/e.kosmolat.eu\/lt\/wp-json\/wp\/v2\/types\/product"}],"wp:featuredmedia":[{"embeddable":true,"href":"https:\/\/e.kosmolat.eu\/lt\/wp-json\/wp\/v2\/media\/90382"}],"wp:attachment":[{"href":"https:\/\/e.kosmolat.eu\/lt\/wp-json\/wp\/v2\/media?parent=43831"}],"wp:term":[{"taxonomy":"product_cat","embeddable":true,"href":"https:\/\/e.kosmolat.eu\/lt\/wp-json\/wp\/v2\/product_cat?post=43831"},{"taxonomy":"product_tag","embeddable":true,"href":"https:\/\/e.kosmolat.eu\/lt\/wp-json\/wp\/v2\/product_tag?post=43831"}],"curies":[{"name":"wp","href":"https:\/\/api.w.org\/{rel}","templated":true}]}}