{"id":43823,"date":"2024-01-31T13:10:50","date_gmt":"2024-01-31T13:10:50","guid":{"rendered":"https:\/\/e.kosmolat.eu\/product\/tresemme-matu-kondic-viena-minute-izlidzinoss-170-ml\/"},"modified":"2025-09-20T02:52:45","modified_gmt":"2025-09-20T02:52:45","slug":"tresemme-matu-kondic-viena-minute-izlidzinoss-170-ml","status":"publish","type":"product","link":"https:\/\/e.kosmolat.eu\/lt\/produktas\/tresemme-matu-kondic-viena-minute-izlidzinoss-170-ml\/","title":{"rendered":"TRESEMME Plauk\u0173 kondicionierius I\u0161lyginimas per minut\u0119, 170 ml"},"content":{"rendered":"<p>I&scaron; karto suteikia plaukams &scaron;velnumo ir \u017evilgesio. Unikali formul\u0117 su Pro-bond kompleksu ir keratinu giliai \u012fsiskverbia \u012f plauko strukt\u016br\u0105, stiprindama ir atkurdama plaukus i&scaron; vidaus.<\/p>\n<p><strong>Naudojimas:<\/strong>&nbsp;tepkite ant dr\u0117gn\u0173, &scaron;vari\u0173 plauk\u0173, palikite 1 minut\u0119, tada nuplaukite vandeniu. Vengti patekimo \u012f akis. Patekus \u012f akis, kruop&scaron;\u010diai nuplaukite vandeniu.<\/p>\n<p>Laikyti nuo +5 &deg;C iki +25 &deg;C temperat\u016broje.<br \/>\n&nbsp;<\/p>\n","protected":false},"excerpt":{"rendered":"<p>I&scaron; karto suteikia plaukams &scaron;velnumo ir \u017evilgesio. Unikali formul\u0117 su Pro-bond kompleksu ir keratinu giliai \u012fsiskverbia \u012f plauko strukt\u016br\u0105, stiprindama ir atkurdama plaukus i&scaron; vidaus. Naudojimas:&nbsp;tepkite ant dr\u0117gn\u0173, &scaron;vari\u0173 plauk\u0173, palikite 1 minut\u0119, tada nuplaukite vandeniu. Vengti patekimo \u012f akis. Patekus \u012f akis, kruop&scaron;\u010diai nuplaukite vandeniu. Laikyti nuo +5 &deg;C iki +25 &deg;C temperat\u016broje. &nbsp;<\/p>\n","protected":false},"featured_media":90378,"template":"","meta":[],"product_cat":[1640],"product_tag":[],"class_list":{"0":"post-43823","1":"product","2":"type-product","3":"status-publish","4":"has-post-thumbnail","6":"product_brand-unilever-ua-lt","7":"product_cat-balzamai","9":"first","10":"outofstock","11":"taxable","12":"shipping-taxable","13":"product-type-simple"},"_links":{"self":[{"href":"https:\/\/e.kosmolat.eu\/lt\/wp-json\/wp\/v2\/product\/43823","targetHints":{"allow":["GET"]}}],"collection":[{"href":"https:\/\/e.kosmolat.eu\/lt\/wp-json\/wp\/v2\/product"}],"about":[{"href":"https:\/\/e.kosmolat.eu\/lt\/wp-json\/wp\/v2\/types\/product"}],"wp:featuredmedia":[{"embeddable":true,"href":"https:\/\/e.kosmolat.eu\/lt\/wp-json\/wp\/v2\/media\/90378"}],"wp:attachment":[{"href":"https:\/\/e.kosmolat.eu\/lt\/wp-json\/wp\/v2\/media?parent=43823"}],"wp:term":[{"taxonomy":"product_cat","embeddable":true,"href":"https:\/\/e.kosmolat.eu\/lt\/wp-json\/wp\/v2\/product_cat?post=43823"},{"taxonomy":"product_tag","embeddable":true,"href":"https:\/\/e.kosmolat.eu\/lt\/wp-json\/wp\/v2\/product_tag?post=43823"}],"curies":[{"name":"wp","href":"https:\/\/api.w.org\/{rel}","templated":true}]}}