{"id":43807,"date":"2024-01-31T13:10:08","date_gmt":"2024-01-31T13:10:08","guid":{"rendered":"https:\/\/e.kosmolat.eu\/product\/sh-kremziep-intensiva-barosana-230-ml\/"},"modified":"2026-03-31T20:22:15","modified_gmt":"2026-03-31T20:22:15","slug":"sh-kremziep-intensiva-barosana-230-ml","status":"publish","type":"product","link":"https:\/\/e.kosmolat.eu\/lt\/produktas\/sh-kremziep-intensiva-barosana-230-ml\/","title":{"rendered":"SILKY HANDS Rank\u0173 muilas-kremas Intensyvus maitinimas, 230 ml"},"content":{"rendered":"<p>Migdol\u0173 aliejaus kreminio muilo formul\u0117 &scaron;velniai valo ir sumink&scaron;tina od\u0105 plaunant rankas. Atitinka nat\u016bral\u0173 odos pH lyg\u012f. Valikliai ir kietas vanduo gali sutrikdyti nat\u016bral\u0173 odos apsaugin\u012f barjer\u0105 plaunant rankas. Muilo formul\u0117 su rank\u0173 kremo ingredientais &scaron;velniai veikia od\u0105, apsaugodama nuo i&scaron;saus\u0117jimo.<\/p>\n<p><strong>Naudojimas:<\/strong> u\u017etepkite nedidel\u012f kiek\u012f muilo ant dr\u0117gnos odos, suputokite, nuplaukite &scaron;iltu vandeniu.<\/p>\n<p>Laikyti nuo +5&deg;C iki +25&deg;C temperat\u016broje.<\/p>\n","protected":false},"excerpt":{"rendered":"<p>Migdol\u0173 aliejaus kreminio muilo formul\u0117 &scaron;velniai valo ir sumink&scaron;tina od\u0105 plaunant rankas. Atitinka nat\u016bral\u0173 odos pH lyg\u012f. Valikliai ir kietas vanduo gali sutrikdyti nat\u016bral\u0173 odos apsaugin\u012f barjer\u0105 plaunant rankas. Muilo formul\u0117 su rank\u0173 kremo ingredientais &scaron;velniai veikia od\u0105, apsaugodama nuo i&scaron;saus\u0117jimo. Naudojimas: u\u017etepkite nedidel\u012f kiek\u012f muilo ant dr\u0117gnos odos, suputokite, nuplaukite &scaron;iltu vandeniu. Laikyti nuo [&#8230;]\n","protected":false},"featured_media":90370,"template":"","meta":[],"product_cat":[1748],"product_tag":[],"class_list":{"0":"post-43807","1":"product","2":"type-product","3":"status-publish","4":"has-post-thumbnail","6":"product_brand-unilever-ua-lt","7":"product_cat-skystas-muilas","9":"first","10":"outofstock","11":"taxable","12":"shipping-taxable","13":"product-type-simple"},"_links":{"self":[{"href":"https:\/\/e.kosmolat.eu\/lt\/wp-json\/wp\/v2\/product\/43807","targetHints":{"allow":["GET"]}}],"collection":[{"href":"https:\/\/e.kosmolat.eu\/lt\/wp-json\/wp\/v2\/product"}],"about":[{"href":"https:\/\/e.kosmolat.eu\/lt\/wp-json\/wp\/v2\/types\/product"}],"wp:featuredmedia":[{"embeddable":true,"href":"https:\/\/e.kosmolat.eu\/lt\/wp-json\/wp\/v2\/media\/90370"}],"wp:attachment":[{"href":"https:\/\/e.kosmolat.eu\/lt\/wp-json\/wp\/v2\/media?parent=43807"}],"wp:term":[{"taxonomy":"product_cat","embeddable":true,"href":"https:\/\/e.kosmolat.eu\/lt\/wp-json\/wp\/v2\/product_cat?post=43807"},{"taxonomy":"product_tag","embeddable":true,"href":"https:\/\/e.kosmolat.eu\/lt\/wp-json\/wp\/v2\/product_tag?post=43807"}],"curies":[{"name":"wp","href":"https:\/\/api.w.org\/{rel}","templated":true}]}}