{"id":43799,"date":"2024-01-31T13:09:50","date_gmt":"2024-01-31T13:09:50","guid":{"rendered":"https:\/\/e.kosmolat.eu\/product\/tresemme-galvas-ad-skrubis-taukainiem-matiem-hydrate-purify-300-ml\/"},"modified":"2025-09-20T02:52:03","modified_gmt":"2025-09-20T02:52:03","slug":"tresemme-galvas-ad-skrubis-taukainiem-matiem-hydrate-purify-300-ml","status":"publish","type":"product","link":"https:\/\/e.kosmolat.eu\/lt\/produktas\/tresemme-galvas-ad-skrubis-taukainiem-matiem-hydrate-purify-300-ml\/","title":{"rendered":"TRESEMME Galvos odos \u0161veitiklis riebiems plaukams Hydrate &#038; Purify, 300 ml"},"content":{"rendered":"<p>Giliai valo ir gaivina galvos od\u0105, pa&scaron;alina nemalon\u0173 na&scaron;tos jausm\u0105. Su hialurono r\u016bg&scaron;timi ir baltuoju moliu.<\/p>\n<p><strong>Naudojimas:<\/strong> prie&scaron; naudodami &scaron;amp\u016bn\u0105 paskirstykite &scaron;veitikl\u012f per vis\u0105 galvos od\u0105 ant dr\u0117gn\u0173 plauk\u0173, &scaron;velniai masa\u017euokite 1 minut\u0119, gerai i&scaron;skalaukite. Po &scaron;veitimo naudokite Tresemme Hydrate &amp; Purify dr\u0117kinam\u0105j\u012f &scaron;amp\u016bn\u0105.<\/p>\n<p>Laikyti nuo +5 &deg;C iki +25 &deg;C temperat\u016broje.<br \/>\n&nbsp;<\/p>\n","protected":false},"excerpt":{"rendered":"<p>Giliai valo ir gaivina galvos od\u0105, pa&scaron;alina nemalon\u0173 na&scaron;tos jausm\u0105. Su hialurono r\u016bg&scaron;timi ir baltuoju moliu. Naudojimas: prie&scaron; naudodami &scaron;amp\u016bn\u0105 paskirstykite &scaron;veitikl\u012f per vis\u0105 galvos od\u0105 ant dr\u0117gn\u0173 plauk\u0173, &scaron;velniai masa\u017euokite 1 minut\u0119, gerai i&scaron;skalaukite. Po &scaron;veitimo naudokite Tresemme Hydrate &amp; Purify dr\u0117kinam\u0105j\u012f &scaron;amp\u016bn\u0105. Laikyti nuo +5 &deg;C iki +25 &deg;C temperat\u016broje. &nbsp;<\/p>\n","protected":false},"featured_media":90366,"template":"","meta":[],"product_cat":[1345],"product_tag":[],"class_list":{"0":"post-43799","1":"product","2":"type-product","3":"status-publish","4":"has-post-thumbnail","6":"product_brand-unilever-ua-lt","7":"product_cat-kitos-plauku-prieziuros-priemones","9":"first","10":"outofstock","11":"taxable","12":"shipping-taxable","13":"product-type-simple"},"_links":{"self":[{"href":"https:\/\/e.kosmolat.eu\/lt\/wp-json\/wp\/v2\/product\/43799","targetHints":{"allow":["GET"]}}],"collection":[{"href":"https:\/\/e.kosmolat.eu\/lt\/wp-json\/wp\/v2\/product"}],"about":[{"href":"https:\/\/e.kosmolat.eu\/lt\/wp-json\/wp\/v2\/types\/product"}],"wp:featuredmedia":[{"embeddable":true,"href":"https:\/\/e.kosmolat.eu\/lt\/wp-json\/wp\/v2\/media\/90366"}],"wp:attachment":[{"href":"https:\/\/e.kosmolat.eu\/lt\/wp-json\/wp\/v2\/media?parent=43799"}],"wp:term":[{"taxonomy":"product_cat","embeddable":true,"href":"https:\/\/e.kosmolat.eu\/lt\/wp-json\/wp\/v2\/product_cat?post=43799"},{"taxonomy":"product_tag","embeddable":true,"href":"https:\/\/e.kosmolat.eu\/lt\/wp-json\/wp\/v2\/product_tag?post=43799"}],"curies":[{"name":"wp","href":"https:\/\/api.w.org\/{rel}","templated":true}]}}