{"id":43751,"date":"2024-01-31T13:07:33","date_gmt":"2024-01-31T13:07:33","guid":{"rendered":"https:\/\/e.kosmolat.eu\/product\/bioworld-sl-zel-pilings-sejas-mazgas-ar-aha-skabem-250-ml\/"},"modified":"2025-09-20T02:50:29","modified_gmt":"2025-09-20T02:50:29","slug":"bioworld-sl-zel-pilings-sejas-mazgas-ar-aha-skabem-250-ml","status":"publish","type":"product","link":"https:\/\/e.kosmolat.eu\/lt\/produktas\/bioworld-sl-zel-pilings-sejas-mazgas-ar-aha-skabem-250-ml\/","title":{"rendered":"BIO WORLD Secret Life Gelis-pilingas prausimuisi su AHA r\u016bg\u0161timis, 250 ml"},"content":{"rendered":"<p>Gelis- pilingas skirtas nuolatinei sausos, senstan\u010dios ir pavargusios odos prie\u017ei\u016brai. Pasi\u017eymi &scaron;velniu &scaron;vei\u010diamuoju, &scaron;viesinamuoju ir tonus\u0105 lyginan\u010diu efektu. Pagerina odos strukt\u016br\u0105 ir padidina epidermio pralaidum\u0105 kosmetin\u0117ms veikliosioms med\u017eiagoms.<\/p>\n<p><strong>NAT\u016aRALI\u0172 R\u016aG&Scaron;\u010cI\u0172 KOMPLEKSAS (glikolio, pieno, obuoli\u0173, salicilo) <\/strong>&ndash; skirtingos molekulin\u0117s mas\u0117s ir fiziologini\u0173 savybi\u0173 augalin\u0117s kilm\u0117s &alpha;- ir &beta;-hidroksi r\u016bg&scaron;\u010di\u0173 derinys. Pasi\u017eymi &scaron;velniu cheminiu odos &scaron;veitimo efektu, i&scaron;laisvina j\u0105 nuo keratinizuot\u0173 l\u0105steli\u0173 sluoksnio ir skatina greit\u0105 regeneracij\u0105, &scaron;viesina pigmentacij\u0105 ir i&scaron;lygina odos spalv\u0105.<br \/>\n<strong>CITRIN\u0172 IR RABARAR\u0172 EKSTRAKTAI<\/strong> pasi\u017eymi lengvu balinamuoju, gaivinan\u010diu ir raminamuoju poveikiu.<\/p>\n<p><strong>Naudojimas:<\/strong> nedidel\u012f kiek\u012f gelio u\u017etepkite ant veido ir dekolt\u0117 srities 2-3 minut\u0117ms, tada nuplaukite vandeniu.<\/p>\n<p><strong>Atsargumo priemon\u0117s:<\/strong> vengti kontakto su akimis ir gleivin\u0117mis.<\/p>\n<p>Laikyti nuo +5 &deg;C iki +25 &deg;C temperat\u016broje.<br \/>\n&nbsp;<\/p>\n","protected":false},"excerpt":{"rendered":"<p>Gelis- pilingas skirtas nuolatinei sausos, senstan\u010dios ir pavargusios odos prie\u017ei\u016brai. Pasi\u017eymi &scaron;velniu &scaron;vei\u010diamuoju, &scaron;viesinamuoju ir tonus\u0105 lyginan\u010diu efektu. Pagerina odos strukt\u016br\u0105 ir padidina epidermio pralaidum\u0105 kosmetin\u0117ms veikliosioms med\u017eiagoms. NAT\u016aRALI\u0172 R\u016aG&Scaron;\u010cI\u0172 KOMPLEKSAS (glikolio, pieno, obuoli\u0173, salicilo) &ndash; skirtingos molekulin\u0117s mas\u0117s ir fiziologini\u0173 savybi\u0173 augalin\u0117s kilm\u0117s &alpha;- ir &beta;-hidroksi r\u016bg&scaron;\u010di\u0173 derinys. Pasi\u017eymi &scaron;velniu cheminiu odos &scaron;veitimo efektu, [&#8230;]\n","protected":false},"featured_media":90342,"template":"","meta":[],"product_cat":[1396],"product_tag":[],"class_list":{"0":"post-43751","1":"product","2":"type-product","3":"status-publish","4":"has-post-thumbnail","6":"product_brand-matbea_sivis_by-lt","7":"product_cat-veido-sveitikliai-ir-pilingai","9":"first","10":"outofstock","11":"taxable","12":"shipping-taxable","13":"product-type-simple"},"_links":{"self":[{"href":"https:\/\/e.kosmolat.eu\/lt\/wp-json\/wp\/v2\/product\/43751","targetHints":{"allow":["GET"]}}],"collection":[{"href":"https:\/\/e.kosmolat.eu\/lt\/wp-json\/wp\/v2\/product"}],"about":[{"href":"https:\/\/e.kosmolat.eu\/lt\/wp-json\/wp\/v2\/types\/product"}],"wp:featuredmedia":[{"embeddable":true,"href":"https:\/\/e.kosmolat.eu\/lt\/wp-json\/wp\/v2\/media\/90342"}],"wp:attachment":[{"href":"https:\/\/e.kosmolat.eu\/lt\/wp-json\/wp\/v2\/media?parent=43751"}],"wp:term":[{"taxonomy":"product_cat","embeddable":true,"href":"https:\/\/e.kosmolat.eu\/lt\/wp-json\/wp\/v2\/product_cat?post=43751"},{"taxonomy":"product_tag","embeddable":true,"href":"https:\/\/e.kosmolat.eu\/lt\/wp-json\/wp\/v2\/product_tag?post=43751"}],"curies":[{"name":"wp","href":"https:\/\/api.w.org\/{rel}","templated":true}]}}