{"id":43735,"date":"2024-01-31T13:06:53","date_gmt":"2024-01-31T13:06:53","guid":{"rendered":"https:\/\/e.kosmolat.eu\/product\/dr-s-bioin-hair-hair-loss-control-matu-maska-300-ml\/"},"modified":"2026-03-31T20:22:00","modified_gmt":"2026-03-31T20:22:00","slug":"i_dr-s-bioin-hair-hair-loss-control-matu-maska-300-ml","status":"publish","type":"product","link":"https:\/\/e.kosmolat.eu\/lt\/produktas\/i_dr-s-bioin-hair-hair-loss-control-matu-maska-300-ml\/","title":{"rendered":"DR.SANTE BIOTIN HAIR Hair Loss Control Plauk\u0173 kauk\u0117, 300 ml"},"content":{"rendered":"<p>BIOTON HAIR Hair Loss Control serija &ndash; vitamin\u0173 terapija plauk\u0173 tankumui ir tvirtumui su biotinu ir provitaminu B5. Dermatologi&scaron;kai patikrintas.<\/p>\n<p><strong>Naudojimas: <\/strong>tepkite ant &scaron;vari\u0173, dr\u0117gn\u0173 plauk\u0173. Palikite 3-5 minutes, tada kruop&scaron;\u010diai nuplaukite. Naudokite 1-2 kartus per savait\u0119.<\/p>\n<p><strong>Atsargumo priemon\u0117s:<\/strong> patekus \u012f akis, praplauti vandeniu.&nbsp;<\/p>\n<p>Laikyti nuo +5 &deg;C iki +25 &deg;C temperat\u016broje.<br \/>\n&nbsp;<\/p>\n","protected":false},"excerpt":{"rendered":"<p>BIOTON HAIR Hair Loss Control serija &ndash; vitamin\u0173 terapija plauk\u0173 tankumui ir tvirtumui su biotinu ir provitaminu B5. Dermatologi&scaron;kai patikrintas. Naudojimas: tepkite ant &scaron;vari\u0173, dr\u0117gn\u0173 plauk\u0173. Palikite 3-5 minutes, tada kruop&scaron;\u010diai nuplaukite. Naudokite 1-2 kartus per savait\u0119. Atsargumo priemon\u0117s: patekus \u012f akis, praplauti vandeniu.&nbsp; Laikyti nuo +5 &deg;C iki +25 &deg;C temperat\u016broje. &nbsp;<\/p>\n","protected":false},"featured_media":90334,"template":"","meta":[],"product_cat":[1256],"product_tag":[],"class_list":{"0":"post-43735","1":"product","2":"type-product","3":"status-publish","4":"has-post-thumbnail","6":"product_brand-elfa_ua-lt","7":"product_cat-plauku-kaukes","9":"first","10":"outofstock","11":"taxable","12":"shipping-taxable","13":"product-type-simple"},"_links":{"self":[{"href":"https:\/\/e.kosmolat.eu\/lt\/wp-json\/wp\/v2\/product\/43735","targetHints":{"allow":["GET"]}}],"collection":[{"href":"https:\/\/e.kosmolat.eu\/lt\/wp-json\/wp\/v2\/product"}],"about":[{"href":"https:\/\/e.kosmolat.eu\/lt\/wp-json\/wp\/v2\/types\/product"}],"wp:featuredmedia":[{"embeddable":true,"href":"https:\/\/e.kosmolat.eu\/lt\/wp-json\/wp\/v2\/media\/90334"}],"wp:attachment":[{"href":"https:\/\/e.kosmolat.eu\/lt\/wp-json\/wp\/v2\/media?parent=43735"}],"wp:term":[{"taxonomy":"product_cat","embeddable":true,"href":"https:\/\/e.kosmolat.eu\/lt\/wp-json\/wp\/v2\/product_cat?post=43735"},{"taxonomy":"product_tag","embeddable":true,"href":"https:\/\/e.kosmolat.eu\/lt\/wp-json\/wp\/v2\/product_tag?post=43735"}],"curies":[{"name":"wp","href":"https:\/\/api.w.org\/{rel}","templated":true}]}}