{"id":43715,"date":"2024-01-31T13:05:47","date_gmt":"2024-01-31T13:05:47","guid":{"rendered":"https:\/\/e.kosmolat.eu\/product\/%d0%bcaestro-delicate-baltas-skidras-saimniecibas-ziepes-1-l\/"},"modified":"2026-04-24T07:30:36","modified_gmt":"2026-04-24T07:30:36","slug":"%d0%bcaestro-delicate-baltas-skidras-saimniecibas-ziepes-1-l","status":"publish","type":"product","link":"https:\/\/e.kosmolat.eu\/lt\/produktas\/%d0%bcaestro-delicate-baltas-skidras-saimniecibas-ziepes-1-l\/","title":{"rendered":"MAESTRO Delicate Liquid baltas skalbini\u0173 muilas, 1 l"},"content":{"rendered":"<p>Skalbimui rankomis. &Scaron;lapiam valymui. Ind\u0173 plovimui. Nuvalo visus labai ne&scaron;varius pavir&scaron;ius.<\/p>\n<p><strong>Naudojimas: <\/strong>vienam skalbimui rankomis: 50 ml produkto (skalbimui kietame vandenyje 100 ml) praskieskite 5 litrais &scaron;ilto vandens, pamirkykite skalbinius ir palikite 10-15 minu\u010di\u0173, po to galite prad\u0117ti skalbti.<br \/>\nSkalbimui ma&scaron;ina: naudokite 50 ml ploviklio (skalbimui kietame vandenyje 100 ml).<br \/>\n&Scaron;lapiam valymui: 50 ml praskieskite 10 litr\u0173 &scaron;ilto vandens.<br \/>\nInd\u0173 plovimui: u\u017etepkite ant kempin\u0117s, suputokite ir nuplaukite vandeniu.<\/p>\n<p>Vienas matavimo dangtelis = 30 ml.<\/p>\n<p><strong>Geriausias: <\/strong>24 m\u0117nesiai nuo pagaminimo datos.<\/p>\n<p><strong>Sud\u0117tis: <\/strong>ma\u017eiau kaip, 5 % anijonini\u0173 &nbsp;aktyvi\u0173j\u0173 pavir&scaron;inio med\u017eiagos, ma\u017eiau kaip 5 % &nbsp;nejonini\u0173 &nbsp;aktyvi\u0173j\u0173 pavir&scaron;inio med\u017eiagos, ma\u017eiau kaip 5 % amfoterini\u0173 aktyvi\u0173j\u0173 pavir&scaron;inio med\u017eiagos, ma\u017eiau kaip 5 % muilas, ma\u017eiau kaip 5 % &nbsp;EDTA ir jos drusk\u0173. Kvapai. Konservantas.<\/p>\n<p>&nbsp;<\/p>\n<p><strong><img decoding=\"async\" alt=\"\" src=\"https:\/\/ec.europa.eu\/taxation_customs\/dds2\/SAMANCTA\/LV\/Safety\/Graphics\/ExclamationMark.gif\" style=\"height:40px; width:40px\" \/>GHS07 Atsargiai<\/strong><br \/>\nH319 Sukelia smark\u0173 aki\u0173 dirginim\u0105.<br \/>\nP102 Laikyti vaikams neprieinamoje vietoje<br \/>\nP264 Po naudojimo kruop&scaron;\u010diai nuplaukite rankas<br \/>\nP280 M\u016bv\u0117ti apsaugines pir&scaron;tines\/ naudoti aki\u0173 (veido) apsaugos priemones.<br \/>\nP305+P351+P338 Patekus \u012f akis: Kelias minutes atsargiai plauti vandeniu. I&scaron;imti kontaktinius l\u0119&scaron;ius, jeigu jie yra ir jeigu lengvai galima tai padaryti. Toliau plauti akis.<br \/>\nP337+P313 Jei aki\u0173 dirginimas nepraeina: kreiptis \u012f gydytoj\u0105.<br \/>\n&nbsp;<\/p>\n","protected":false},"excerpt":{"rendered":"<p>Skalbimui rankomis. &Scaron;lapiam valymui. Ind\u0173 plovimui. Nuvalo visus labai ne&scaron;varius pavir&scaron;ius. Naudojimas: vienam skalbimui rankomis: 50 ml produkto (skalbimui kietame vandenyje 100 ml) praskieskite 5 litrais &scaron;ilto vandens, pamirkykite skalbinius ir palikite 10-15 minu\u010di\u0173, po to galite prad\u0117ti skalbti. Skalbimui ma&scaron;ina: naudokite 50 ml ploviklio (skalbimui kietame vandenyje 100 ml). &Scaron;lapiam valymui: 50 ml praskieskite [&#8230;]\n","protected":false},"featured_media":88822,"template":"","meta":[],"product_cat":[1483],"product_tag":[],"class_list":{"0":"post-43715","1":"product","2":"type-product","3":"status-publish","4":"has-post-thumbnail","6":"product_brand-fmt-ua-lt","7":"product_cat-plovikliai","9":"first","10":"instock","11":"taxable","12":"shipping-taxable","13":"product-type-simple"},"_links":{"self":[{"href":"https:\/\/e.kosmolat.eu\/lt\/wp-json\/wp\/v2\/product\/43715","targetHints":{"allow":["GET"]}}],"collection":[{"href":"https:\/\/e.kosmolat.eu\/lt\/wp-json\/wp\/v2\/product"}],"about":[{"href":"https:\/\/e.kosmolat.eu\/lt\/wp-json\/wp\/v2\/types\/product"}],"wp:featuredmedia":[{"embeddable":true,"href":"https:\/\/e.kosmolat.eu\/lt\/wp-json\/wp\/v2\/media\/88822"}],"wp:attachment":[{"href":"https:\/\/e.kosmolat.eu\/lt\/wp-json\/wp\/v2\/media?parent=43715"}],"wp:term":[{"taxonomy":"product_cat","embeddable":true,"href":"https:\/\/e.kosmolat.eu\/lt\/wp-json\/wp\/v2\/product_cat?post=43715"},{"taxonomy":"product_tag","embeddable":true,"href":"https:\/\/e.kosmolat.eu\/lt\/wp-json\/wp\/v2\/product_tag?post=43715"}],"curies":[{"name":"wp","href":"https:\/\/api.w.org\/{rel}","templated":true}]}}