{"id":43711,"date":"2024-01-31T13:05:29","date_gmt":"2024-01-31T13:05:29","guid":{"rendered":"https:\/\/e.kosmolat.eu\/product\/spkrug-intens-atjaun-acu-kremzeleja-pret-pietukumiem-un-tums-lokiem-40-g\/"},"modified":"2026-04-22T13:56:42","modified_gmt":"2026-04-22T13:56:42","slug":"spkrug-intens-atjaun-acu-kremzeleja-pret-pietukumiem-un-tums-lokiem-40-g","status":"publish","type":"product","link":"https:\/\/e.kosmolat.eu\/lt\/produktas\/spkrug-intens-atjaun-acu-kremzeleja-pret-pietukumiem-un-tums-lokiem-40-g\/","title":{"rendered":"SPASATELNIJ KRUG Intensyvus atgaivinantis paaki\u0173 kremas-gelis nuo patinim\u0173 ir m\u0117lyni\u0173, 40 g"},"content":{"rendered":"<p>Kosmetika, kurios pagrind\u0105 sudaro hialurono ir glikolio r\u016bg&scaron;tys, kofeinas, pantenolis, arnik\u0173 ekstraktas, hamamelis, \u017ealioji arbata, ber\u017e\u0173 ekstraktas, agurkli\u0173 aliejus ir avokadai.<\/p>\n<p><strong>Naudojimas:<\/strong> Tepkite ant &scaron;varios ir sausos odos.<\/p>\n<p>Laikyti v\u0117sioje vietoje nuo +2&deg;C iki +25&deg;C temperat\u016broje.<br \/>\n&nbsp;<\/p>\n","protected":false},"excerpt":{"rendered":"<p>Kosmetika, kurios pagrind\u0105 sudaro hialurono ir glikolio r\u016bg&scaron;tys, kofeinas, pantenolis, arnik\u0173 ekstraktas, hamamelis, \u017ealioji arbata, ber\u017e\u0173 ekstraktas, agurkli\u0173 aliejus ir avokadai. Naudojimas: Tepkite ant &scaron;varios ir sausos odos. Laikyti v\u0117sioje vietoje nuo +2&deg;C iki +25&deg;C temperat\u016broje. &nbsp;<\/p>\n","protected":false},"featured_media":88794,"template":"","meta":[],"product_cat":[2181],"product_tag":[],"class_list":{"0":"post-43711","1":"product","2":"type-product","3":"status-publish","4":"has-post-thumbnail","6":"product_brand-elpis-lt","7":"product_cat-bez-kategorijas-lt","9":"first","10":"instock","11":"taxable","12":"shipping-taxable","13":"product-type-simple"},"_links":{"self":[{"href":"https:\/\/e.kosmolat.eu\/lt\/wp-json\/wp\/v2\/product\/43711","targetHints":{"allow":["GET"]}}],"collection":[{"href":"https:\/\/e.kosmolat.eu\/lt\/wp-json\/wp\/v2\/product"}],"about":[{"href":"https:\/\/e.kosmolat.eu\/lt\/wp-json\/wp\/v2\/types\/product"}],"wp:featuredmedia":[{"embeddable":true,"href":"https:\/\/e.kosmolat.eu\/lt\/wp-json\/wp\/v2\/media\/88794"}],"wp:attachment":[{"href":"https:\/\/e.kosmolat.eu\/lt\/wp-json\/wp\/v2\/media?parent=43711"}],"wp:term":[{"taxonomy":"product_cat","embeddable":true,"href":"https:\/\/e.kosmolat.eu\/lt\/wp-json\/wp\/v2\/product_cat?post=43711"},{"taxonomy":"product_tag","embeddable":true,"href":"https:\/\/e.kosmolat.eu\/lt\/wp-json\/wp\/v2\/product_tag?post=43711"}],"curies":[{"name":"wp","href":"https:\/\/api.w.org\/{rel}","templated":true}]}}