{"id":43703,"date":"2024-01-31T13:05:10","date_gmt":"2024-01-31T13:05:10","guid":{"rendered":"https:\/\/e.kosmolat.eu\/product\/spkrug-multivit-nakts-sej-kr-ar-gliemeza-sekretu-retinolu-un-kolagenu-50-g\/"},"modified":"2026-04-22T09:50:09","modified_gmt":"2026-04-22T09:50:09","slug":"spkrug-multivit-nakts-sej-kr-ar-gliemeza-sekretu-retinolu-un-kolagenu-50-g","status":"publish","type":"product","link":"https:\/\/e.kosmolat.eu\/lt\/produktas\/spkrug-multivit-nakts-sej-kr-ar-gliemeza-sekretu-retinolu-un-kolagenu-50-g\/","title":{"rendered":"SPASATELNIJ KRUG Multivitamininis naktinis veido kremas su sraigi\u0173 sekretu, retinoliu ir kolagenu, 5"},"content":{"rendered":"<p>Veido kosmetika. Veikliosios med\u017eiagos: vitaminai A, E, H, sraigi\u0173 sekretas, hialurono r\u016bg&scaron;tis, avokad\u0173 aliejus, kolagenas.<\/p>\n<p><strong>Naudojimas:<\/strong> Tepkite ant &scaron;varios ir sausos odos.<\/p>\n<p>Laikyti v\u0117sioje vietoje nuo +2&deg;C iki +25&deg;C temperat\u016broje.<br \/>\n&nbsp;<\/p>\n","protected":false},"excerpt":{"rendered":"<p>Veido kosmetika. Veikliosios med\u017eiagos: vitaminai A, E, H, sraigi\u0173 sekretas, hialurono r\u016bg&scaron;tis, avokad\u0173 aliejus, kolagenas. Naudojimas: Tepkite ant &scaron;varios ir sausos odos. Laikyti v\u0117sioje vietoje nuo +2&deg;C iki +25&deg;C temperat\u016broje. &nbsp;<\/p>\n","protected":false},"featured_media":88786,"template":"","meta":[],"product_cat":[2181],"product_tag":[],"class_list":{"0":"post-43703","1":"product","2":"type-product","3":"status-publish","4":"has-post-thumbnail","6":"product_brand-elpis-lt","7":"product_cat-bez-kategorijas-lt","9":"first","10":"instock","11":"taxable","12":"shipping-taxable","13":"product-type-simple"},"_links":{"self":[{"href":"https:\/\/e.kosmolat.eu\/lt\/wp-json\/wp\/v2\/product\/43703","targetHints":{"allow":["GET"]}}],"collection":[{"href":"https:\/\/e.kosmolat.eu\/lt\/wp-json\/wp\/v2\/product"}],"about":[{"href":"https:\/\/e.kosmolat.eu\/lt\/wp-json\/wp\/v2\/types\/product"}],"wp:featuredmedia":[{"embeddable":true,"href":"https:\/\/e.kosmolat.eu\/lt\/wp-json\/wp\/v2\/media\/88786"}],"wp:attachment":[{"href":"https:\/\/e.kosmolat.eu\/lt\/wp-json\/wp\/v2\/media?parent=43703"}],"wp:term":[{"taxonomy":"product_cat","embeddable":true,"href":"https:\/\/e.kosmolat.eu\/lt\/wp-json\/wp\/v2\/product_cat?post=43703"},{"taxonomy":"product_tag","embeddable":true,"href":"https:\/\/e.kosmolat.eu\/lt\/wp-json\/wp\/v2\/product_tag?post=43703"}],"curies":[{"name":"wp","href":"https:\/\/api.w.org\/{rel}","templated":true}]}}