{"id":43695,"date":"2024-01-31T13:04:52","date_gmt":"2024-01-31T13:04:52","guid":{"rendered":"https:\/\/e.kosmolat.eu\/product\/spkrug-krems-balzams-celgaliem-ar-ingveru-kaneli-un-hondroitinu-50-g\/"},"modified":"2026-04-01T12:30:12","modified_gmt":"2026-04-01T12:30:12","slug":"spkrug-krems-balzams-celgaliem-ar-ingveru-kaneli-un-hondroitinu-50-g","status":"publish","type":"product","link":"https:\/\/e.kosmolat.eu\/lt\/produktas\/spkrug-krems-balzams-celgaliem-ar-ingveru-kaneli-un-hondroitinu-50-g\/","title":{"rendered":"SPASATELNIJ KRUG Kremas-balzamas keliams su imbierais, cinamonu ir chondroitinu, 50 g"},"content":{"rendered":"<p>Kosmetikos gaminys su imbierais, cinamonu, arnikomis, chondroitinu, gliukozaminu ir kamparu, skirtas keli\u0173, alk\u016bni\u0173 ir pe\u010di\u0173 s\u0105nari\u0173, rie&scaron;\u0173 masa\u017eui.<\/p>\n<p><strong>Naudojimas:<\/strong> Tepkite ant &scaron;varios ir sausos odos.<\/p>\n<p>Laikyti v\u0117sioje vietoje nuo +2&deg;C iki +25&deg;C temperat\u016broje<br \/>\n&nbsp;<\/p>\n","protected":false},"excerpt":{"rendered":"<p>Kosmetikos gaminys su imbierais, cinamonu, arnikomis, chondroitinu, gliukozaminu ir kamparu, skirtas keli\u0173, alk\u016bni\u0173 ir pe\u010di\u0173 s\u0105nari\u0173, rie&scaron;\u0173 masa\u017eui. Naudojimas: Tepkite ant &scaron;varios ir sausos odos. Laikyti v\u0117sioje vietoje nuo +2&deg;C iki +25&deg;C temperat\u016broje &nbsp;<\/p>\n","protected":false},"featured_media":88774,"template":"","meta":[],"product_cat":[1763],"product_tag":[],"class_list":{"0":"post-43695","1":"product","2":"type-product","3":"status-publish","4":"has-post-thumbnail","6":"product_brand-elpis-lt","7":"product_cat-koju-prieziuros-kosmetika","9":"first","10":"instock","11":"taxable","12":"shipping-taxable","13":"product-type-simple"},"_links":{"self":[{"href":"https:\/\/e.kosmolat.eu\/lt\/wp-json\/wp\/v2\/product\/43695","targetHints":{"allow":["GET"]}}],"collection":[{"href":"https:\/\/e.kosmolat.eu\/lt\/wp-json\/wp\/v2\/product"}],"about":[{"href":"https:\/\/e.kosmolat.eu\/lt\/wp-json\/wp\/v2\/types\/product"}],"wp:featuredmedia":[{"embeddable":true,"href":"https:\/\/e.kosmolat.eu\/lt\/wp-json\/wp\/v2\/media\/88774"}],"wp:attachment":[{"href":"https:\/\/e.kosmolat.eu\/lt\/wp-json\/wp\/v2\/media?parent=43695"}],"wp:term":[{"taxonomy":"product_cat","embeddable":true,"href":"https:\/\/e.kosmolat.eu\/lt\/wp-json\/wp\/v2\/product_cat?post=43695"},{"taxonomy":"product_tag","embeddable":true,"href":"https:\/\/e.kosmolat.eu\/lt\/wp-json\/wp\/v2\/product_tag?post=43695"}],"curies":[{"name":"wp","href":"https:\/\/api.w.org\/{rel}","templated":true}]}}