{"id":43687,"date":"2024-01-31T13:04:32","date_gmt":"2024-01-31T13:04:32","guid":{"rendered":"https:\/\/e.kosmolat.eu\/product\/dd-krems-ar-gliemezu-mucina-ekstraktu-atjaunojoss-30-ml\/"},"modified":"2026-04-01T16:39:05","modified_gmt":"2026-04-01T16:39:05","slug":"dd-krems-ar-gliemezu-mucina-ekstraktu-atjaunojoss-30-ml","status":"publish","type":"product","link":"https:\/\/e.kosmolat.eu\/lt\/produktas\/dd-krems-ar-gliemezu-mucina-ekstraktu-atjaunojoss-30-ml\/","title":{"rendered":"DOMA\u0160NIJ DOKTOR Veido kremas su sraigi\u0173 mucinu Revitalizing, 30 ml"},"content":{"rendered":"<p>Vis\u0173 tip\u0173 odai.<\/p>\n<p><strong>Naudojimas:<\/strong> tepkite ant &scaron;varios odos lengvais judesiais i&scaron;ilgai masa\u017eo linij\u0173.<\/p>\n<p><strong>Atsargumo priemon\u0117s:<\/strong> gali padid\u0117ti individualus jautrumas atskiriems komponentams.<\/p>\n<p><strong>Laikymo s\u0105lygos:<\/strong> temperat\u016broje nuo +5 &deg;\u0421 iki +25 &deg;\u0421.<br \/>\n&nbsp;<\/p>\n","protected":false},"excerpt":{"rendered":"<p>Vis\u0173 tip\u0173 odai. Naudojimas: tepkite ant &scaron;varios odos lengvais judesiais i&scaron;ilgai masa\u017eo linij\u0173. Atsargumo priemon\u0117s: gali padid\u0117ti individualus jautrumas atskiriems komponentams. Laikymo s\u0105lygos: temperat\u016broje nuo +5 &deg;\u0421 iki +25 &deg;\u0421. &nbsp;<\/p>\n","protected":false},"featured_media":88838,"template":"","meta":[],"product_cat":[1322],"product_tag":[],"class_list":{"0":"post-43687","1":"product","2":"type-product","3":"status-publish","4":"has-post-thumbnail","6":"product_brand-elfa_ua-lt","7":"product_cat-veido-kremai","9":"first","10":"instock","11":"taxable","12":"shipping-taxable","13":"product-type-simple"},"_links":{"self":[{"href":"https:\/\/e.kosmolat.eu\/lt\/wp-json\/wp\/v2\/product\/43687","targetHints":{"allow":["GET"]}}],"collection":[{"href":"https:\/\/e.kosmolat.eu\/lt\/wp-json\/wp\/v2\/product"}],"about":[{"href":"https:\/\/e.kosmolat.eu\/lt\/wp-json\/wp\/v2\/types\/product"}],"wp:featuredmedia":[{"embeddable":true,"href":"https:\/\/e.kosmolat.eu\/lt\/wp-json\/wp\/v2\/media\/88838"}],"wp:attachment":[{"href":"https:\/\/e.kosmolat.eu\/lt\/wp-json\/wp\/v2\/media?parent=43687"}],"wp:term":[{"taxonomy":"product_cat","embeddable":true,"href":"https:\/\/e.kosmolat.eu\/lt\/wp-json\/wp\/v2\/product_cat?post=43687"},{"taxonomy":"product_tag","embeddable":true,"href":"https:\/\/e.kosmolat.eu\/lt\/wp-json\/wp\/v2\/product_tag?post=43687"}],"curies":[{"name":"wp","href":"https:\/\/api.w.org\/{rel}","templated":true}]}}