{"id":43683,"date":"2024-01-31T13:04:12","date_gmt":"2024-01-31T13:04:12","guid":{"rendered":"https:\/\/e.kosmolat.eu\/product\/modum-klasika-matu-balzams-dadzu-400-g\/"},"modified":"2025-09-20T01:05:31","modified_gmt":"2025-09-20T01:05:31","slug":"modum-klasika-matu-balzams-dadzu-400-g","status":"publish","type":"product","link":"https:\/\/e.kosmolat.eu\/lt\/produktas\/modum-klasika-matu-balzams-dadzu-400-g\/","title":{"rendered":"MODUM KLASIKA Plauk\u0173 balzamas Varnal\u0117\u0161a, 400 ml"},"content":{"rendered":"<p>Vis\u0173 tip\u0173 plaukams. Balzamas su varnal\u0117&scaron;\u0173 ir vir\u017ei\u0173 ekstrakt\u0173 skirtas pri\u017ei\u016br\u0117ti nusilpusius plaukus, turin\u010dius l\u016b\u017ein\u0117jimo, blankumo, l\u0117to augimo ar slinkimo problem\u0173. Produktas suteikia puiki\u0105 atkuriam\u0105j\u0105 prie\u017ei\u016br\u0105 ir dr\u0117kinim\u0105. Varnal\u0117&scaron;\u0173 ir vir\u017ei\u0173 ekstraktai padeda pagerinti plauk\u0173 strukt\u016br\u0105, stiprina plaukus, pagreitina plauk\u0173 augim\u0105 ir apsaugo nuo plauk\u0173 slinkimo. Panaudojus balzam\u0105 plaukai tampa tank\u016bs ir \u017evilgantys.<\/p>\n<p><strong>Naudojimas:<\/strong> nedidel\u012f kiek\u012f balzamo paskirstykite ant &scaron;vari\u0173, dr\u0117gn\u0173 plauk\u0173. Paskirstykite per vis\u0105 ilg\u012f, palikite 3-5 minutes, nuplaukite &scaron;iek tiek v\u0117siu vandeniu.<\/p>\n<p>Laikyti nuo +5 &deg;C iki +25 &deg;C temperat\u016broje. Nenaudoti pasibaigus galiojimo laikui.<br \/>\n&nbsp;<\/p>\n","protected":false},"excerpt":{"rendered":"<p>Vis\u0173 tip\u0173 plaukams. Balzamas su varnal\u0117&scaron;\u0173 ir vir\u017ei\u0173 ekstrakt\u0173 skirtas pri\u017ei\u016br\u0117ti nusilpusius plaukus, turin\u010dius l\u016b\u017ein\u0117jimo, blankumo, l\u0117to augimo ar slinkimo problem\u0173. Produktas suteikia puiki\u0105 atkuriam\u0105j\u0105 prie\u017ei\u016br\u0105 ir dr\u0117kinim\u0105. Varnal\u0117&scaron;\u0173 ir vir\u017ei\u0173 ekstraktai padeda pagerinti plauk\u0173 strukt\u016br\u0105, stiprina plaukus, pagreitina plauk\u0173 augim\u0105 ir apsaugo nuo plauk\u0173 slinkimo. Panaudojus balzam\u0105 plaukai tampa tank\u016bs ir \u017evilgantys. Naudojimas: nedidel\u012f [&#8230;]\n","protected":false},"featured_media":88626,"template":"","meta":[],"product_cat":[1640],"product_tag":[],"class_list":{"0":"post-43683","1":"product","2":"type-product","3":"status-publish","4":"has-post-thumbnail","6":"product_brand-modum_by-lt","7":"product_cat-balzamai","9":"first","10":"outofstock","11":"taxable","12":"shipping-taxable","13":"product-type-simple"},"_links":{"self":[{"href":"https:\/\/e.kosmolat.eu\/lt\/wp-json\/wp\/v2\/product\/43683","targetHints":{"allow":["GET"]}}],"collection":[{"href":"https:\/\/e.kosmolat.eu\/lt\/wp-json\/wp\/v2\/product"}],"about":[{"href":"https:\/\/e.kosmolat.eu\/lt\/wp-json\/wp\/v2\/types\/product"}],"wp:featuredmedia":[{"embeddable":true,"href":"https:\/\/e.kosmolat.eu\/lt\/wp-json\/wp\/v2\/media\/88626"}],"wp:attachment":[{"href":"https:\/\/e.kosmolat.eu\/lt\/wp-json\/wp\/v2\/media?parent=43683"}],"wp:term":[{"taxonomy":"product_cat","embeddable":true,"href":"https:\/\/e.kosmolat.eu\/lt\/wp-json\/wp\/v2\/product_cat?post=43683"},{"taxonomy":"product_tag","embeddable":true,"href":"https:\/\/e.kosmolat.eu\/lt\/wp-json\/wp\/v2\/product_tag?post=43683"}],"curies":[{"name":"wp","href":"https:\/\/api.w.org\/{rel}","templated":true}]}}