{"id":43671,"date":"2024-01-31T13:03:17","date_gmt":"2024-01-31T13:03:17","guid":{"rendered":"https:\/\/e.kosmolat.eu\/product\/modum-%d0%balasika-matu-balzams-natre-400-ml\/"},"modified":"2025-09-20T01:04:33","modified_gmt":"2025-09-20T01:04:33","slug":"modum-%d0%balasika-matu-balzams-natre-400-ml","status":"publish","type":"product","link":"https:\/\/e.kosmolat.eu\/lt\/produktas\/modum-%d0%balasika-matu-balzams-natre-400-ml\/","title":{"rendered":"MODUM KLASIKA Plauk\u0173 balzamas Dilg\u0117l\u0117, 400 ml"},"content":{"rendered":"<p>Vis\u0173 tip\u0173 plaukams. Balzamas su nat\u016braliais dilg\u0117li\u0173 ir pelyn\u0173 ekstraktais atkuria plonus ir nusilpusius plaukus. Priemon\u0117 gr\u0105\u017eina plaukams prabangi\u0105 apimt\u012f ir spindes\u012f. Dilg\u0117l\u0117 &#8211; augalas, \u017einiomis d\u0117l savo gydom\u0173j\u0173 savybi\u0173, turtingas vitamin\u0173 ir mineral\u0173, turi stiprinan\u010di\u0173 savybi\u0173. Balzamas su dilg\u0117l\u0117mis ir pelynais suteikia plaukams apimties, gaivina blanki\u0105 plauk\u0173 spalv\u0105. Simondsij\u0173 aliejus giliai maitina ir dr\u0117kina plaukus per vis\u0105 ilg\u012f.<\/p>\n<p><strong>Naudojimas: <\/strong>nedidel\u012f kiek\u012f balzamo paskirstykite ant &scaron;vari\u0173, dr\u0117gn\u0173 plauk\u0173. Paskirstykite per vis\u0105 ilg\u012f, palikite 3-5 minutes, nuplaukite &scaron;iek tiek v\u0117siu vandeniu.<\/p>\n<p>Laikyti nuo +5 &deg;C iki +25 &deg;C temperat\u016broje. Nenaudoti pasibaigus galiojimo laikui.<br \/>\n&nbsp;<\/p>\n","protected":false},"excerpt":{"rendered":"<p>Vis\u0173 tip\u0173 plaukams. Balzamas su nat\u016braliais dilg\u0117li\u0173 ir pelyn\u0173 ekstraktais atkuria plonus ir nusilpusius plaukus. Priemon\u0117 gr\u0105\u017eina plaukams prabangi\u0105 apimt\u012f ir spindes\u012f. Dilg\u0117l\u0117 &#8211; augalas, \u017einiomis d\u0117l savo gydom\u0173j\u0173 savybi\u0173, turtingas vitamin\u0173 ir mineral\u0173, turi stiprinan\u010di\u0173 savybi\u0173. Balzamas su dilg\u0117l\u0117mis ir pelynais suteikia plaukams apimties, gaivina blanki\u0105 plauk\u0173 spalv\u0105. Simondsij\u0173 aliejus giliai maitina ir dr\u0117kina [&#8230;]\n","protected":false},"featured_media":88610,"template":"","meta":[],"product_cat":[1640],"product_tag":[],"class_list":{"0":"post-43671","1":"product","2":"type-product","3":"status-publish","4":"has-post-thumbnail","6":"product_brand-modum_by-lt","7":"product_cat-balzamai","9":"first","10":"outofstock","11":"taxable","12":"shipping-taxable","13":"product-type-simple"},"_links":{"self":[{"href":"https:\/\/e.kosmolat.eu\/lt\/wp-json\/wp\/v2\/product\/43671","targetHints":{"allow":["GET"]}}],"collection":[{"href":"https:\/\/e.kosmolat.eu\/lt\/wp-json\/wp\/v2\/product"}],"about":[{"href":"https:\/\/e.kosmolat.eu\/lt\/wp-json\/wp\/v2\/types\/product"}],"wp:featuredmedia":[{"embeddable":true,"href":"https:\/\/e.kosmolat.eu\/lt\/wp-json\/wp\/v2\/media\/88610"}],"wp:attachment":[{"href":"https:\/\/e.kosmolat.eu\/lt\/wp-json\/wp\/v2\/media?parent=43671"}],"wp:term":[{"taxonomy":"product_cat","embeddable":true,"href":"https:\/\/e.kosmolat.eu\/lt\/wp-json\/wp\/v2\/product_cat?post=43671"},{"taxonomy":"product_tag","embeddable":true,"href":"https:\/\/e.kosmolat.eu\/lt\/wp-json\/wp\/v2\/product_tag?post=43671"}],"curies":[{"name":"wp","href":"https:\/\/api.w.org\/{rel}","templated":true}]}}