{"id":43659,"date":"2024-01-31T13:02:43","date_gmt":"2024-01-31T13:02:43","guid":{"rendered":"https:\/\/e.kosmolat.eu\/product\/modum-klasika-natru-sampuns-550-ml\/"},"modified":"2025-09-20T01:04:02","modified_gmt":"2025-09-20T01:04:02","slug":"modum-klasika-natru-sampuns-550-ml","status":"publish","type":"product","link":"https:\/\/e.kosmolat.eu\/lt\/produktas\/modum-klasika-natru-sampuns-550-ml\/","title":{"rendered":"MODUM KLASIKA \u0160amp\u016bnas Dilg\u0117l\u0117, 550 ml"},"content":{"rendered":"<p>Vis\u0173 tip\u0173 plaukams. &Scaron;amp\u016bnas su nat\u016braliais dilg\u0117li\u0173 ir pelyn\u0173 ekstraktais kruop&scaron;\u010diai pa&scaron;alina plauk\u0173 ne&scaron;varumus ir galvos odos riebalus. Dilg\u0117li\u0173 ekstrakte yra daug vitamin\u0173 ir mineral\u0173, jis turi raminan\u010di\u0173 ir balansuojan\u010di\u0173 savybi\u0173, &scaron;velniai stimuliuoja galvos od\u0105 ir stiprina plaukus. Dilg\u0117li\u0173 ir pelyn\u0173 &scaron;amp\u016bnas suteikia plaukams apimties, atgaivina pablukusias spalvos sruogas, o po plovimo jau\u010diamas gaivus ir gaivinantis poveikis.<\/p>\n<p><strong>Naudojimas:<\/strong> u\u017etepkite &scaron;amp\u016bn\u0105 ant dr\u0117gn\u0173 plauk\u0173. Lengvais masa\u017euojamaisiais judesiais suputokite prie &scaron;akn\u0173 ir per vis\u0105 plauk\u0173 ilg\u012f. Nuplaukite vandeniu. Jei reikia, pakartokite proced\u016br\u0105.<\/p>\n<p>Laikyti nuo +5 &deg;C iki +25 &deg;C temperat\u016broje. Nenaudoti pasibaigus galiojimo laikui.<br \/>\n&nbsp;<\/p>\n","protected":false},"excerpt":{"rendered":"<p>Vis\u0173 tip\u0173 plaukams. &Scaron;amp\u016bnas su nat\u016braliais dilg\u0117li\u0173 ir pelyn\u0173 ekstraktais kruop&scaron;\u010diai pa&scaron;alina plauk\u0173 ne&scaron;varumus ir galvos odos riebalus. Dilg\u0117li\u0173 ekstrakte yra daug vitamin\u0173 ir mineral\u0173, jis turi raminan\u010di\u0173 ir balansuojan\u010di\u0173 savybi\u0173, &scaron;velniai stimuliuoja galvos od\u0105 ir stiprina plaukus. Dilg\u0117li\u0173 ir pelyn\u0173 &scaron;amp\u016bnas suteikia plaukams apimties, atgaivina pablukusias spalvos sruogas, o po plovimo jau\u010diamas gaivus ir [&#8230;]\n","protected":false},"featured_media":88602,"template":"","meta":[],"product_cat":[1251],"product_tag":[],"class_list":{"0":"post-43659","1":"product","2":"type-product","3":"status-publish","4":"has-post-thumbnail","6":"product_brand-modum_by-lt","7":"product_cat-sampunai","9":"first","10":"outofstock","11":"taxable","12":"shipping-taxable","13":"product-type-simple"},"_links":{"self":[{"href":"https:\/\/e.kosmolat.eu\/lt\/wp-json\/wp\/v2\/product\/43659","targetHints":{"allow":["GET"]}}],"collection":[{"href":"https:\/\/e.kosmolat.eu\/lt\/wp-json\/wp\/v2\/product"}],"about":[{"href":"https:\/\/e.kosmolat.eu\/lt\/wp-json\/wp\/v2\/types\/product"}],"wp:featuredmedia":[{"embeddable":true,"href":"https:\/\/e.kosmolat.eu\/lt\/wp-json\/wp\/v2\/media\/88602"}],"wp:attachment":[{"href":"https:\/\/e.kosmolat.eu\/lt\/wp-json\/wp\/v2\/media?parent=43659"}],"wp:term":[{"taxonomy":"product_cat","embeddable":true,"href":"https:\/\/e.kosmolat.eu\/lt\/wp-json\/wp\/v2\/product_cat?post=43659"},{"taxonomy":"product_tag","embeddable":true,"href":"https:\/\/e.kosmolat.eu\/lt\/wp-json\/wp\/v2\/product_tag?post=43659"}],"curies":[{"name":"wp","href":"https:\/\/api.w.org\/{rel}","templated":true}]}}