{"id":43651,"date":"2024-01-31T13:02:25","date_gmt":"2024-01-31T13:02:25","guid":{"rendered":"https:\/\/e.kosmolat.eu\/product\/modum-klasika-darvas-sampuns-550-ml\/"},"modified":"2025-09-20T01:03:41","modified_gmt":"2025-09-20T01:03:41","slug":"modum-klasika-darvas-sampuns-550-ml","status":"publish","type":"product","link":"https:\/\/e.kosmolat.eu\/lt\/produktas\/modum-klasika-darvas-sampuns-550-ml\/","title":{"rendered":"MODUM KLASIKA \u0160amp\u016bnas Degutas, 550 ml"},"content":{"rendered":"<p>Vis\u0173 tip\u0173 plaukams. &Scaron;amp\u016bnas, kurio sud\u0117tyje yra ber\u017e\u0173 deguto ir pantenolio, &scaron;velniai r\u016bpinasi bet kokio tipo galvos oda, reguliuoja riebalini\u0173 liauk\u0173 veikl\u0105, leid\u017eia atsikratyti riebalavimosi, ramina ir pa&scaron;alina diskomforto jausm\u0105, kur\u012f sukelia odos pleiskanojimas. Atkuriamosios ber\u017e\u0173 deguto savyb\u0117s teigiamai veikia plauk\u0173 b\u016bkl\u0119. Derva apsaugo nuo plauk\u0173 slinkimo, skatina plauk\u0173 augim\u0105 stimuliuodama plauk\u0173 folikulus, suteikia plaukams blizgesio ir apimties.<\/p>\n<p><strong>Naudojimas: <\/strong>u\u017etepkite &scaron;amp\u016bn\u0105 ant dr\u0117gn\u0173 plauk\u0173. Lengvais masa\u017euojamaisiais judesiais suputokite prie &scaron;akn\u0173 ir per vis\u0105 plauk\u0173 ilg\u012f. Nuplaukite vandeniu. Jei reikia, pakartokite proced\u016br\u0105.<\/p>\n<p>Laikyti nuo +5 &deg;C iki +25 &deg;C temperat\u016broje. Nenaudoti pasibaigus galiojimo laikui.<br \/>\n&nbsp;<\/p>\n","protected":false},"excerpt":{"rendered":"<p>Vis\u0173 tip\u0173 plaukams. &Scaron;amp\u016bnas, kurio sud\u0117tyje yra ber\u017e\u0173 deguto ir pantenolio, &scaron;velniai r\u016bpinasi bet kokio tipo galvos oda, reguliuoja riebalini\u0173 liauk\u0173 veikl\u0105, leid\u017eia atsikratyti riebalavimosi, ramina ir pa&scaron;alina diskomforto jausm\u0105, kur\u012f sukelia odos pleiskanojimas. Atkuriamosios ber\u017e\u0173 deguto savyb\u0117s teigiamai veikia plauk\u0173 b\u016bkl\u0119. Derva apsaugo nuo plauk\u0173 slinkimo, skatina plauk\u0173 augim\u0105 stimuliuodama plauk\u0173 folikulus, suteikia plaukams [&#8230;]\n","protected":false},"featured_media":88598,"template":"","meta":[],"product_cat":[1251],"product_tag":[],"class_list":{"0":"post-43651","1":"product","2":"type-product","3":"status-publish","4":"has-post-thumbnail","6":"product_brand-modum_by-lt","7":"product_cat-sampunai","9":"first","10":"outofstock","11":"taxable","12":"shipping-taxable","13":"product-type-simple"},"_links":{"self":[{"href":"https:\/\/e.kosmolat.eu\/lt\/wp-json\/wp\/v2\/product\/43651","targetHints":{"allow":["GET"]}}],"collection":[{"href":"https:\/\/e.kosmolat.eu\/lt\/wp-json\/wp\/v2\/product"}],"about":[{"href":"https:\/\/e.kosmolat.eu\/lt\/wp-json\/wp\/v2\/types\/product"}],"wp:featuredmedia":[{"embeddable":true,"href":"https:\/\/e.kosmolat.eu\/lt\/wp-json\/wp\/v2\/media\/88598"}],"wp:attachment":[{"href":"https:\/\/e.kosmolat.eu\/lt\/wp-json\/wp\/v2\/media?parent=43651"}],"wp:term":[{"taxonomy":"product_cat","embeddable":true,"href":"https:\/\/e.kosmolat.eu\/lt\/wp-json\/wp\/v2\/product_cat?post=43651"},{"taxonomy":"product_tag","embeddable":true,"href":"https:\/\/e.kosmolat.eu\/lt\/wp-json\/wp\/v2\/product_tag?post=43651"}],"curies":[{"name":"wp","href":"https:\/\/api.w.org\/{rel}","templated":true}]}}