{"id":43639,"date":"2024-01-31T13:01:35","date_gmt":"2024-01-31T13:01:35","guid":{"rendered":"https:\/\/e.kosmolat.eu\/product\/klasika-gimenes-zobu-pasta-150-g\/"},"modified":"2025-09-20T01:02:20","modified_gmt":"2025-09-20T01:02:20","slug":"klasika-gimenes-zobu-pasta-150-g","status":"publish","type":"product","link":"https:\/\/e.kosmolat.eu\/lt\/produktas\/klasika-gimenes-zobu-pasta-150-g\/","title":{"rendered":"KLASIKA Dant\u0173 pasta Visai \u0161eimai, 150 g"},"content":{"rendered":"<p>Dant\u0173 pasta visai &scaron;eimai su nat\u016brali\u0173 egli\u0173 ir m\u0117t\u0173 eterini\u0173 aliej\u0173 kompleksu efektyviai &scaron;alina apna&scaron;as ir u\u017etikrina patikim\u0105 danten\u0173 apsaug\u0105. Dezodoruoja burn\u0105.<\/p>\n<p>&#8211; Egli\u0173 aliejus turi prie&scaron;u\u017edegimini\u0173 ir antioksidacini\u0173 savybi\u0173. Teigiamas poveikis burnos gleivinei.<br \/>\n&#8211; Pipirm\u0117\u010di\u0173 aliejus turi tonizuojant\u012f poveik\u012f, kuris padeda i&scaron;laikyti sveikus dantis ir dantenas. Ilg\u0105 laik\u0105 gaivina burn\u0105.<\/p>\n<p><strong>Naudojimas: <\/strong>valykite dantis 2-3 minutes du kartus per dien\u0105.<\/p>\n<p>Laikyti nuo 0 &deg;C iki +25 &deg;C temperat\u016broje.<br \/>\n&nbsp;<\/p>\n","protected":false},"excerpt":{"rendered":"<p>Dant\u0173 pasta visai &scaron;eimai su nat\u016brali\u0173 egli\u0173 ir m\u0117t\u0173 eterini\u0173 aliej\u0173 kompleksu efektyviai &scaron;alina apna&scaron;as ir u\u017etikrina patikim\u0105 danten\u0173 apsaug\u0105. Dezodoruoja burn\u0105. &#8211; Egli\u0173 aliejus turi prie&scaron;u\u017edegimini\u0173 ir antioksidacini\u0173 savybi\u0173. Teigiamas poveikis burnos gleivinei. &#8211; Pipirm\u0117\u010di\u0173 aliejus turi tonizuojant\u012f poveik\u012f, kuris padeda i&scaron;laikyti sveikus dantis ir dantenas. Ilg\u0105 laik\u0105 gaivina burn\u0105. Naudojimas: valykite dantis 2-3 [&#8230;]\n","protected":false},"featured_media":88574,"template":"","meta":[],"product_cat":[1308],"product_tag":[],"class_list":{"0":"post-43639","1":"product","2":"type-product","3":"status-publish","4":"has-post-thumbnail","6":"product_brand-modum_by-lt","7":"product_cat-dantu-pastos-ir-geliai","9":"first","10":"outofstock","11":"taxable","12":"shipping-taxable","13":"product-type-simple"},"_links":{"self":[{"href":"https:\/\/e.kosmolat.eu\/lt\/wp-json\/wp\/v2\/product\/43639","targetHints":{"allow":["GET"]}}],"collection":[{"href":"https:\/\/e.kosmolat.eu\/lt\/wp-json\/wp\/v2\/product"}],"about":[{"href":"https:\/\/e.kosmolat.eu\/lt\/wp-json\/wp\/v2\/types\/product"}],"wp:featuredmedia":[{"embeddable":true,"href":"https:\/\/e.kosmolat.eu\/lt\/wp-json\/wp\/v2\/media\/88574"}],"wp:attachment":[{"href":"https:\/\/e.kosmolat.eu\/lt\/wp-json\/wp\/v2\/media?parent=43639"}],"wp:term":[{"taxonomy":"product_cat","embeddable":true,"href":"https:\/\/e.kosmolat.eu\/lt\/wp-json\/wp\/v2\/product_cat?post=43639"},{"taxonomy":"product_tag","embeddable":true,"href":"https:\/\/e.kosmolat.eu\/lt\/wp-json\/wp\/v2\/product_tag?post=43639"}],"curies":[{"name":"wp","href":"https:\/\/api.w.org\/{rel}","templated":true}]}}