{"id":43631,"date":"2024-01-31T13:00:54","date_gmt":"2024-01-31T13:00:54","guid":{"rendered":"https:\/\/e.kosmolat.eu\/product\/cl-pienins-makijazas-nonems-jebkura-tipa-adai-100-ml\/"},"modified":"2025-09-20T01:01:11","modified_gmt":"2025-09-20T01:01:11","slug":"cl-pienins-makijazas-nonems-jebkura-tipa-adai-100-ml","status":"publish","type":"product","link":"https:\/\/e.kosmolat.eu\/lt\/produktas\/cl-pienins-makijazas-nonems-jebkura-tipa-adai-100-ml\/","title":{"rendered":"\u010cISTAJA LINIJA Pienelis makia\u017eo valymui bet kokiai odai  vaistini\u0173 \u017eoleli\u0173 nuoviro pagrindu, 100 ml"},"content":{"rendered":"<p>Makia\u017eo valymo pienelis su brukni\u0173 ekstraktu vis\u0173 tip\u0173 odai. Mityba ir elastingumas.&nbsp;Brukni\u0173 ekstraktas apsaugo nuo odos elastingumo praradimo.<\/p>\n<p><strong>Naudojimas: <\/strong>U\u017etepkite pienelio ant vatos diskelio ir &scaron;velniai nuvalykite od\u0105. Nereikia nuplauti. Tai n\u0117ra vaistinis preparatas. N\u0117ra maisto produktas.&nbsp;<br \/>\n&nbsp;<\/p>\n","protected":false},"excerpt":{"rendered":"<p>Makia\u017eo valymo pienelis su brukni\u0173 ekstraktu vis\u0173 tip\u0173 odai. Mityba ir elastingumas.&nbsp;Brukni\u0173 ekstraktas apsaugo nuo odos elastingumo praradimo. Naudojimas: U\u017etepkite pienelio ant vatos diskelio ir &scaron;velniai nuvalykite od\u0105. Nereikia nuplauti. Tai n\u0117ra vaistinis preparatas. N\u0117ra maisto produktas.&nbsp; &nbsp;<\/p>\n","protected":false},"featured_media":88554,"template":"","meta":[],"product_cat":[1574],"product_tag":[],"class_list":{"0":"post-43631","1":"product","2":"type-product","3":"status-publish","4":"has-post-thumbnail","6":"product_brand-unilever-ua-lt","7":"product_cat-pieneliai-ir-aliejai","9":"first","10":"outofstock","11":"taxable","12":"shipping-taxable","13":"product-type-simple"},"_links":{"self":[{"href":"https:\/\/e.kosmolat.eu\/lt\/wp-json\/wp\/v2\/product\/43631","targetHints":{"allow":["GET"]}}],"collection":[{"href":"https:\/\/e.kosmolat.eu\/lt\/wp-json\/wp\/v2\/product"}],"about":[{"href":"https:\/\/e.kosmolat.eu\/lt\/wp-json\/wp\/v2\/types\/product"}],"wp:featuredmedia":[{"embeddable":true,"href":"https:\/\/e.kosmolat.eu\/lt\/wp-json\/wp\/v2\/media\/88554"}],"wp:attachment":[{"href":"https:\/\/e.kosmolat.eu\/lt\/wp-json\/wp\/v2\/media?parent=43631"}],"wp:term":[{"taxonomy":"product_cat","embeddable":true,"href":"https:\/\/e.kosmolat.eu\/lt\/wp-json\/wp\/v2\/product_cat?post=43631"},{"taxonomy":"product_tag","embeddable":true,"href":"https:\/\/e.kosmolat.eu\/lt\/wp-json\/wp\/v2\/product_tag?post=43631"}],"curies":[{"name":"wp","href":"https:\/\/api.w.org\/{rel}","templated":true}]}}