{"id":43623,"date":"2024-01-31T13:00:28","date_gmt":"2024-01-31T13:00:28","guid":{"rendered":"https:\/\/e.kosmolat.eu\/product\/cl-losjons-toniks-saus-jut-adai-rozlapinas-100-ml\/"},"modified":"2025-09-20T01:00:57","modified_gmt":"2025-09-20T01:00:57","slug":"cl-losjons-toniks-saus-jut-adai-rozlapinas-100-ml","status":"publish","type":"product","link":"https:\/\/e.kosmolat.eu\/lt\/produktas\/cl-losjons-toniks-saus-jut-adai-rozlapinas-100-ml\/","title":{"rendered":"\u010cISTAJA LINIJA Losjonas-tonikas sausai ir jautriai odai vaista\u017eoli\u0173 nuoviro pagrindu Ro\u017ei\u0173 \u017eiedlapia"},"content":{"rendered":"<p>Nature Plus &#8211; 5 ekstraktai ir aliejai: verben\u0173 , bij\u016bn\u0173 ekstraktai, migdol\u0173, lin\u0173, alyvuogi\u0173 aliejai. Ro\u017ei\u0173 ekstraktas ramina od\u0105, tod\u0117l ji atrodo lygi ir sveika.<\/p>\n<p><strong>Naudojimas:<\/strong> u\u017etepkite losjon\u0105-tonik\u0105 ant vatos diskelio ir nuvalykite veid\u0105 bei kakl\u0105 i&scaron;ilgai masa\u017eo linij\u0173.<\/p>\n<p>Tai n\u0117ra vaistinis preparatas. D\u0117l nat\u016brali\u0173 ingredient\u0173 kiekio gali atsirasti nedideli\u0173 nuos\u0117d\u0173. Tai neturi \u012ftakos gaminio kokybei ir saugai. Prie&scaron; naudojim\u0105 rekomenduojame buteliuk\u0105 pakratyti.<br \/>\n&nbsp;<\/p>\n","protected":false},"excerpt":{"rendered":"<p>Nature Plus &#8211; 5 ekstraktai ir aliejai: verben\u0173 , bij\u016bn\u0173 ekstraktai, migdol\u0173, lin\u0173, alyvuogi\u0173 aliejai. Ro\u017ei\u0173 ekstraktas ramina od\u0105, tod\u0117l ji atrodo lygi ir sveika. Naudojimas: u\u017etepkite losjon\u0105-tonik\u0105 ant vatos diskelio ir nuvalykite veid\u0105 bei kakl\u0105 i&scaron;ilgai masa\u017eo linij\u0173. Tai n\u0117ra vaistinis preparatas. D\u0117l nat\u016brali\u0173 ingredient\u0173 kiekio gali atsirasti nedideli\u0173 nuos\u0117d\u0173. Tai neturi \u012ftakos gaminio [&#8230;]\n","protected":false},"featured_media":88550,"template":"","meta":[],"product_cat":[1580],"product_tag":[],"class_list":{"0":"post-43623","1":"product","2":"type-product","3":"status-publish","4":"has-post-thumbnail","6":"product_brand-unilever-ua-lt","7":"product_cat-losjonai-ir-tonikai","9":"first","10":"outofstock","11":"taxable","12":"shipping-taxable","13":"product-type-simple"},"_links":{"self":[{"href":"https:\/\/e.kosmolat.eu\/lt\/wp-json\/wp\/v2\/product\/43623","targetHints":{"allow":["GET"]}}],"collection":[{"href":"https:\/\/e.kosmolat.eu\/lt\/wp-json\/wp\/v2\/product"}],"about":[{"href":"https:\/\/e.kosmolat.eu\/lt\/wp-json\/wp\/v2\/types\/product"}],"wp:featuredmedia":[{"embeddable":true,"href":"https:\/\/e.kosmolat.eu\/lt\/wp-json\/wp\/v2\/media\/88550"}],"wp:attachment":[{"href":"https:\/\/e.kosmolat.eu\/lt\/wp-json\/wp\/v2\/media?parent=43623"}],"wp:term":[{"taxonomy":"product_cat","embeddable":true,"href":"https:\/\/e.kosmolat.eu\/lt\/wp-json\/wp\/v2\/product_cat?post=43623"},{"taxonomy":"product_tag","embeddable":true,"href":"https:\/\/e.kosmolat.eu\/lt\/wp-json\/wp\/v2\/product_tag?post=43623"}],"curies":[{"name":"wp","href":"https:\/\/api.w.org\/{rel}","templated":true}]}}