{"id":43619,"date":"2024-01-31T12:59:59","date_gmt":"2024-01-31T12:59:59","guid":{"rendered":"https:\/\/e.kosmolat.eu\/product\/forte-vita-ton-balzams-3-22-ultraviolets-150-ml\/"},"modified":"2026-04-01T07:53:16","modified_gmt":"2026-04-01T07:53:16","slug":"forte-vita-ton-balzams-3-22-ultraviolets-150-ml","status":"publish","type":"product","link":"https:\/\/e.kosmolat.eu\/lt\/produktas\/forte-vita-ton-balzams-3-22-ultraviolets-150-ml\/","title":{"rendered":"FORTE VITA Tonuojantis  balzamas 3,22 Ultraviolet, 150 ml"},"content":{"rendered":"<p>&Scaron;viesiems ir &scaron;viesiems plaukams. Be amoniako. Suteikia plaukams gyvybing\u0105 spalv\u0105, pripildyt\u0105 spindin\u010dio blizgesio. Sud\u0117tyje yra keratino, argano aliejaus, avokado, suteikia laminavimo efekt\u0105.<\/p>\n<p><strong>Naudojimo b\u016bdas:<\/strong> M\u016bv\u0117kite apsaugines pir&scaron;tines, saugokite drabu\u017eius. Tepkite balzam\u0105 ant &scaron;vari\u0173, dr\u0117gn\u0173 plauk\u0173 ir paskirstykite per vis\u0105 ilg\u012f.<\/p>\n<p><strong>Ekspozicijos laikas:<\/strong> &scaron;viesiam atspalviui &#8211; nuo 1 iki 5 minu\u010di\u0173, labiau prisotintam &#8211; iki 20 minu\u010di\u0173. Po kurio laiko kruop&scaron;\u010diai i&scaron;skalaukite plaukus &scaron;iltu vandeniu, kol jie taps skaidr\u016bs.<\/p>\n<p><strong>Atsargumo priemon\u0117s: <\/strong>Gali sukelti alergin\u0119 reakcij\u0105. Perskaitykite ir vykdykite instrukcijas. Produktas n\u0117ra skirtas naudoti jaunesniems nei 16 met\u0173 asmenims. Laikina &bdquo;juodosios chna&ldquo; tatuiruot\u0117 gali padidinti alergijos rizik\u0105. Atlikite alergijos test\u0105 24 valandas prie&scaron; naudojim\u0105. Nor\u0117dami tai padaryti, u\u017etepkite nedidel\u012f kiek\u012f tonizuojan\u010dio balzamo ant alk\u016bn\u0117s vidin\u0117s dalies odos arba u\u017e ausies. Nuplaukite po 30 minu\u010di\u0173. Jei per 24 valandas oda neparaudo, galite prad\u0117ti da\u017eyti plaukus.<\/p>\n<p><strong>Nenaudokite tonuojan\u010dio balzamo, jei:<\/strong><br \/>\n&bull; turite b\u0117rim\u0105 ant veido, jautri, sudirgusi ar pa\u017eeista galvos oda;<br \/>\n&bull; anks\u010diau pasirei&scaron;k\u0117 alergin\u0117 reakcija po plauk\u0173 da\u017eymo;<br \/>\n&bull; &nbsp;anks\u010diau buvo pasirei&scaron;kusi alergin\u0117 reakcija \u012f laikin\u0105 tatuiruot\u0119 su juoda chna.<\/p>\n<p>Venkite tonuojan\u010dio balzamo patekimo \u012f akis. Patekus, nedelsiant nuplaukite &scaron;variu vandeniu. Nenaudokite antakiams ir blakstienoms da\u017eyti. Laikyti vaikams nepasiekiamoje vietoje.<\/p>\n<p><strong>Laikymo s\u0105lygos:<\/strong> laikyti nuo +5 &ordm;C iki +25 &ordm;C temperat\u016broje, be tiesiogini\u0173 saul\u0117s spinduli\u0173, ne ma\u017eesniu kaip 0,5 m atstumu nuo &scaron;ildymo prietais\u0173.<br \/>\n&nbsp;<\/p>\n","protected":false},"excerpt":{"rendered":"<p>&Scaron;viesiems ir &scaron;viesiems plaukams. Be amoniako. Suteikia plaukams gyvybing\u0105 spalv\u0105, pripildyt\u0105 spindin\u010dio blizgesio. Sud\u0117tyje yra keratino, argano aliejaus, avokado, suteikia laminavimo efekt\u0105. Naudojimo b\u016bdas: M\u016bv\u0117kite apsaugines pir&scaron;tines, saugokite drabu\u017eius. Tepkite balzam\u0105 ant &scaron;vari\u0173, dr\u0117gn\u0173 plauk\u0173 ir paskirstykite per vis\u0105 ilg\u012f. Ekspozicijos laikas: &scaron;viesiam atspalviui &#8211; nuo 1 iki 5 minu\u010di\u0173, labiau prisotintam &#8211; iki 20 [&#8230;]\n","protected":false},"featured_media":88546,"template":"","meta":[],"product_cat":[1299],"product_tag":[],"class_list":{"0":"post-43619","1":"product","2":"type-product","3":"status-publish","4":"has-post-thumbnail","6":"product_brand-supermash_ua-lt","7":"product_cat-tonizuojancios-priemones-plaukams","9":"first","10":"outofstock","11":"taxable","12":"shipping-taxable","13":"product-type-simple"},"_links":{"self":[{"href":"https:\/\/e.kosmolat.eu\/lt\/wp-json\/wp\/v2\/product\/43619","targetHints":{"allow":["GET"]}}],"collection":[{"href":"https:\/\/e.kosmolat.eu\/lt\/wp-json\/wp\/v2\/product"}],"about":[{"href":"https:\/\/e.kosmolat.eu\/lt\/wp-json\/wp\/v2\/types\/product"}],"wp:featuredmedia":[{"embeddable":true,"href":"https:\/\/e.kosmolat.eu\/lt\/wp-json\/wp\/v2\/media\/88546"}],"wp:attachment":[{"href":"https:\/\/e.kosmolat.eu\/lt\/wp-json\/wp\/v2\/media?parent=43619"}],"wp:term":[{"taxonomy":"product_cat","embeddable":true,"href":"https:\/\/e.kosmolat.eu\/lt\/wp-json\/wp\/v2\/product_cat?post=43619"},{"taxonomy":"product_tag","embeddable":true,"href":"https:\/\/e.kosmolat.eu\/lt\/wp-json\/wp\/v2\/product_tag?post=43619"}],"curies":[{"name":"wp","href":"https:\/\/api.w.org\/{rel}","templated":true}]}}