{"id":43607,"date":"2024-01-31T12:58:59","date_gmt":"2024-01-31T12:58:59","guid":{"rendered":"https:\/\/e.kosmolat.eu\/product\/bioworld-goji-fit-atjaunojoss-krems-pilings-kajam-75-ml\/"},"modified":"2026-01-16T10:41:11","modified_gmt":"2026-01-16T10:41:11","slug":"i_bioworld-goji-fit-atjaunojoss-krems-pilings-kajam-75-ml","status":"publish","type":"product","link":"https:\/\/e.kosmolat.eu\/lt\/produktas\/i_bioworld-goji-fit-atjaunojoss-krems-pilings-kajam-75-ml\/","title":{"rendered":"BIO WORLD Goji Fit Kremas pilingas kojoms atjauninantis, 75 ml"},"content":{"rendered":"<p>&Scaron;vei\u010diamasis p\u0117d\u0173 kremas pad\u0117s susidoroti su keratinizuotu odos sluoksniu, &scaron;velniai j\u012f pa&scaron;alindamas. Tinka nuolatiniam naudojimui.<\/p>\n<ul>\n<li>Goji uog\u0173 ekstraktas aktyvina savaiminio gijimo mechanizmus p\u0117d\u0173 odos l\u0105stel\u0117se, daro j\u0105 elasting\u0105 ir atkuria lipid\u0173 barjer\u0105.<\/li>\n<li>Beauplex VH, sudarytas i&scaron; vitamin\u0173 E, C, B3, B5 ir B6, gali apsaugoti ir atkurti net sausiausi\u0105 p\u0117d\u0173 od\u0105.<\/li>\n<li>AHA r\u016bg&scaron;\u010di\u0173 kompleksas &scaron;velniai pa&scaron;alina negyvas odos daleles, suteikdamas odai glotnumo. Apsaugo nuo i&scaron;saus\u0117jimo ir odos i&scaron;saus\u0117jimo.<\/li>\n<li>Sidabro citratas turi antibakterin\u012f poveik\u012f.<\/li>\n<\/ul>\n<p><strong>Naudojimas: <\/strong>tepkite p\u0117das kremu-pilingu, tolygiai paskirstykite ir palikite 10-15 minu\u010di\u0173, tada nuplaukite &scaron;iltu vandeniu.<br \/>\n&nbsp;<\/p>\n","protected":false},"excerpt":{"rendered":"<p>&Scaron;vei\u010diamasis p\u0117d\u0173 kremas pad\u0117s susidoroti su keratinizuotu odos sluoksniu, &scaron;velniai j\u012f pa&scaron;alindamas. Tinka nuolatiniam naudojimui. Goji uog\u0173 ekstraktas aktyvina savaiminio gijimo mechanizmus p\u0117d\u0173 odos l\u0105stel\u0117se, daro j\u0105 elasting\u0105 ir atkuria lipid\u0173 barjer\u0105. Beauplex VH, sudarytas i&scaron; vitamin\u0173 E, C, B3, B5 ir B6, gali apsaugoti ir atkurti net sausiausi\u0105 p\u0117d\u0173 od\u0105. AHA r\u016bg&scaron;\u010di\u0173 kompleksas &scaron;velniai [&#8230;]\n","protected":false},"featured_media":88442,"template":"","meta":[],"product_cat":[1763],"product_tag":[],"class_list":{"0":"post-43607","1":"product","2":"type-product","3":"status-publish","4":"has-post-thumbnail","6":"product_brand-matbea_sivis_by-lt","7":"product_cat-koju-prieziuros-kosmetika","9":"first","10":"outofstock","11":"taxable","12":"shipping-taxable","13":"product-type-simple"},"_links":{"self":[{"href":"https:\/\/e.kosmolat.eu\/lt\/wp-json\/wp\/v2\/product\/43607","targetHints":{"allow":["GET"]}}],"collection":[{"href":"https:\/\/e.kosmolat.eu\/lt\/wp-json\/wp\/v2\/product"}],"about":[{"href":"https:\/\/e.kosmolat.eu\/lt\/wp-json\/wp\/v2\/types\/product"}],"wp:featuredmedia":[{"embeddable":true,"href":"https:\/\/e.kosmolat.eu\/lt\/wp-json\/wp\/v2\/media\/88442"}],"wp:attachment":[{"href":"https:\/\/e.kosmolat.eu\/lt\/wp-json\/wp\/v2\/media?parent=43607"}],"wp:term":[{"taxonomy":"product_cat","embeddable":true,"href":"https:\/\/e.kosmolat.eu\/lt\/wp-json\/wp\/v2\/product_cat?post=43607"},{"taxonomy":"product_tag","embeddable":true,"href":"https:\/\/e.kosmolat.eu\/lt\/wp-json\/wp\/v2\/product_tag?post=43607"}],"curies":[{"name":"wp","href":"https:\/\/api.w.org\/{rel}","templated":true}]}}