{"id":43599,"date":"2024-01-31T12:58:23","date_gmt":"2024-01-31T12:58:23","guid":{"rendered":"https:\/\/e.kosmolat.eu\/product\/dr-sante-banana-hair-smooth-relax-sampuns-1-l\/"},"modified":"2025-09-20T00:51:09","modified_gmt":"2025-09-20T00:51:09","slug":"i_dr-sante-banana-hair-smooth-relax-sampuns-1-l","status":"publish","type":"product","link":"https:\/\/e.kosmolat.eu\/lt\/produktas\/i_dr-sante-banana-hair-smooth-relax-sampuns-1-l\/","title":{"rendered":"I_DR.SANTE Banana Hair Smooth Relax \u0160amp\u016bnas, 1 l"},"content":{"rendered":"<p>Dr.Sante Banana Hair Smooth Relax &ndash; tai unikalus vertingo maistini\u0173 med\u017eiag\u0173 &scaron;altinio, kurio efektyvumas \u012frodytas, derinys &ndash; banan\u0173 sultys, murumuru aliejus ir atkuriamieji mikroelementai, kurie aktyviai pri\u017ei\u016bri plaukus ir galvos od\u0105. Ne\u012ftik\u0117tinai vertingas itin lengvos tekst\u016bros vaisi\u0173 rinkinys ir rekordinis mikroelement\u0173 kiekis, skirtas plauk\u0173 prie\u017ei\u016brai, siekiant &scaron;velnumo ir glotnumo.<\/p>\n<p><strong>Naudojimas:<\/strong> paskirstykite ant dr\u0117gn\u0173 plauk\u0173, suputokite, nuplaukite vandeniu.<\/p>\n<p><strong>Atsargumo priemon\u0117s:<\/strong> Patekus \u012f akis, praplauti vandeniu.<br \/>\n&nbsp;<\/p>\n","protected":false},"excerpt":{"rendered":"<p>Dr.Sante Banana Hair Smooth Relax &ndash; tai unikalus vertingo maistini\u0173 med\u017eiag\u0173 &scaron;altinio, kurio efektyvumas \u012frodytas, derinys &ndash; banan\u0173 sultys, murumuru aliejus ir atkuriamieji mikroelementai, kurie aktyviai pri\u017ei\u016bri plaukus ir galvos od\u0105. Ne\u012ftik\u0117tinai vertingas itin lengvos tekst\u016bros vaisi\u0173 rinkinys ir rekordinis mikroelement\u0173 kiekis, skirtas plauk\u0173 prie\u017ei\u016brai, siekiant &scaron;velnumo ir glotnumo. Naudojimas: paskirstykite ant dr\u0117gn\u0173 plauk\u0173, suputokite, [&#8230;]\n","protected":false},"featured_media":78172,"template":"","meta":[],"product_cat":[1251],"product_tag":[],"class_list":{"0":"post-43599","1":"product","2":"type-product","3":"status-publish","4":"has-post-thumbnail","6":"product_brand-elfa_ua-lt","7":"product_cat-sampunai","9":"first","10":"outofstock","11":"taxable","12":"shipping-taxable","13":"product-type-simple"},"_links":{"self":[{"href":"https:\/\/e.kosmolat.eu\/lt\/wp-json\/wp\/v2\/product\/43599","targetHints":{"allow":["GET"]}}],"collection":[{"href":"https:\/\/e.kosmolat.eu\/lt\/wp-json\/wp\/v2\/product"}],"about":[{"href":"https:\/\/e.kosmolat.eu\/lt\/wp-json\/wp\/v2\/types\/product"}],"wp:featuredmedia":[{"embeddable":true,"href":"https:\/\/e.kosmolat.eu\/lt\/wp-json\/wp\/v2\/media\/78172"}],"wp:attachment":[{"href":"https:\/\/e.kosmolat.eu\/lt\/wp-json\/wp\/v2\/media?parent=43599"}],"wp:term":[{"taxonomy":"product_cat","embeddable":true,"href":"https:\/\/e.kosmolat.eu\/lt\/wp-json\/wp\/v2\/product_cat?post=43599"},{"taxonomy":"product_tag","embeddable":true,"href":"https:\/\/e.kosmolat.eu\/lt\/wp-json\/wp\/v2\/product_tag?post=43599"}],"curies":[{"name":"wp","href":"https:\/\/api.w.org\/{rel}","templated":true}]}}