{"id":43595,"date":"2024-01-31T12:58:02","date_gmt":"2024-01-31T12:58:02","guid":{"rendered":"https:\/\/e.kosmolat.eu\/product\/viorica-greipfruta-eteriska-ella-10-ml\/"},"modified":"2026-04-11T18:41:30","modified_gmt":"2026-04-11T18:41:30","slug":"viorica-greipfruta-eteriska-ella-10-ml","status":"publish","type":"product","link":"https:\/\/e.kosmolat.eu\/lt\/produktas\/viorica-greipfruta-eteriska-ella-10-ml\/","title":{"rendered":"VIORICA Greipfrut\u0173 eterinis aliejus, 10 ml"},"content":{"rendered":"<p><strong>Naudojimas:<\/strong><\/p>\n<ul>\n<li><strong>Masa\u017eo proced\u016br\u0173 metu: <\/strong>1-2 la&scaron;ai 10 ml masa\u017eo aliejaus.<\/li>\n<li><strong>Oro aromatizavimui:<\/strong> \u012f aromatin\u0117s lempos vanden\u012f \u012fla&scaron;inkite 4-6 la&scaron;us eterinio aliejaus (15 m2 patalpos).<\/li>\n<\/ul>\n<p>Laikyti sandariai u\u017edarytame buteliuke nuo +5 &deg;C iki +25 &deg;C temperat\u016broje. Nelaikykite tiesioginiuose saul\u0117s spinduliuose.<\/p>\n<p><strong>Sud\u0117tis(INCI):&nbsp;<\/strong>Citrus Paradisi Peel Oil.<\/p>\n<p>&nbsp;<\/p>\n<p><strong><img decoding=\"async\" alt=\"\" src=\"file:\/\/\/C:\/Users\/masha\/Desktop\/GHS%2002.jpg\" style=\"height:40px; width:40px\" \/>GHS02&nbsp;<img decoding=\"async\" alt=\"\" src=\"file:\/\/\/C:\/Users\/masha\/Desktop\/GHS09.jpg\" style=\"height:40px; width:40px\" \/>GHS09&nbsp;<img decoding=\"async\" alt=\"\" src=\"file:\/\/\/C:\/Users\/masha\/Desktop\/GHS07.png\" style=\"height:40px; width:40px\" \/>GHS07&nbsp;<img decoding=\"async\" alt=\"\" src=\"file:\/\/\/C:\/Users\/masha\/Desktop\/GHS%2008.jpg\" style=\"height:40px; width:40px\" \/>GHS08 Pavojinga<\/strong><\/p>\n<p>H226 Deg\u016bs skystis ir garai.<br \/>\nH304 Prarijus ir patekus \u012f kv\u0117pavimo takus, gali sukelti mirt\u012f.<br \/>\nH315 Dirgina od\u0105<br \/>\nH317 Gali sukelti alergin\u0119 odos reakcij\u0105.<br \/>\nH319 Sukelia smark\u0173 aki\u0173 dirginim\u0105.<br \/>\nH410 Labai toksi&scaron;ka vandens organizmams, sukelia ilgalaikius pakitimus.<\/p>\n<p>P102 Laikyti vaikams neprieinamoje vietoje<br \/>\nP210 Laikyti atokiau nuo &scaron;ilumos &scaron;altini\u0173, kar&scaron;t\u0173 pavir&scaron;i\u0173, \u017eie\u017eirb\u0173, atviros liepsnos arba kit\u0173 degimo &scaron;altini\u0173. Ner\u016bkyti.<br \/>\nP261 Stengtis ne\u012fkv\u0117pti gar\u0173.<br \/>\nP273 Saugoti, kad nepatekt\u0173 \u012f aplink\u0105.<br \/>\nP301+P310 Prarijus: nedelsiant skambinti \u012f apsinuodijim\u0173 kontrol\u0117s ir informacijos biur\u0105\/kreiptis \u012f gydytoj\u0105.<br \/>\nP331 Neskatinti v\u0117mimo.<br \/>\nP302+P352 Patekus ant odos: Nuplauti dideliu kiekiu muilo ir vandens<br \/>\nP333+P313 Jeigu sudirginama oda arba j\u0105 i&scaron;beria: kreiptis \u012f gydytoj\u0105.<br \/>\nP305+P351+P338 Patekus \u012f akis: Kelias minutes atsargiai plauti vandeniu. I&scaron;imti kontaktinius l\u0119&scaron;ius, jeigu jie yra ir jeigu lengvai galima tai padaryti. Toliau plauti akis.<br \/>\nP337+P313 Jei aki\u0173 dirginimas nepraeina: kreiptis \u012f gydytoj\u0105.<br \/>\nP405 Laikyti u\u017erakint\u0105.<br \/>\n&nbsp;<\/p>\n","protected":false},"excerpt":{"rendered":"<p>Naudojimas: Masa\u017eo proced\u016br\u0173 metu: 1-2 la&scaron;ai 10 ml masa\u017eo aliejaus. Oro aromatizavimui: \u012f aromatin\u0117s lempos vanden\u012f \u012fla&scaron;inkite 4-6 la&scaron;us eterinio aliejaus (15 m2 patalpos). Laikyti sandariai u\u017edarytame buteliuke nuo +5 &deg;C iki +25 &deg;C temperat\u016broje. Nelaikykite tiesioginiuose saul\u0117s spinduliuose. Sud\u0117tis(INCI):&nbsp;Citrus Paradisi Peel Oil. &nbsp; GHS02&nbsp;GHS09&nbsp;GHS07&nbsp;GHS08 Pavojinga H226 Deg\u016bs skystis ir garai. H304 Prarijus ir patekus [&#8230;]\n","protected":false},"featured_media":88334,"template":"","meta":[],"product_cat":[1621],"product_tag":[],"class_list":{"0":"post-43595","1":"product","2":"type-product","3":"status-publish","4":"has-post-thumbnail","6":"product_brand-viorica-cosmeplant_bg-lt","7":"product_cat-aliejai","9":"first","10":"outofstock","11":"taxable","12":"shipping-taxable","13":"product-type-simple"},"_links":{"self":[{"href":"https:\/\/e.kosmolat.eu\/lt\/wp-json\/wp\/v2\/product\/43595","targetHints":{"allow":["GET"]}}],"collection":[{"href":"https:\/\/e.kosmolat.eu\/lt\/wp-json\/wp\/v2\/product"}],"about":[{"href":"https:\/\/e.kosmolat.eu\/lt\/wp-json\/wp\/v2\/types\/product"}],"wp:featuredmedia":[{"embeddable":true,"href":"https:\/\/e.kosmolat.eu\/lt\/wp-json\/wp\/v2\/media\/88334"}],"wp:attachment":[{"href":"https:\/\/e.kosmolat.eu\/lt\/wp-json\/wp\/v2\/media?parent=43595"}],"wp:term":[{"taxonomy":"product_cat","embeddable":true,"href":"https:\/\/e.kosmolat.eu\/lt\/wp-json\/wp\/v2\/product_cat?post=43595"},{"taxonomy":"product_tag","embeddable":true,"href":"https:\/\/e.kosmolat.eu\/lt\/wp-json\/wp\/v2\/product_tag?post=43595"}],"curies":[{"name":"wp","href":"https:\/\/api.w.org\/{rel}","templated":true}]}}